{"id":257051,"date":"2026-01-10T22:52:10","date_gmt":"2026-01-10T19:52:10","guid":{"rendered":"https:\/\/baldumarket.lt\/product\/remi-rm14-polka-wiszaca-dab-evoke\/"},"modified":"2026-02-11T18:30:29","modified_gmt":"2026-02-11T15:30:29","slug":"remi-rm14-polka-wiszaca-dab-evoke","status":"publish","type":"product","link":"https:\/\/baldumarket.lt\/lt\/product\/remi-rm14-polka-wiszaca-dab-evoke\/","title":{"rendered":"REMI RM14 EVOKE \u0104\u017dUOLIN\u0116 PAKABINAMA LENTYNA"},"content":{"rendered":"<p>REMI RM14 lentyna puikiai tinka bet kuriam svetainei, valgomajam ar poilsio kambariui. Ji suteikia daug vietos knygoms, papuo\u0161alams, g\u0117l\u0117ms ir nuotraukoms. Pakabinam\u0173 lentyn\u0173 privalumas \u2013 lengva prieiga prie ant j\u0173 laikom\u0173 daikt\u0173. D\u0117l i\u0161skirtinio ir patrauklaus dizaino ji puikiai tinka bet kur. Kolekcijai b\u016bdinga minimalistin\u0117 i\u0161vaizda ir funkcionalumas. Lentyna idealiai tinka vir\u0161 komodos RM03, derinama su kitais REMI serijos baldais arba kaip atskiras baldas, kur\u012f galima pritaikyti prie j\u016bs\u0173 kambario interjero dizaino.<\/p>\n<p>Plotis 137 cm Gylis 21,5 cm Auk\u0161tis 22 cm Gaminio svoris su pakuote 6,8 kg Gamintojo kodas \/ simbolis RM14 Kolekcijos pavadinimas REMI Gaminio pakuo\u010di\u0173 skai\u010dius 1 Stilius Moderni \u012franga Surinkimo instrukcijos \/ surinkimo priedai Surinkimas Savaranki\u0161kam surinkimui<\/p>","protected":false},"excerpt":{"rendered":"<p>REMI RM14 lentyna puikiai tinka bet kuriai svetainei, valgomajam ar poilsio kambariui. Ji suteikia daug vietos knygoms, papuo\u0161alams, g\u0117l\u0117ms ir nuotraukoms. Pakabinam\u0173 lentyn\u0173 privalumas \u2013 lengva prieiga prie jose laikom\u0173 daikt\u0173. D\u0117l i\u0161skirtinio ir patrauklaus dizaino ji puikiai tinka bet kur. Kolekcijai b\u016bdingas [\u2026]<\/p>","protected":false},"featured_media":254812,"comment_status":"open","ping_status":"open","template":"","meta":[],"product_brand":[],"product_cat":[1174,2457],"product_tag":[],"class_list":{"0":"post-257051","1":"product","2":"type-product","3":"status-publish","4":"has-post-thumbnail","6":"product_cat-hanging-shelves","7":"product_cat-liveo","9":"first","10":"instock","11":"purchasable","12":"product-type-simple"},"_links":{"self":[{"href":"https:\/\/baldumarket.lt\/lt\/wp-json\/wp\/v2\/product\/257051","targetHints":{"allow":["GET"]}}],"collection":[{"href":"https:\/\/baldumarket.lt\/lt\/wp-json\/wp\/v2\/product"}],"about":[{"href":"https:\/\/baldumarket.lt\/lt\/wp-json\/wp\/v2\/types\/product"}],"replies":[{"embeddable":true,"href":"https:\/\/baldumarket.lt\/lt\/wp-json\/wp\/v2\/comments?post=257051"}],"wp:featuredmedia":[{"embeddable":true,"href":"https:\/\/baldumarket.lt\/lt\/wp-json\/wp\/v2\/media\/254812"}],"wp:attachment":[{"href":"https:\/\/baldumarket.lt\/lt\/wp-json\/wp\/v2\/media?parent=257051"}],"wp:term":[{"taxonomy":"product_brand","embeddable":true,"href":"https:\/\/baldumarket.lt\/lt\/wp-json\/wp\/v2\/product_brand?post=257051"},{"taxonomy":"product_cat","embeddable":true,"href":"https:\/\/baldumarket.lt\/lt\/wp-json\/wp\/v2\/product_cat?post=257051"},{"taxonomy":"product_tag","embeddable":true,"href":"https:\/\/baldumarket.lt\/lt\/wp-json\/wp\/v2\/product_tag?post=257051"}],"curies":[{"name":"wp","href":"https:\/\/api.w.org\/{rel}","templated":true}]}}