{"id":257030,"date":"2026-01-10T22:51:56","date_gmt":"2026-01-10T19:51:56","guid":{"rendered":"https:\/\/baldumarket.lt\/product\/remi-rm13-polka-wiszaca-dab-evoke\/"},"modified":"2026-02-11T18:30:29","modified_gmt":"2026-02-11T15:30:29","slug":"remi-rm13-polka-wiszaca-dab-evoke","status":"publish","type":"product","link":"https:\/\/baldumarket.lt\/lt\/product\/remi-rm13-polka-wiszaca-dab-evoke\/","title":{"rendered":"REMI RM13 EVOKE \u0104\u017dUOLIN\u0116 PAKABINAMA LENTYNA"},"content":{"rendered":"<p>REMI RM13 lentyna puikiai tinka svetainei, valgomajam ar poilsio kambariui. Minimalistinis dizainas suteikia plat\u0173 individuali\u0173 dizaino variant\u0173 pasirinkim\u0105. 107,5 cm plo\u010dio lentyna neu\u017eima daug vietos. Kolekcijai b\u016bdinga minimalistin\u0117 i\u0161vaizda ir funkcionalumas. Lentyna puikiai dera vir\u0161 komodos RM06, derinama su kitais REMI serijos baldais arba kaip atskiras baldas, prisitaikantis prie j\u016bs\u0173 kambario interjero dizaino.<\/p>\n<p>Plotis 107,5 cm Gylis 21,5 cm Auk\u0161tis 22 cm Gaminio svoris su pakuote 5,4 kg Gamintojo kodas \/ simbolis RM13 Kolekcijos pavadinimas REMI Gaminio pakuo\u010di\u0173 skai\u010dius 1 Stilius Moderni \u012franga Surinkimo instrukcijos \/ surinkimo priedai Surinkimas Savaranki\u0161kam surinkimui<\/p>","protected":false},"excerpt":{"rendered":"<p>REMI RM13 lentyna puikiai tinka svetainei, valgomajam ar poilsio kambariui. Minimalistinis dizainas suteikia plat\u0173 individuali\u0173 dizaino variant\u0173 pasirinkim\u0105. B\u016bdama 107,5 cm ilgio, ji neu\u017eima daug vietos. Kolekcijai b\u016bdinga minimalistin\u0117 i\u0161vaizda ir funkcionalumas. Lentyna puikiai dera vir\u0161 komodos RM06 [\u2026]<\/p>","protected":false},"featured_media":257029,"comment_status":"open","ping_status":"open","template":"","meta":[],"product_brand":[],"product_cat":[1174,2457],"product_tag":[],"class_list":{"0":"post-257030","1":"product","2":"type-product","3":"status-publish","4":"has-post-thumbnail","6":"product_cat-hanging-shelves","7":"product_cat-liveo","9":"first","10":"instock","11":"purchasable","12":"product-type-simple"},"_links":{"self":[{"href":"https:\/\/baldumarket.lt\/lt\/wp-json\/wp\/v2\/product\/257030","targetHints":{"allow":["GET"]}}],"collection":[{"href":"https:\/\/baldumarket.lt\/lt\/wp-json\/wp\/v2\/product"}],"about":[{"href":"https:\/\/baldumarket.lt\/lt\/wp-json\/wp\/v2\/types\/product"}],"replies":[{"embeddable":true,"href":"https:\/\/baldumarket.lt\/lt\/wp-json\/wp\/v2\/comments?post=257030"}],"wp:featuredmedia":[{"embeddable":true,"href":"https:\/\/baldumarket.lt\/lt\/wp-json\/wp\/v2\/media\/257029"}],"wp:attachment":[{"href":"https:\/\/baldumarket.lt\/lt\/wp-json\/wp\/v2\/media?parent=257030"}],"wp:term":[{"taxonomy":"product_brand","embeddable":true,"href":"https:\/\/baldumarket.lt\/lt\/wp-json\/wp\/v2\/product_brand?post=257030"},{"taxonomy":"product_cat","embeddable":true,"href":"https:\/\/baldumarket.lt\/lt\/wp-json\/wp\/v2\/product_cat?post=257030"},{"taxonomy":"product_tag","embeddable":true,"href":"https:\/\/baldumarket.lt\/lt\/wp-json\/wp\/v2\/product_tag?post=257030"}],"curies":[{"name":"wp","href":"https:\/\/api.w.org\/{rel}","templated":true}]}}