{"id":256989,"date":"2026-01-10T22:51:34","date_gmt":"2026-01-10T19:51:34","guid":{"rendered":"https:\/\/baldumarket.lt\/product\/remi-rm12-szafka-bialy-dab-evoke\/"},"modified":"2026-02-11T18:30:29","modified_gmt":"2026-02-11T15:30:29","slug":"remi-rm12-szafka-bialy-dab-evoke","status":"publish","type":"product","link":"https:\/\/baldumarket.lt\/lt\/product\/remi-rm12-szafka-bialy-dab-evoke\/","title":{"rendered":"REMI RM12 BALTA\/\u0104\u017dUOLIN\u0116 EVOKE SPINTEL\u0116"},"content":{"rendered":"<p>REMI RM12 spintel\u0117 puikiai tinka miegamajam arba jaunimo kambariui. Du stal\u010diai yra itin prakti\u0161ki ir juose galima susid\u0117ti tokius daiktus kaip stiklin\u0117s, telefonas ar vaistai, o didelis stalvir\u0161is suteikia pakankamai vietos naktinei lempai. Moderni spalv\u0173 gama leid\u017eia sukurti tobul\u0105 interjer\u0105, pritaikyt\u0105 prie vartotoj\u0173 skonio ir poreiki\u0173. \u012esp\u016bdingi frezuoti fasadai, pakei\u010diantys tradicines rankenas, pabr\u0117\u017eia bendr\u0105 stili\u0173. Kolekcijai b\u016bdinga minimalistin\u0117 i\u0161vaizda ir funkcionalumas. Spintel\u0119 galima derinti su REMI RM15 ra\u0161omuoju stalu, ji taip pat puikiai tinka kaip atskiras baldas, prisitaikantis prie j\u016bs\u0173 kambario interjero dizaino.<\/p>\n<p>Plotis 45,5 cm Gylis 35 cm Auk\u0161tis 50 cm Produkto svoris su pakuote 12,9 kg Gamintojo kodas \/ simbolis RM12 Kolekcijos pavadinimas REMI Produkto pakuo\u010di\u0173 skai\u010dius 1 Stilius Moderni \u012franga Surinkimo instrukcijos \/ surinkimo priedai Surinkimas Savaranki\u0161kam surinkimui Stalvir\u0161io med\u017eiaga \/ tipas \/ storis laminuota med\u017eio dro\u017eli\u0173 plok\u0161t\u0117 16 mm Korpuso med\u017eiaga \/ tipas \/ storis Laminuota med\u017eio dro\u017eli\u0173 plok\u0161t\u0117 16 mm Priekin\u0117 med\u017eiaga \/ tipas \/ storis Laminuota med\u017eio dro\u017eli\u0173 plok\u0161t\u0117 16 mm Priekin\u0117 rankena \/ dizainas \/ spalva frezuota Kojel\u0117 \/ dizainas \/ spalva cokolis Stal\u010di\u0173 skai\u010dius 2<\/p>","protected":false},"excerpt":{"rendered":"<p>REMI RM12 spintel\u0117 puikiai tinka miegamajam arba jaunimo kambariui. Du stal\u010diai yra itin prakti\u0161ki ir skirti tokiems daiktams kaip akiniai, telefonas ar vaistai, o didelis stalvir\u0161is suteikia pakankamai vietos naktinei lempai. Moderni spalv\u0173 gama leid\u017eia sukurti tobul\u0105 interjer\u0105, pritaikyt\u0105 skoniui ir poreikiams [\u2026]<\/p>","protected":false},"featured_media":256990,"comment_status":"open","ping_status":"open","template":"","meta":[],"product_brand":[],"product_cat":[9120,2457],"product_tag":[],"class_list":{"0":"post-256989","1":"product","2":"type-product","3":"status-publish","4":"has-post-thumbnail","6":"product_cat-cabinets","7":"product_cat-liveo","9":"first","10":"instock","11":"purchasable","12":"product-type-simple"},"_links":{"self":[{"href":"https:\/\/baldumarket.lt\/lt\/wp-json\/wp\/v2\/product\/256989","targetHints":{"allow":["GET"]}}],"collection":[{"href":"https:\/\/baldumarket.lt\/lt\/wp-json\/wp\/v2\/product"}],"about":[{"href":"https:\/\/baldumarket.lt\/lt\/wp-json\/wp\/v2\/types\/product"}],"replies":[{"embeddable":true,"href":"https:\/\/baldumarket.lt\/lt\/wp-json\/wp\/v2\/comments?post=256989"}],"wp:featuredmedia":[{"embeddable":true,"href":"https:\/\/baldumarket.lt\/lt\/wp-json\/wp\/v2\/media\/256990"}],"wp:attachment":[{"href":"https:\/\/baldumarket.lt\/lt\/wp-json\/wp\/v2\/media?parent=256989"}],"wp:term":[{"taxonomy":"product_brand","embeddable":true,"href":"https:\/\/baldumarket.lt\/lt\/wp-json\/wp\/v2\/product_brand?post=256989"},{"taxonomy":"product_cat","embeddable":true,"href":"https:\/\/baldumarket.lt\/lt\/wp-json\/wp\/v2\/product_cat?post=256989"},{"taxonomy":"product_tag","embeddable":true,"href":"https:\/\/baldumarket.lt\/lt\/wp-json\/wp\/v2\/product_tag?post=256989"}],"curies":[{"name":"wp","href":"https:\/\/api.w.org\/{rel}","templated":true}]}}