{"id":256966,"date":"2026-01-10T22:51:23","date_gmt":"2026-01-10T19:51:23","guid":{"rendered":"https:\/\/baldumarket.lt\/product\/remi-rm11-szafka-na-buty-dab-castello\/"},"modified":"2026-02-11T18:30:29","modified_gmt":"2026-02-11T15:30:29","slug":"remi-rm11-szafka-na-buty-dab-castello","status":"publish","type":"product","link":"https:\/\/baldumarket.lt\/lt\/product\/remi-rm11-szafka-na-buty-dab-castello\/","title":{"rendered":"REMI RM11 BAT\u0172 SPINTEL\u0116 CASTELLO \u0104\u017dUOLAS"},"content":{"rendered":"<p>REMI RM11 bat\u0173 spintel\u0117 \u2013 naudingas baldas koridoriui ir ne tik. Ji turi varstomas duris ir stal\u010di\u0173 vir\u0161 j\u0173, tod\u0117l prakti\u0161kai galima laikyti smulkius daiktus. Tai patogus sprendimas norint palaikyti tvark\u0105 koridoriuose net ir ma\u017eose erdv\u0117se. Moderni spalv\u0173 gama leid\u017eia sukurti tobul\u0105 interjer\u0105, pritaikyt\u0105 prie vartotoj\u0173 skonio ir poreiki\u0173. Ry\u0161kus fasad\u0173 frezavimas, pakei\u010diantis tradicines rankenas, pabr\u0117\u017eia bendr\u0105 dizain\u0105. Kolekcijai b\u016bdinga minimalistin\u0117 i\u0161vaizda ir funkcionalumas. Bat\u0173 spintel\u0117 idealiai dera su kitais REMI serijos baldais arba yra atskiras baldas, prisitaikantis prie j\u016bs\u0173 kambario interjero dizaino.<\/p>\n<p>Plotis 60 cm Gylis 30 cm Auk\u0161tis 113 cm Produkto svoris su pakuote 27 kg Gamintojo kodas \/ simbolis RM11 Kolekcijos pavadinimas REMI Produkto pakuo\u010di\u0173 skai\u010dius 2 Stilius Moderni \u012franga Surinkimo instrukcijos \/ surinkimo priedai Surinkimas Savaranki\u0161kam surinkimui Stalvir\u0161io med\u017eiaga \/ tipas \/ storis laminuota med\u017eio dro\u017eli\u0173 plok\u0161t\u0117 16 mm Korpuso med\u017eiaga \/ tipas \/ storis Laminuota med\u017eio dro\u017eli\u0173 plok\u0161t\u0117 16 mm Priekin\u0117 med\u017eiaga \/ tipas \/ storis Laminuota med\u017eio dro\u017eli\u0173 plok\u0161t\u0117 16 mm Priekin\u0117 rankena \/ dizainas \/ spalva frezuota Kojel\u0117 \/ dizainas \/ spalva cokolis Stal\u010di\u0173 skai\u010dius 1<\/p>","protected":false},"excerpt":{"rendered":"<p>REMI RM11 bat\u0173 spintel\u0117 yra naudingas baldas koridoriui ir ne tik. Ji turi varstomas duris ir stal\u010di\u0173 vir\u0161 j\u0173, tod\u0117l puikiai tinka smulkiems daiktams laikyti. Tai patogus sprendimas norint palaikyti tvark\u0105 koridoriuose net ir ma\u017eose erdv\u0117se. Moderni spalv\u0173 gama leid\u017eia sukurti tobul\u0105 interjer\u0105, pritaikyt\u0105 [\u2026]<\/p>","protected":false},"featured_media":256967,"comment_status":"open","ping_status":"open","template":"","meta":[],"product_brand":[],"product_cat":[2457,1997],"product_tag":[],"class_list":{"0":"post-256966","1":"product","2":"type-product","3":"status-publish","4":"has-post-thumbnail","6":"product_cat-liveo","7":"product_cat-shoe-cabinets","9":"first","10":"instock","11":"purchasable","12":"product-type-simple"},"_links":{"self":[{"href":"https:\/\/baldumarket.lt\/lt\/wp-json\/wp\/v2\/product\/256966","targetHints":{"allow":["GET"]}}],"collection":[{"href":"https:\/\/baldumarket.lt\/lt\/wp-json\/wp\/v2\/product"}],"about":[{"href":"https:\/\/baldumarket.lt\/lt\/wp-json\/wp\/v2\/types\/product"}],"replies":[{"embeddable":true,"href":"https:\/\/baldumarket.lt\/lt\/wp-json\/wp\/v2\/comments?post=256966"}],"wp:featuredmedia":[{"embeddable":true,"href":"https:\/\/baldumarket.lt\/lt\/wp-json\/wp\/v2\/media\/256967"}],"wp:attachment":[{"href":"https:\/\/baldumarket.lt\/lt\/wp-json\/wp\/v2\/media?parent=256966"}],"wp:term":[{"taxonomy":"product_brand","embeddable":true,"href":"https:\/\/baldumarket.lt\/lt\/wp-json\/wp\/v2\/product_brand?post=256966"},{"taxonomy":"product_cat","embeddable":true,"href":"https:\/\/baldumarket.lt\/lt\/wp-json\/wp\/v2\/product_cat?post=256966"},{"taxonomy":"product_tag","embeddable":true,"href":"https:\/\/baldumarket.lt\/lt\/wp-json\/wp\/v2\/product_tag?post=256966"}],"curies":[{"name":"wp","href":"https:\/\/api.w.org\/{rel}","templated":true}]}}