{"id":256951,"date":"2026-01-10T22:51:16","date_gmt":"2026-01-10T19:51:16","guid":{"rendered":"https:\/\/baldumarket.lt\/product\/remi-rm10-szafa-dab-sonoma\/"},"modified":"2026-02-11T18:30:29","modified_gmt":"2026-02-11T15:30:29","slug":"remi-rm10-szafa-dab-sonoma","status":"publish","type":"product","link":"https:\/\/baldumarket.lt\/lt\/product\/remi-rm10-szafa-dab-sonoma\/","title":{"rendered":"REMI RM10 SONOMA \u0104\u017dUOLIN\u0116 SPINTEL\u0116"},"content":{"rendered":"<p>REMI RM10 spinta puikiai tinka miegamajam, biurui ar darbo kambariui. Vidus padalintas \u012f dvi dalis. Kair\u0117je pus\u0117je yra lentynos drabu\u017eiams, o de\u0161in\u0117je \u2013 du b\u0117geliai drabu\u017eiams pakabinti, kurie patogiai i\u0161sprend\u017eia visas daikt\u0173 laikymo problemas. I\u0161skirtinis ir patrauklus dizainas puikiai dera prie bet kokios erdv\u0117s. Moderni spalv\u0173 gama leid\u017eia sukurti tobul\u0105 interjer\u0105, pritaikyt\u0105 prie naudotoj\u0173 skonio ir poreiki\u0173. Ry\u0161kios fasad\u0173 frezos, pakei\u010dian\u010dios tradicines rankenas, pabr\u0117\u017eia bendr\u0105 dizain\u0105. Kolekcijai b\u016bdinga minimalistin\u0117 i\u0161vaizda ir funkcionalumas. Spinta idealiai tinka derinti su kitais REMI serijos baldais arba naudoti kaip atskiras baldas, prisitaikantis prie j\u016bs\u0173 kambario interjero dizaino.<\/p>\n<p>Plotis 78 cm Gylis 52 cm Auk\u0161tis 194 cm Produkto svoris su pakuote 69,2 kg Gamintojo kodas \/ simbolis RM10 Kolekcijos pavadinimas REMI Produkto pakuo\u010di\u0173 skai\u010dius 3 Stilius Modernus \u012eranga Surinkimo instrukcijos \/ surinkimo priedai Surinkimas Savaranki\u0161kam surinkimui Stalvir\u0161io med\u017eiaga \/ tipas \/ storis laminuota med\u017eio dro\u017eli\u0173 plok\u0161t\u0117 16 mm Korpuso med\u017eiaga \/ tipas \/ storis laminuota med\u017eio dro\u017eli\u0173 plok\u0161t\u0117 16 mm Lentyn\u0173 med\u017eiaga \/ tipas \/ storis laminuota med\u017eio dro\u017eli\u0173 plok\u0161t\u0117 16 mm Lentyn\u0173 kiekis 3 Priekin\u0117s dalies med\u017eiaga \/ tipas \/ storis laminuota med\u017eio dro\u017eli\u0173 plok\u0161t\u0117 16 mm Priekin\u0117 rankena \/ dizainas \/ spalva frezuota Kojel\u0117 \/ dizainas \/ spalva cokolis Korpuso \u012franga Standartin\u0117 pakabos rankena<\/p>","protected":false},"excerpt":{"rendered":"<p>REMI RM10 spinta puikiai tinka miegamajam, biurui ar darbo kambariui. Vidus padalintas \u012f dvi dalis. Kair\u0117je pus\u0117je yra lentynos drabu\u017eiams, o de\u0161in\u0117je \u2013 du skersiniai drabu\u017eiams pakabinti, tod\u0117l patogu i\u0161spr\u0119sti visas daikt\u0173 laikymo problemas. I\u0161skirtinis ir patrauklus dizainas daro j\u0105 puikiu priedu [\u2026]<\/p>","protected":false},"featured_media":256952,"comment_status":"open","ping_status":"open","template":"","meta":[],"product_brand":[],"product_cat":[2457,1177],"product_tag":[],"class_list":{"0":"post-256951","1":"product","2":"type-product","3":"status-publish","4":"has-post-thumbnail","6":"product_cat-liveo","7":"product_cat-wardrobes","9":"first","10":"instock","11":"purchasable","12":"product-type-simple"},"_links":{"self":[{"href":"https:\/\/baldumarket.lt\/lt\/wp-json\/wp\/v2\/product\/256951","targetHints":{"allow":["GET"]}}],"collection":[{"href":"https:\/\/baldumarket.lt\/lt\/wp-json\/wp\/v2\/product"}],"about":[{"href":"https:\/\/baldumarket.lt\/lt\/wp-json\/wp\/v2\/types\/product"}],"replies":[{"embeddable":true,"href":"https:\/\/baldumarket.lt\/lt\/wp-json\/wp\/v2\/comments?post=256951"}],"wp:featuredmedia":[{"embeddable":true,"href":"https:\/\/baldumarket.lt\/lt\/wp-json\/wp\/v2\/media\/256952"}],"wp:attachment":[{"href":"https:\/\/baldumarket.lt\/lt\/wp-json\/wp\/v2\/media?parent=256951"}],"wp:term":[{"taxonomy":"product_brand","embeddable":true,"href":"https:\/\/baldumarket.lt\/lt\/wp-json\/wp\/v2\/product_brand?post=256951"},{"taxonomy":"product_cat","embeddable":true,"href":"https:\/\/baldumarket.lt\/lt\/wp-json\/wp\/v2\/product_cat?post=256951"},{"taxonomy":"product_tag","embeddable":true,"href":"https:\/\/baldumarket.lt\/lt\/wp-json\/wp\/v2\/product_tag?post=256951"}],"curies":[{"name":"wp","href":"https:\/\/api.w.org\/{rel}","templated":true}]}}