{"id":256919,"date":"2026-01-10T22:50:59","date_gmt":"2026-01-10T19:50:59","guid":{"rendered":"https:\/\/baldumarket.lt\/product\/remi-rm09-szafka-dab-sonoma\/"},"modified":"2026-02-11T18:30:30","modified_gmt":"2026-02-11T15:30:30","slug":"remi-rm09-szafka-dab-sonoma","status":"publish","type":"product","link":"https:\/\/baldumarket.lt\/lt\/product\/remi-rm09-szafka-dab-sonoma\/","title":{"rendered":"REMI RM09 SONOMA \u0104\u017dUOLIN\u0116 SPINTEL\u0116"},"content":{"rendered":"<p>REMI RM09 spintel\u0117 \u2013 puikus sprendimas svetainei, valgomajam, darbo kambariui ar jaunimo kambariui. Ji turi vien\u0105 erdv\u0173 stal\u010di\u0173 centre ir tris lentynas, \u012fskaitant vien\u0105 u\u017e u\u017edar\u0173 dureli\u0173. Pasl\u0117ptos lentynos u\u017e dureli\u0173 gali b\u016bti naudojamos tekstilei ar smulkiems aksesuarams laikyti, o trys atviros ni\u0161os puikiai tinka knyg\u0173 kolekcijai ar dekoratyviniams daiktams eksponuoti. I\u0161skirtinis ir patrauklus dizainas daro j\u0105 tobulu bet kurios erdv\u0117s papildymu. Moderni spalv\u0173 gama leid\u017eia sukurti tobul\u0105 interjer\u0105, pritaikyt\u0105 prie vartotoj\u0173 skonio ir poreiki\u0173. Ry\u0161kios fasad\u0173 frezos, kurios pakei\u010dia tradicines rankenas, pabr\u0117\u017eia bendr\u0105 dizain\u0105. Kolekcijai b\u016bdinga minimalistin\u0117 i\u0161vaizda ir funkcionalumas. Spintel\u0117 idealiai tinka derinti su kitais REMI serijos baldais arba kaip atskiras baldas, prisitaikantis prie j\u016bs\u0173 kambario interjero dizaino.<\/p>\n<p>Plotis 68,5 cm Gylis 35 cm Auk\u0161tis 194 cm Produkto svoris su pakuote 40,95 kg Gamintojo kodas \/ simbolis RM09 Kolekcijos pavadinimas REMI Produkto pakuo\u010di\u0173 skai\u010dius 2 Stilius Moderni \u012franga Surinkimo instrukcijos \/ surinkimo priedai Surinkimas Savaranki\u0161kam surinkimui Stalvir\u0161io med\u017eiaga \/ tipas \/ storis laminuota med\u017eio dro\u017eli\u0173 plok\u0161t\u0117 16 mm Korpuso med\u017eiaga \/ tipas \/ storis laminuota med\u017eio dro\u017eli\u0173 plok\u0161t\u0117 16 mm Lentyn\u0173 med\u017eiaga \/ tipas \/ storis laminuota med\u017eio dro\u017eli\u0173 plok\u0161t\u0117 16 mm Lentyn\u0173 kiekis 3 Priekin\u0117s dalies med\u017eiaga \/ tipas \/ storis laminuota med\u017eio dro\u017eli\u0173 plok\u0161t\u0117 16 mm Priekin\u0117 rankena \/ dizainas \/ spalva frezavimas Stal\u010di\u0173 b\u0117geliai rutulinis guolis Kojel\u0117 \/ dizainas \/ spalva COKOLIS Stal\u010di\u0173 skai\u010dius 1<\/p>","protected":false},"excerpt":{"rendered":"<p>REMI RM09 spintel\u0117 \u2013 puikus sprendimas svetainei, valgomajam, darbo kambariui ar jaunimo kambariui. Joje yra vienas erdvus stal\u010dius centre ir trys lentynos, \u012fskaitant vien\u0105 u\u017e u\u017edar\u0173 dureli\u0173. Pasl\u0117ptos lentynos u\u017e dureli\u0173 gali b\u016bti naudojamos tekstilei ar smulkiems aksesuarams laikyti, o trys atviros ni\u0161os puikiai tinka [\u2026]<\/p>","protected":false},"featured_media":256920,"comment_status":"open","ping_status":"open","template":"","meta":[],"product_brand":[],"product_cat":[2457,1177],"product_tag":[],"class_list":{"0":"post-256919","1":"product","2":"type-product","3":"status-publish","4":"has-post-thumbnail","6":"product_cat-liveo","7":"product_cat-wardrobes","9":"first","10":"instock","11":"purchasable","12":"product-type-simple"},"_links":{"self":[{"href":"https:\/\/baldumarket.lt\/lt\/wp-json\/wp\/v2\/product\/256919","targetHints":{"allow":["GET"]}}],"collection":[{"href":"https:\/\/baldumarket.lt\/lt\/wp-json\/wp\/v2\/product"}],"about":[{"href":"https:\/\/baldumarket.lt\/lt\/wp-json\/wp\/v2\/types\/product"}],"replies":[{"embeddable":true,"href":"https:\/\/baldumarket.lt\/lt\/wp-json\/wp\/v2\/comments?post=256919"}],"wp:featuredmedia":[{"embeddable":true,"href":"https:\/\/baldumarket.lt\/lt\/wp-json\/wp\/v2\/media\/256920"}],"wp:attachment":[{"href":"https:\/\/baldumarket.lt\/lt\/wp-json\/wp\/v2\/media?parent=256919"}],"wp:term":[{"taxonomy":"product_brand","embeddable":true,"href":"https:\/\/baldumarket.lt\/lt\/wp-json\/wp\/v2\/product_brand?post=256919"},{"taxonomy":"product_cat","embeddable":true,"href":"https:\/\/baldumarket.lt\/lt\/wp-json\/wp\/v2\/product_cat?post=256919"},{"taxonomy":"product_tag","embeddable":true,"href":"https:\/\/baldumarket.lt\/lt\/wp-json\/wp\/v2\/product_tag?post=256919"}],"curies":[{"name":"wp","href":"https:\/\/api.w.org\/{rel}","templated":true}]}}