{"id":256881,"date":"2026-01-10T22:50:42","date_gmt":"2026-01-10T19:50:42","guid":{"rendered":"https:\/\/baldumarket.lt\/product\/remi-rm08-szafka-l-p-dab-evoke\/"},"modified":"2026-02-11T18:30:30","modified_gmt":"2026-02-11T15:30:30","slug":"remi-rm08-szafka-l-p-dab-evoke","status":"publish","type":"product","link":"https:\/\/baldumarket.lt\/lt\/product\/remi-rm08-szafka-l-p-dab-evoke\/","title":{"rendered":"REMI RM08 SPINTEL\u0116 K\/D EVOKE \u0104\u017dUOLO Blizgi"},"content":{"rendered":"<p>REMI RM08 L\/R spintel\u0117 puikiai tinka jaunimo kambariui, miegamajam, svetainei, prie\u0161kambariui ar biurui. Ji universali; galite pasirinkti, ar durys atsidaro \u012f de\u0161in\u0119, ar \u012f kair\u0119. U\u017edara dalis tinka drabu\u017eiams laikyti, atvira dalis \u2013 knyg\u0173 kolekcijai susitvarkyti, o stal\u010diuje \u2013 ma\u017eesniems aksesuarams ir \u012ftaisams. Moderni spalv\u0173 gama leid\u017eia sukurti tobul\u0105 interjer\u0105, pritaikyt\u0105 prie vartotoj\u0173 skonio ir poreiki\u0173. Ry\u0161kus fasad\u0173 frezavimas, pakei\u010diantis tradicines rankenas, pabr\u0117\u017eia bendr\u0105 dizain\u0105. Kolekcijai b\u016bdinga minimalistin\u0117 i\u0161vaizda ir funkcionalumas. Spintel\u0117 idealiai tinka derinti su kitais REMI serijos baldais arba kaip atskiras baldas, prisitaikantis prie j\u016bs\u0173 kambario interjero dizaino.<\/p>\n<p>Plotis 47,5 cm Gylis 35 cm Auk\u0161tis 194 cm Produkto svoris su pakuote 35,05 kg Gamintojo kodas \/ simbolis RM08 Kolekcijos pavadinimas REMI Produkto pakuo\u010di\u0173 skai\u010dius 2 Stilius Moderni \u012franga Surinkimo instrukcijos \/ surinkimo priedai Surinkimas Savaranki\u0161kam surinkimui Stalvir\u0161io med\u017eiaga \/ tipas \/ storis laminuota med\u017eio dro\u017eli\u0173 plok\u0161t\u0117 16 mm Korpuso med\u017eiaga \/ tipas \/ storis laminuota med\u017eio dro\u017eli\u0173 plok\u0161t\u0117 16 mm Lentyn\u0173 med\u017eiaga \/ tipas \/ storis laminuota med\u017eio dro\u017eli\u0173 plok\u0161t\u0117 16 mm Lentyn\u0173 kiekis 2 Priekin\u0117s dalies med\u017eiaga \/ tipas \/ storis laminuota med\u017eio dro\u017eli\u0173 plok\u0161t\u0117 16 mm Priekin\u0117 rankena \/ tipas \/ spalva frezuota Stal\u010di\u0173 b\u0117geliai rutulinis guolis Kojel\u0117 \/ tipas \/ spalva cokolis Stal\u010di\u0173 skai\u010dius 1<\/p>","protected":false},"excerpt":{"rendered":"<p>REMI RM08 L\/R spintel\u0117 puikiai tinka jaunimo kambariui, miegamajam, svetainei, prie\u0161kambariui ar biurui. Ji universali; galite pasirinkti, ar durys atsidarys \u012f de\u0161in\u0119, ar \u012f kair\u0119. U\u017edara dalis tinka drabu\u017eiams laikyti, atvira dalis \u2013 knyg\u0173 kolekcijai sutvarkyti, o stal\u010diuje \u2013 ma\u017eesniems aksesuarams ir \u012ftaisams. [\u2026]<\/p>","protected":false},"featured_media":254829,"comment_status":"open","ping_status":"open","template":"","meta":[],"product_brand":[],"product_cat":[2457,1177],"product_tag":[],"class_list":{"0":"post-256881","1":"product","2":"type-product","3":"status-publish","4":"has-post-thumbnail","6":"product_cat-liveo","7":"product_cat-wardrobes","9":"first","10":"instock","11":"purchasable","12":"product-type-simple"},"_links":{"self":[{"href":"https:\/\/baldumarket.lt\/lt\/wp-json\/wp\/v2\/product\/256881","targetHints":{"allow":["GET"]}}],"collection":[{"href":"https:\/\/baldumarket.lt\/lt\/wp-json\/wp\/v2\/product"}],"about":[{"href":"https:\/\/baldumarket.lt\/lt\/wp-json\/wp\/v2\/types\/product"}],"replies":[{"embeddable":true,"href":"https:\/\/baldumarket.lt\/lt\/wp-json\/wp\/v2\/comments?post=256881"}],"wp:featuredmedia":[{"embeddable":true,"href":"https:\/\/baldumarket.lt\/lt\/wp-json\/wp\/v2\/media\/254829"}],"wp:attachment":[{"href":"https:\/\/baldumarket.lt\/lt\/wp-json\/wp\/v2\/media?parent=256881"}],"wp:term":[{"taxonomy":"product_brand","embeddable":true,"href":"https:\/\/baldumarket.lt\/lt\/wp-json\/wp\/v2\/product_brand?post=256881"},{"taxonomy":"product_cat","embeddable":true,"href":"https:\/\/baldumarket.lt\/lt\/wp-json\/wp\/v2\/product_cat?post=256881"},{"taxonomy":"product_tag","embeddable":true,"href":"https:\/\/baldumarket.lt\/lt\/wp-json\/wp\/v2\/product_tag?post=256881"}],"curies":[{"name":"wp","href":"https:\/\/api.w.org\/{rel}","templated":true}]}}