{"id":256842,"date":"2026-01-10T22:50:25","date_gmt":"2026-01-10T19:50:25","guid":{"rendered":"https:\/\/baldumarket.lt\/product\/remi-rm07-witryna-l-p-dab-castello\/"},"modified":"2026-02-11T18:30:30","modified_gmt":"2026-02-11T15:30:30","slug":"remi-rm07-witryna-l-p-dab-castello","status":"publish","type":"product","link":"https:\/\/baldumarket.lt\/lt\/product\/remi-rm07-witryna-l-p-dab-castello\/","title":{"rendered":"REMI RM07 vitrina, kair\u0117\/de\u0161in\u0117, \u0105\u017euolo spalvos, \u201eCastello\u201c"},"content":{"rendered":"<p>REMI RM07 L\/R vitrina pasi\u017eymi vir\u0161utine spintele, padalinta \u012f tris skyrius, o apatine \u2013 \u012f du, tod\u0117l daiktus lengva susitvarkyti. Svarbiausias \u0161ios spintel\u0117s bruo\u017eas \u2013 i\u0161 dalies \u012fstiklintas priekis, puikiai tinkantis \u0161eimos nuotraukoms ir suvenyrams eksponuoti, bei stiklin\u0117s lentynos, kurias galima ap\u0161viesti pasirenkamu LED ap\u0161vietimu. Spintel\u0117 yra universali; galite pasirinkti, ar durys atsidaro \u012f de\u0161in\u0119, ar \u012f kair\u0119. I\u0161skirtinis ir patrauklus dizainas puikiai tinka bet kokiai erdvei. Moderni spalv\u0173 gama leid\u017eia sukurti tobul\u0105 interjer\u0105, pritaikyt\u0105 prie vartotoj\u0173 skonio ir poreiki\u0173. Ry\u0161k\u016bs fasad\u0173 frezavimai, kurie pakei\u010dia tradicines rankenas, pabr\u0117\u017eia bendr\u0105 dizain\u0105. Kolekcijai b\u016bdinga minimalistin\u0117 i\u0161vaizda ir funkcionalumas. Spintel\u0117 idealiai tinka derinti su kitais REMI serijos baldais arba kaip atskiras baldas, prisitaikantis prie j\u016bs\u0173 interjero dizaino.<\/p>\n<p>Plotis 47,5 cm Gylis 37 cm Auk\u0161tis 194 cm Produkto svoris su pakuote 51,95 kg Gamintojo kodas \/ simbolis RM07 Kolekcijos pavadinimas REMI Produkto pakuo\u010di\u0173 skai\u010dius 2 Stilius Moderni \u012franga Surinkimo instrukcijos \/ surinkimo priedai Surinkimas Savaranki\u0161kam surinkimui Stalvir\u0161io med\u017eiaga \/ tipas \/ storis laminuota med\u017eio dro\u017eli\u0173 plok\u0161t\u0117 16 mm Korpuso med\u017eiaga \/ tipas \/ storis laminuota med\u017eio dro\u017eli\u0173 plok\u0161t\u0117 16 mm Lentyn\u0173 med\u017eiaga \/ tipas \/ storis laminuota med\u017eio dro\u017eli\u0173 plok\u0161t\u0117 16 mm Lentyn\u0173 kiekis 1 Priekin\u0117s dalies med\u017eiaga \/ tipas \/ storis laminuota med\u017eio dro\u017eli\u0173 plok\u0161t\u0117 16 mm Priekin\u0117 rankena \/ dizainas \/ spalva frezuota Glaz\u016bruoto priekinio stiklo dizainas \/ spalva Gr\u016bdintas \/ bespalvis Glaz\u016bruoto priekinio stiklo storis 4 mm Stiklini\u0173 lentyn\u0173 kiekis 2 Vidinio ap\u0161vietimo \u0161viesos spalva \u0160iltai balta Kojel\u0117 \/ dizainas \/ cokolio spalva<\/p>","protected":false},"excerpt":{"rendered":"<p>REMI RM07 L\/R vitrina turi vir\u0161utin\u0119 spintel\u0119, padalint\u0105 \u012f tris skyrius, o apatin\u0119 \u2013 \u012f dvi, tod\u0117l daiktus lengva sutvarkyti. Svarbiausias \u0161ios spintel\u0117s bruo\u017eas \u2013 i\u0161 dalies \u012fstiklintas priekis, puikiai tinkantis \u0161eimos nuotraukoms ir suvenyrams eksponuoti, bei stiklin\u0117s lentynos, kurias galima ap\u0161viesti papildomai \u012fsigyjamomis LED [\u2026]<\/p>","protected":false},"featured_media":256843,"comment_status":"open","ping_status":"open","template":"","meta":[],"product_brand":[],"product_cat":[2457,2006],"product_tag":[],"class_list":{"0":"post-256842","1":"product","2":"type-product","3":"status-publish","4":"has-post-thumbnail","6":"product_cat-liveo","7":"product_cat-vitrines","9":"first","10":"instock","11":"purchasable","12":"product-type-simple"},"_links":{"self":[{"href":"https:\/\/baldumarket.lt\/lt\/wp-json\/wp\/v2\/product\/256842","targetHints":{"allow":["GET"]}}],"collection":[{"href":"https:\/\/baldumarket.lt\/lt\/wp-json\/wp\/v2\/product"}],"about":[{"href":"https:\/\/baldumarket.lt\/lt\/wp-json\/wp\/v2\/types\/product"}],"replies":[{"embeddable":true,"href":"https:\/\/baldumarket.lt\/lt\/wp-json\/wp\/v2\/comments?post=256842"}],"wp:featuredmedia":[{"embeddable":true,"href":"https:\/\/baldumarket.lt\/lt\/wp-json\/wp\/v2\/media\/256843"}],"wp:attachment":[{"href":"https:\/\/baldumarket.lt\/lt\/wp-json\/wp\/v2\/media?parent=256842"}],"wp:term":[{"taxonomy":"product_brand","embeddable":true,"href":"https:\/\/baldumarket.lt\/lt\/wp-json\/wp\/v2\/product_brand?post=256842"},{"taxonomy":"product_cat","embeddable":true,"href":"https:\/\/baldumarket.lt\/lt\/wp-json\/wp\/v2\/product_cat?post=256842"},{"taxonomy":"product_tag","embeddable":true,"href":"https:\/\/baldumarket.lt\/lt\/wp-json\/wp\/v2\/product_tag?post=256842"}],"curies":[{"name":"wp","href":"https:\/\/api.w.org\/{rel}","templated":true}]}}