{"id":256811,"date":"2026-01-10T22:50:12","date_gmt":"2026-01-10T19:50:12","guid":{"rendered":"https:\/\/baldumarket.lt\/product\/remi-rm06-komoda-dab-castello\/"},"modified":"2026-02-11T18:30:31","modified_gmt":"2026-02-11T15:30:31","slug":"remi-rm06-komoda-dab-castello","status":"publish","type":"product","link":"https:\/\/baldumarket.lt\/lt\/product\/remi-rm06-komoda-dab-castello\/","title":{"rendered":"REMI RM06 komoda su stal\u010diais, \u0105\u017euolo spalvos, \u201eCastello\u201c"},"content":{"rendered":"<p>REMI RM06 komoda idealiai tinka tiek didel\u0117ms, tiek ma\u017eesn\u0117ms erdv\u0117ms, tod\u0117l puikiai tinka svetainei, r\u016bbinei ar miegamajam. Didelis vir\u0161utinis pavir\u0161ius leid\u017eia eksponuoti dekoratyvinius daiktus. Kair\u0117je ir de\u0161in\u0117je pus\u0117se yra spintel\u0117s su durel\u0117mis ir keturi erdv\u016bs stal\u010diai. Prakti\u0161kas dizainas suteikia daug vietos nam\u0173 aksesuarams laikyti, o asimetri\u0161kas i\u0161d\u0117stymas pabr\u0117\u017eia unikal\u0173 charakter\u012f. Moderni spalv\u0173 gama leid\u017eia sukurti tobul\u0105 interjer\u0105, pritaikyt\u0105 prie vartotoj\u0173 skonio ir poreiki\u0173. Ry\u0161k\u016bs frezuoti fasadai, pakei\u010diantys tradicines rankenas, pabr\u0117\u017eia bendr\u0105 stili\u0173. Kolekcijai b\u016bdinga minimalistin\u0117 i\u0161vaizda ir funkcionalumas. Komoda puikiai papildo REMI RM13 lentyn\u0105. Ji taip pat gerai dera su kitais REMI serijos baldais arba kaip atskiras baldas, prisitaikant prie j\u016bs\u0173 kambario interjero.<\/p>\n<p>Plotis 107,5 cm Gylis 35 cm Auk\u0161tis 105 cm Produkto svoris su pakuote 50,25 kg Gamintojo kodas \/ simbolis RM06 Kolekcijos pavadinimas REMI Produkto pakuo\u010di\u0173 skai\u010dius 3 Stilius Moderni \u012franga Surinkimo instrukcijos \/ surinkimo priedai Surinkimas Savaranki\u0161kam surinkimui Stalvir\u0161io med\u017eiaga \/ tipas \/ storis laminuota med\u017eio dro\u017eli\u0173 plok\u0161t\u0117 16 mm Korpuso med\u017eiaga \/ tipas \/ storis laminuota med\u017eio dro\u017eli\u0173 plok\u0161t\u0117 16 mm Lentyn\u0173 kiekis 1 Priekin\u0117s dalies med\u017eiaga \/ tipas \/ storis laminuota med\u017eio dro\u017eli\u0173 plok\u0161t\u0117 16 mm Priekin\u0117 rankena \/ tipas \/ spalva frezuota Stal\u010di\u0173 b\u0117geliai rutulinis guolis Kojel\u0117 \/ tipas \/ spalva cokolis Stal\u010di\u0173 skai\u010dius 4<\/p>","protected":false},"excerpt":{"rendered":"<p>REMI RM06 komoda idealiai tinka tiek didel\u0117ms, tiek ma\u017eesn\u0117ms erdv\u0117ms, tod\u0117l puikiai tinka svetainei, drabu\u017einei ar miegamajam. Didelis vir\u0161utinis pavir\u0161ius leid\u017eia eksponuoti dekoratyvinius daiktus. Kair\u0117je ir de\u0161in\u0117je pus\u0117se yra spintel\u0117s su durel\u0117mis ir keturi erdv\u016bs stal\u010diai. Prakti\u0161kas dizainas suteikia daug [\u2026]<\/p>","protected":false},"featured_media":254874,"comment_status":"open","ping_status":"open","template":"","meta":[],"product_brand":[],"product_cat":[1173,2457],"product_tag":[],"class_list":{"0":"post-256811","1":"product","2":"type-product","3":"status-publish","4":"has-post-thumbnail","6":"product_cat-chests-of-drawers","7":"product_cat-liveo","9":"first","10":"instock","11":"purchasable","12":"product-type-simple"},"_links":{"self":[{"href":"https:\/\/baldumarket.lt\/lt\/wp-json\/wp\/v2\/product\/256811","targetHints":{"allow":["GET"]}}],"collection":[{"href":"https:\/\/baldumarket.lt\/lt\/wp-json\/wp\/v2\/product"}],"about":[{"href":"https:\/\/baldumarket.lt\/lt\/wp-json\/wp\/v2\/types\/product"}],"replies":[{"embeddable":true,"href":"https:\/\/baldumarket.lt\/lt\/wp-json\/wp\/v2\/comments?post=256811"}],"wp:featuredmedia":[{"embeddable":true,"href":"https:\/\/baldumarket.lt\/lt\/wp-json\/wp\/v2\/media\/254874"}],"wp:attachment":[{"href":"https:\/\/baldumarket.lt\/lt\/wp-json\/wp\/v2\/media?parent=256811"}],"wp:term":[{"taxonomy":"product_brand","embeddable":true,"href":"https:\/\/baldumarket.lt\/lt\/wp-json\/wp\/v2\/product_brand?post=256811"},{"taxonomy":"product_cat","embeddable":true,"href":"https:\/\/baldumarket.lt\/lt\/wp-json\/wp\/v2\/product_cat?post=256811"},{"taxonomy":"product_tag","embeddable":true,"href":"https:\/\/baldumarket.lt\/lt\/wp-json\/wp\/v2\/product_tag?post=256811"}],"curies":[{"name":"wp","href":"https:\/\/api.w.org\/{rel}","templated":true}]}}