{"id":256797,"date":"2026-01-10T22:50:05","date_gmt":"2026-01-10T19:50:05","guid":{"rendered":"https:\/\/baldumarket.lt\/product\/remi-rm05-komoda-dab-sonoma\/"},"modified":"2026-02-11T18:30:31","modified_gmt":"2026-02-11T15:30:31","slug":"remi-rm05-komoda-dab-sonoma","status":"publish","type":"product","link":"https:\/\/baldumarket.lt\/lt\/product\/remi-rm05-komoda-dab-sonoma\/","title":{"rendered":"REMI RM05 komoda su stal\u010diais, SONOMA \u0105\u017euolo spalvos"},"content":{"rendered":"<p>REMI RM05 komoda puikiai tinka bet kuriam svetainei, miegamajam ar net svetainei. Komoda padalinta \u012f dvi dalis. Vir\u0161utin\u0117je dalyje yra du gil\u016bs stal\u010diai, o apatin\u0117je dalyje, u\u017e dureli\u0173, yra lentyn\u0117l\u0117, skirta diskreti\u0161kai susid\u0117ti b\u016btiniausius daiktus. I\u0161skirtinis ir patrauklus dizainas daro j\u0105 tobulu bet kurios erdv\u0117s papildymu. Moderni spalv\u0173 palet\u0117 leid\u017eia sukurti tobul\u0105 interjer\u0105, pritaikyt\u0105 prie naudotoj\u0173 skonio ir poreiki\u0173. Ry\u0161kus fasad\u0173 frezavimas, pakei\u010diantis tradicines rankenas, pabr\u0117\u017eia bendr\u0105 dizain\u0105. Kolekcijai b\u016bdinga minimalistin\u0117 i\u0161vaizda ir funkcionalumas. Komoda idealiai dera su kitais REMI serijos baldais arba kaip atskiras baldas, prisitaikantis prie j\u016bs\u0173 interjero dizaino.<\/p>\n<p>Plotis 78 cm Gylis 35 cm Auk\u0161tis 105 cm Produkto svoris su pakuote 23 Gamintojo kodas \/ simbolis RM05 Kolekcijos pavadinimas REMI Produkto pakuo\u010di\u0173 skai\u010dius 2 Stilius Moderni \u012franga Surinkimo instrukcijos \/ surinkimo priedai Surinkimas Savaranki\u0161kam surinkimui Stalvir\u0161io med\u017eiaga \/ tipas \/ storis laminuota med\u017eio dro\u017eli\u0173 plok\u0161t\u0117 16 mm Korpuso med\u017eiaga \/ tipas \/ storis laminuota med\u017eio dro\u017eli\u0173 plok\u0161t\u0117 16 mm Lentyn\u0173 kiekis 1 Priekin\u0117s dalies med\u017eiaga \/ tipas \/ storis laminuota med\u017eio dro\u017eli\u0173 plok\u0161t\u0117 16 mm Priekin\u0117 rankena \/ tipas \/ spalva frezuota Stal\u010di\u0173 b\u0117geliai rutulinis guolis rutulinis guolis Kojel\u0117 \/ tipas \/ spalva cokolis Stal\u010di\u0173 skai\u010dius 2<\/p>","protected":false},"excerpt":{"rendered":"<p>REMI RM05 komoda puikiai tinka bet kuriam svetainei, miegamajam ar net svetainei. Komoda yra padalinta \u012f dvi dalis. Vir\u0161utin\u0117je dalyje yra du gil\u016bs stal\u010diai, o apatin\u0117je dalyje, u\u017e dureli\u0173, yra lentyn\u0117l\u0117, skirta diskreti\u0161kai laikyti b\u016btiniausius daiktus. I\u0161skirtinis ir patrauklus dizainas [\u2026]<\/p>","protected":false},"featured_media":254836,"comment_status":"open","ping_status":"open","template":"","meta":[],"product_brand":[],"product_cat":[1173,2457],"product_tag":[],"class_list":{"0":"post-256797","1":"product","2":"type-product","3":"status-publish","4":"has-post-thumbnail","6":"product_cat-chests-of-drawers","7":"product_cat-liveo","9":"first","10":"instock","11":"purchasable","12":"product-type-simple"},"_links":{"self":[{"href":"https:\/\/baldumarket.lt\/lt\/wp-json\/wp\/v2\/product\/256797","targetHints":{"allow":["GET"]}}],"collection":[{"href":"https:\/\/baldumarket.lt\/lt\/wp-json\/wp\/v2\/product"}],"about":[{"href":"https:\/\/baldumarket.lt\/lt\/wp-json\/wp\/v2\/types\/product"}],"replies":[{"embeddable":true,"href":"https:\/\/baldumarket.lt\/lt\/wp-json\/wp\/v2\/comments?post=256797"}],"wp:featuredmedia":[{"embeddable":true,"href":"https:\/\/baldumarket.lt\/lt\/wp-json\/wp\/v2\/media\/254836"}],"wp:attachment":[{"href":"https:\/\/baldumarket.lt\/lt\/wp-json\/wp\/v2\/media?parent=256797"}],"wp:term":[{"taxonomy":"product_brand","embeddable":true,"href":"https:\/\/baldumarket.lt\/lt\/wp-json\/wp\/v2\/product_brand?post=256797"},{"taxonomy":"product_cat","embeddable":true,"href":"https:\/\/baldumarket.lt\/lt\/wp-json\/wp\/v2\/product_cat?post=256797"},{"taxonomy":"product_tag","embeddable":true,"href":"https:\/\/baldumarket.lt\/lt\/wp-json\/wp\/v2\/product_tag?post=256797"}],"curies":[{"name":"wp","href":"https:\/\/api.w.org\/{rel}","templated":true}]}}