{"id":256766,"date":"2026-01-10T22:49:52","date_gmt":"2026-01-10T19:49:52","guid":{"rendered":"https:\/\/baldumarket.lt\/product\/remi-rm04-komoda-dab-sonoma\/"},"modified":"2026-02-11T18:30:31","modified_gmt":"2026-02-11T15:30:31","slug":"remi-rm04-komoda-dab-sonoma","status":"publish","type":"product","link":"https:\/\/baldumarket.lt\/lt\/product\/remi-rm04-komoda-dab-sonoma\/","title":{"rendered":"REMI RM04 komoda su stal\u010diais, SONOMA \u0105\u017euolo spalvos"},"content":{"rendered":"<p>Komoda REMI RM04 puikiai tinka svetainei, miegamajam, prie\u0161kambariui ar jaunimo kambariui. Nepaisant kompakti\u0161ko dyd\u017eio (tik 54,5 cm auk\u0161\u010dio), \u0161i spintel\u0117 yra erdvi ir tikrai tilps viskas, ko jums reikia. Moderni spalv\u0173 gama leid\u017eia sukurti tobul\u0105 interjer\u0105, pritaikyt\u0105 prie vartotoj\u0173 skonio ir poreiki\u0173. Ry\u0161kus fasad\u0173 frezavimas, pakei\u010diantis tradicines rankenas, pabr\u0117\u017eia bendr\u0105 stili\u0173. Kolekcijai b\u016bdinga minimalistin\u0117 i\u0161vaizda ir funkcionalumas. Komoda idealiai dera su kitais REMI serijos baldais arba kaip atskiras baldas, prisitaikantis prie j\u016bs\u0173 kambario interjero dizaino.<\/p>\n<p>Plotis 54,5 cm Gylis 35 cm Auk\u0161tis 105 cm Produkto svoris su pakuote 56,45 kg Gamintojo kodas \/ simbolis RM04 Kolekcijos pavadinimas REMI Produkto pakuo\u010di\u0173 skai\u010dius 2 Stilius Moderni \u012franga Surinkimo instrukcijos \/ surinkimo priedai Surinkimas Savaranki\u0161kam surinkimui Stalvir\u0161io med\u017eiaga \/ tipas \/ storis laminuota med\u017eio dro\u017eli\u0173 plok\u0161t\u0117 16 mm Korpuso med\u017eiaga \/ tipas \/ storis Laminuota med\u017eio dro\u017eli\u0173 plok\u0161t\u0117 16 mm Priekin\u0117 med\u017eiaga \/ tipas \/ storis Laminuota med\u017eio dro\u017eli\u0173 plok\u0161t\u0117 16 mm Priekin\u0117 rankena \/ tipas \/ spalva frezuota Stal\u010di\u0173 b\u0117geliai rutulinis guolis Kojel\u0117 \/ tipas \/ spalva cokolis Stal\u010di\u0173 skai\u010dius 4<\/p>","protected":false},"excerpt":{"rendered":"<p>REMI RM04 komoda puikiai tiks svetainei, miegamajam, prie\u0161kambariui ar jaunimo kambariui. Nepaisant kompakti\u0161ko dyd\u017eio (tik 54,5 cm auk\u0161\u010dio), ji yra erdvi ir tikrai tilps viskas, ko jums reikia. Moderni spalv\u0173 gama leid\u017eia sukurti tobul\u0105 interjer\u0105, pritaikyt\u0105 j\u016bs\u0173 skoniui ir poreikiams [\u2026]<\/p>","protected":false},"featured_media":256767,"comment_status":"open","ping_status":"open","template":"","meta":[],"product_brand":[],"product_cat":[1173,2457],"product_tag":[],"class_list":{"0":"post-256766","1":"product","2":"type-product","3":"status-publish","4":"has-post-thumbnail","6":"product_cat-chests-of-drawers","7":"product_cat-liveo","9":"first","10":"instock","11":"purchasable","12":"product-type-simple"},"_links":{"self":[{"href":"https:\/\/baldumarket.lt\/lt\/wp-json\/wp\/v2\/product\/256766","targetHints":{"allow":["GET"]}}],"collection":[{"href":"https:\/\/baldumarket.lt\/lt\/wp-json\/wp\/v2\/product"}],"about":[{"href":"https:\/\/baldumarket.lt\/lt\/wp-json\/wp\/v2\/types\/product"}],"replies":[{"embeddable":true,"href":"https:\/\/baldumarket.lt\/lt\/wp-json\/wp\/v2\/comments?post=256766"}],"wp:featuredmedia":[{"embeddable":true,"href":"https:\/\/baldumarket.lt\/lt\/wp-json\/wp\/v2\/media\/256767"}],"wp:attachment":[{"href":"https:\/\/baldumarket.lt\/lt\/wp-json\/wp\/v2\/media?parent=256766"}],"wp:term":[{"taxonomy":"product_brand","embeddable":true,"href":"https:\/\/baldumarket.lt\/lt\/wp-json\/wp\/v2\/product_brand?post=256766"},{"taxonomy":"product_cat","embeddable":true,"href":"https:\/\/baldumarket.lt\/lt\/wp-json\/wp\/v2\/product_cat?post=256766"},{"taxonomy":"product_tag","embeddable":true,"href":"https:\/\/baldumarket.lt\/lt\/wp-json\/wp\/v2\/product_tag?post=256766"}],"curies":[{"name":"wp","href":"https:\/\/api.w.org\/{rel}","templated":true}]}}