{"id":256726,"date":"2026-01-10T22:49:34","date_gmt":"2026-01-10T19:49:34","guid":{"rendered":"https:\/\/baldumarket.lt\/product\/remi-rm03-komoda-dab-evoke\/"},"modified":"2026-02-11T18:30:31","modified_gmt":"2026-02-11T15:30:31","slug":"remi-rm03-komoda-dab-evoke","status":"publish","type":"product","link":"https:\/\/baldumarket.lt\/lt\/product\/remi-rm03-komoda-dab-evoke\/","title":{"rendered":"REMI RM03 komoda su stal\u010diais, \u0105\u017euolo spalvos, \u201eEvoke\u201c"},"content":{"rendered":"<p>REMI RM03 komoda turi \u0161e\u0161is stal\u010dius, tod\u0117l juose lengva susid\u0117ti visus b\u016btiniausius aksesuarus ir \u012frenginius. Papildoma ypatyb\u0117 \u2013 stalvir\u0161is, puikiai tinkantis artim\u0173j\u0173 nuotraukoms ar atostog\u0173 suvenyrams eksponuoti. \u0160is baldas taip pat puikiai tinka miegamajame kaip vieta smulkiems drabu\u017eiams ar apatiniams daiktams laikyti. Moderni spalv\u0173 gama leid\u017eia sukurti tobul\u0105 interjer\u0105, pritaikyt\u0105 prie naudotoj\u0173 skonio ir poreiki\u0173. Ry\u0161kus fasad\u0173 frezavimas, pakei\u010diantis tradicines rankenas, pabr\u0117\u017eia bendr\u0105 stili\u0173. Kolekcijai b\u016bdinga minimalistin\u0117 i\u0161vaizda ir funkcionalumas. Komoda puikiai papildo REMI RM14 lentyn\u0105 ir gali b\u016bti derinama su kitais REMI serijos baldais arba naudojama kaip atskiras baldas, leid\u017eiantis pritaikyti kambario dizain\u0105 pagal savo skon\u012f.<\/p>\n<p>Plotis 137 cm Gylis 35 cm Auk\u0161tis 84 cm Produkto svoris su pakuote 53,6 kg Gamintojo kodas \/ simbolis RM03 Kolekcijos pavadinimas REMI Produkto pakuo\u010di\u0173 skai\u010dius 2 Stilius Moderni \u012franga Surinkimo instrukcijos \/ surinkimo priedai Surinkimas Savaranki\u0161kam surinkimui Stalvir\u0161io med\u017eiaga \/ tipas \/ storis laminuota med\u017eio dro\u017eli\u0173 plok\u0161t\u0117 16 mm Korpuso med\u017eiaga \/ tipas \/ storis Laminuota med\u017eio dro\u017eli\u0173 plok\u0161t\u0117 16 mm Priekin\u0117 med\u017eiaga \/ tipas \/ storis Laminuota med\u017eio dro\u017eli\u0173 plok\u0161t\u0117 16 mm Priekin\u0117 rankena \/ tipas \/ spalva frezuota Stal\u010di\u0173 b\u0117geliai rutulinis guolis Kojel\u0117 \/ tipas \/ spalva cokolis Stal\u010di\u0173 skai\u010dius 6<\/p>","protected":false},"excerpt":{"rendered":"<p>REMI RM03 komoda turi \u0161e\u0161is stal\u010dius, tod\u0117l juose lengva susid\u0117ti visus b\u016btiniausius aksesuarus ir \u012frenginius. Papildomas akcentas \u2013 stalvir\u0161is, puikiai tinkantis artim\u0173j\u0173 nuotraukoms ar atostog\u0173 suvenyrams eksponuoti. \u0160is baldas taip pat puikiai tinka miegamajame kaip vieta smulkiems drabu\u017eiams ar apatiniams. [\u2026]<\/p>","protected":false},"featured_media":256727,"comment_status":"open","ping_status":"open","template":"","meta":[],"product_brand":[],"product_cat":[1173,2457],"product_tag":[],"class_list":{"0":"post-256726","1":"product","2":"type-product","3":"status-publish","4":"has-post-thumbnail","6":"product_cat-chests-of-drawers","7":"product_cat-liveo","9":"first","10":"instock","11":"purchasable","12":"product-type-simple"},"_links":{"self":[{"href":"https:\/\/baldumarket.lt\/lt\/wp-json\/wp\/v2\/product\/256726","targetHints":{"allow":["GET"]}}],"collection":[{"href":"https:\/\/baldumarket.lt\/lt\/wp-json\/wp\/v2\/product"}],"about":[{"href":"https:\/\/baldumarket.lt\/lt\/wp-json\/wp\/v2\/types\/product"}],"replies":[{"embeddable":true,"href":"https:\/\/baldumarket.lt\/lt\/wp-json\/wp\/v2\/comments?post=256726"}],"wp:featuredmedia":[{"embeddable":true,"href":"https:\/\/baldumarket.lt\/lt\/wp-json\/wp\/v2\/media\/256727"}],"wp:attachment":[{"href":"https:\/\/baldumarket.lt\/lt\/wp-json\/wp\/v2\/media?parent=256726"}],"wp:term":[{"taxonomy":"product_brand","embeddable":true,"href":"https:\/\/baldumarket.lt\/lt\/wp-json\/wp\/v2\/product_brand?post=256726"},{"taxonomy":"product_cat","embeddable":true,"href":"https:\/\/baldumarket.lt\/lt\/wp-json\/wp\/v2\/product_cat?post=256726"},{"taxonomy":"product_tag","embeddable":true,"href":"https:\/\/baldumarket.lt\/lt\/wp-json\/wp\/v2\/product_tag?post=256726"}],"curies":[{"name":"wp","href":"https:\/\/api.w.org\/{rel}","templated":true}]}}