{"id":256704,"date":"2026-01-10T22:49:24","date_gmt":"2026-01-10T19:49:24","guid":{"rendered":"https:\/\/baldumarket.lt\/product\/remi-rm02-komoda-dab-sonoma\/"},"modified":"2026-02-11T18:30:32","modified_gmt":"2026-02-11T15:30:32","slug":"remi-rm02-komoda-dab-sonoma","status":"publish","type":"product","link":"https:\/\/baldumarket.lt\/lt\/product\/remi-rm02-komoda-dab-sonoma\/","title":{"rendered":"REMI RM02 komoda su stal\u010diais, SONOMA \u0105\u017euolo spalvos"},"content":{"rendered":"<p>Trij\u0173 stal\u010di\u0173 komoda REMI RM02 derina modern\u0173 dizain\u0105 su funkcionalumu. Ji puikiai tinka svetainei, miegamajam, prie\u0161kambariui ar jaunimo kambariui. Nepaisant kompakti\u0161ko dyd\u017eio (tik 78 cm), ji yra labai erdvi ir tikrai tilps viskas, ko jums reikia. I\u0161rai\u0161kingas ir patrauklus dizainas puikiai tinka bet kuriai erdvei. Moderni spalv\u0173 palet\u0117 leid\u017eia sukurti tobul\u0105 interjer\u0105, pritaikyt\u0105 prie vartotoj\u0173 skonio ir poreiki\u0173. Ry\u0161k\u016bs frezavimai fasaduose, pakei\u010diantys tradicines rankenas, pabr\u0117\u017eia bendr\u0105 stili\u0173. Kolekcijai b\u016bdinga minimalistin\u0117 i\u0161vaizda ir funkcionalumas. Komoda idealiai dera su kitais REMI serijos baldais arba kaip atskiras baldas, prisitaikantis prie j\u016bs\u0173 kambario interjero.<\/p>\n<p>Plotis 78 cm Gylis 35 cm Auk\u0161tis 84 cm Produkto svoris su pakuote 31,72 kg Gamintojo kodas \/ simbolis RM02 Kolekcijos pavadinimas REMI Produkto pakuo\u010di\u0173 skai\u010dius 1 Stilius Moderni \u012franga Surinkimo instrukcijos \/ surinkimo priedai Surinkimas Savaranki\u0161kam surinkimui Stalvir\u0161io med\u017eiaga \/ tipas \/ storis laminuota med\u017eio dro\u017eli\u0173 plok\u0161t\u0117 16 mm Korpuso med\u017eiaga \/ tipas \/ storis Laminuota med\u017eio dro\u017eli\u0173 plok\u0161t\u0117 16 mm Priekin\u0117 med\u017eiaga \/ tipas \/ storis Laminuota med\u017eio dro\u017eli\u0173 plok\u0161t\u0117 16 mm Priekin\u0117 rankena \/ tipas \/ spalva frezuota Stal\u010di\u0173 b\u0117geliai rutulinis guolis Kojel\u0117 \/ tipas \/ spalva cokolis Stal\u010di\u0173 skai\u010dius 3<\/p>","protected":false},"excerpt":{"rendered":"<p>REMI RM02 komoda su trimis stal\u010diais derina modern\u0173 dizain\u0105 ir funkcionalum\u0105. Ji puikiai tinka svetainei, miegamajam, prie\u0161kambariui ar jaunimo kambariui. Nepaisant kompakti\u0161ko dyd\u017eio (tik 78 cm), ji yra labai erdvi ir tikrai tilps viskas, ko jums reikia. I\u0161rai\u0161kingas ir patrauklus dizainas daro j\u0105 puikiu bet kurios erdv\u0117s papildymu. Jos modernus [\u2026]<\/p>","protected":false},"featured_media":254865,"comment_status":"open","ping_status":"open","template":"","meta":[],"product_brand":[],"product_cat":[1173,2457],"product_tag":[],"class_list":{"0":"post-256704","1":"product","2":"type-product","3":"status-publish","4":"has-post-thumbnail","6":"product_cat-chests-of-drawers","7":"product_cat-liveo","9":"first","10":"instock","11":"purchasable","12":"product-type-simple"},"_links":{"self":[{"href":"https:\/\/baldumarket.lt\/lt\/wp-json\/wp\/v2\/product\/256704","targetHints":{"allow":["GET"]}}],"collection":[{"href":"https:\/\/baldumarket.lt\/lt\/wp-json\/wp\/v2\/product"}],"about":[{"href":"https:\/\/baldumarket.lt\/lt\/wp-json\/wp\/v2\/types\/product"}],"replies":[{"embeddable":true,"href":"https:\/\/baldumarket.lt\/lt\/wp-json\/wp\/v2\/comments?post=256704"}],"wp:featuredmedia":[{"embeddable":true,"href":"https:\/\/baldumarket.lt\/lt\/wp-json\/wp\/v2\/media\/254865"}],"wp:attachment":[{"href":"https:\/\/baldumarket.lt\/lt\/wp-json\/wp\/v2\/media?parent=256704"}],"wp:term":[{"taxonomy":"product_brand","embeddable":true,"href":"https:\/\/baldumarket.lt\/lt\/wp-json\/wp\/v2\/product_brand?post=256704"},{"taxonomy":"product_cat","embeddable":true,"href":"https:\/\/baldumarket.lt\/lt\/wp-json\/wp\/v2\/product_cat?post=256704"},{"taxonomy":"product_tag","embeddable":true,"href":"https:\/\/baldumarket.lt\/lt\/wp-json\/wp\/v2\/product_tag?post=256704"}],"curies":[{"name":"wp","href":"https:\/\/api.w.org\/{rel}","templated":true}]}}