{"id":256651,"date":"2026-01-10T22:48:55","date_gmt":"2026-01-10T19:48:55","guid":{"rendered":"https:\/\/baldumarket.lt\/product\/remi-rm01-rtv-bialy-dab-evoke\/"},"modified":"2026-02-11T18:30:32","modified_gmt":"2026-02-11T15:30:32","slug":"remi-rm01-rtv-bialy-dab-evoke","status":"publish","type":"product","link":"https:\/\/baldumarket.lt\/lt\/product\/remi-rm01-rtv-bialy-dab-evoke\/","title":{"rendered":"REMI RM01 RTV BALTA\/\u0104\u017dUOLO EVOKE"},"content":{"rendered":"<p>REMI RM01 televizoriaus staliukas \u2013 tai baldas, kuris ne tik pasitarnaus kaip baldas, bet ir kaip dekoratyvinis elementas, tod\u0117l d\u0117l savo i\u0161skirtinio ir patrauklaus dizaino puikiai tiks bet kurioje erdv\u0117je. 150 cm plo\u010dio staliukas talpina beveik bet kokio dyd\u017eio televizori\u0173. Jame yra du stal\u010diai, kuriuose gal\u0117site laikyti visus b\u016btiniausius daiktus. Apvali laid\u0173 \u012fvor\u0117 palengvina laid\u0173 tvarkym\u0105. Moderni spalv\u0173 schema leid\u017eia susikurti tobul\u0105 interjer\u0105, pritaikyt\u0105 j\u016bs\u0173 skoniui ir poreikiams. Ry\u0161k\u016bs fasad\u0173 frezavimai, kurie pakei\u010dia tradicines rankenas, pabr\u0117\u017eia bendr\u0105 dizain\u0105. Kolekcijai b\u016bdinga minimalistin\u0117 i\u0161vaizda ir funkcionalumas. Televizoriaus staliukas idealiai tinka derinant su kitais REMI serijos baldais arba kaip atskiras baldas, prisitaikantis prie j\u016bs\u0173 kambario interjero dizaino.<\/p>\n<p>Plotis 150,5 cm Gylis 37 cm Auk\u0161tis 52 cm Produkto svoris su pakuote 39,25 kg Gamintojo kodas \/ simbolis RM01 Kolekcijos pavadinimas REMI Produkto pakuo\u010di\u0173 skai\u010dius 2 Stilius Moderni \u012franga Surinkimo instrukcijos \/ surinkimo priedai Surinkimas Savaranki\u0161kam surinkimui Stalvir\u0161io med\u017eiaga \/ tipas \/ storis laminuota med\u017eio dro\u017eli\u0173 plok\u0161t\u0117 16 mm Korpuso med\u017eiaga \/ tipas \/ storis Laminuota med\u017eio dro\u017eli\u0173 plok\u0161t\u0117 16 mm Galin\u0117s sienel\u0117s matomos dalies spalva balta Priekin\u0117 med\u017eiaga \/ tipas \/ storis Laminuota med\u017eio dro\u017eli\u0173 plok\u0161t\u0117 16 mm Priekin\u0117 rankena \/ tipas \/ spalva frezuota Skyl\u0117 RTV laidams 50 mm x 2 Stal\u010di\u0173 b\u0117geliai Rutulinis guolis Kojel\u0117 \/ tipas \/ spalva Cokolis Stal\u010di\u0173 skai\u010dius 2<\/p>","protected":false},"excerpt":{"rendered":"<p>REMI RM01 televizoriaus staliukas yra baldas, kuris ne tik tarnaus kaip baldas, bet ir kaip dekoratyvinis elementas, tod\u0117l d\u0117l savo i\u0161skirtinio ir patrauklaus dizaino puikiai tiks bet kurioje erdv\u0117je. 150 cm plo\u010dio jis gali sutalpinti beveik bet kokio dyd\u017eio televizori\u0173. Jis [\u2026]<\/p>","protected":false},"featured_media":256652,"comment_status":"open","ping_status":"open","template":"","meta":[],"product_brand":[],"product_cat":[2457,1175],"product_tag":[],"class_list":{"0":"post-256651","1":"product","2":"type-product","3":"status-publish","4":"has-post-thumbnail","6":"product_cat-liveo","7":"product_cat-tv-stands","9":"first","10":"instock","11":"purchasable","12":"product-type-simple"},"_links":{"self":[{"href":"https:\/\/baldumarket.lt\/lt\/wp-json\/wp\/v2\/product\/256651","targetHints":{"allow":["GET"]}}],"collection":[{"href":"https:\/\/baldumarket.lt\/lt\/wp-json\/wp\/v2\/product"}],"about":[{"href":"https:\/\/baldumarket.lt\/lt\/wp-json\/wp\/v2\/types\/product"}],"replies":[{"embeddable":true,"href":"https:\/\/baldumarket.lt\/lt\/wp-json\/wp\/v2\/comments?post=256651"}],"wp:featuredmedia":[{"embeddable":true,"href":"https:\/\/baldumarket.lt\/lt\/wp-json\/wp\/v2\/media\/256652"}],"wp:attachment":[{"href":"https:\/\/baldumarket.lt\/lt\/wp-json\/wp\/v2\/media?parent=256651"}],"wp:term":[{"taxonomy":"product_brand","embeddable":true,"href":"https:\/\/baldumarket.lt\/lt\/wp-json\/wp\/v2\/product_brand?post=256651"},{"taxonomy":"product_cat","embeddable":true,"href":"https:\/\/baldumarket.lt\/lt\/wp-json\/wp\/v2\/product_cat?post=256651"},{"taxonomy":"product_tag","embeddable":true,"href":"https:\/\/baldumarket.lt\/lt\/wp-json\/wp\/v2\/product_tag?post=256651"}],"curies":[{"name":"wp","href":"https:\/\/api.w.org\/{rel}","templated":true}]}}