{"id":256639,"date":"2026-01-10T22:48:47","date_gmt":"2026-01-10T19:48:47","guid":{"rendered":"https:\/\/baldumarket.lt\/product\/pz01-140-tapicerowany-panel-zaglowia-do-loza-140-2-szt\/"},"modified":"2026-02-11T18:30:32","modified_gmt":"2026-02-11T15:30:32","slug":"pz01-140-tapicerowany-panel-zaglowia-do-loza-140-2-szt","status":"publish","type":"product","link":"https:\/\/baldumarket.lt\/lt\/product\/pz01-140-tapicerowany-panel-zaglowia-do-loza-140-2-szt\/","title":{"rendered":"PZ01\/140 APMU\u0160TAS LOVO GALV\u016aGALIO PANEL\u0116 140, 2 VNT"},"content":{"rendered":"<p>Galv\u016bgalis yra papildomas baldas, galintis gerokai pagerinti miegamojo i\u0161vaizd\u0105 ir suteikti papildomo komforto. Sukurtas 140 cm plo\u010dio lovai, jis tiekiamas \u201eAmor4322\u201c spalvos. \u0160is galv\u016bgalis yra modernaus dizaino ir lengvai tvirtinamas prie galv\u016bgalio. Pagrindin\u0117 jo funkcija \u2013 suteikti patogi\u0105 atram\u0105 miegan\u010diajam, o tai gali b\u016bti ypa\u010d naudinga skaitant knyg\u0105 prie\u0161 mieg\u0105 ar \u017ei\u016brint televizori\u0173. \u0160is galv\u016bgalis pagamintas i\u0161 auk\u0161tos kokyb\u0117s med\u017eiag\u0173, u\u017etikrinan\u010di\u0173 patvarum\u0105 ir estetin\u012f patrauklum\u0105 ilgus metus. Be to, jis gali atlikti ir dekoratyvin\u0119 funkcij\u0105, suteikdamas miegamajam eleganti\u0161k\u0105 ir modern\u0173 vaizd\u0105.<\/p>\n<p>Plotis 49,2 cm Gylis 3 cm Auk\u0161tis 44 cm Gaminio svoris su pakuote 2,45 kg Gamintojo kodas \/ simbolis PZ01\/140 Pavadinimas b2b sistemoje T. LOVOS GALV\u016aGLIO PANEL\u0116 PZ01\/140 2 vnt. Gaminio pakuo\u010di\u0173 skai\u010dius 1 Stilius Modernus \u012eranga Surinkimo instrukcijos \/ surinkimo priedai Surinkimas Savaranki\u0161kam surinkimui Spalva Juoda Korpuso med\u017eiaga \/ tipas \/ storis HDF bald\u0173 plok\u0161t\u0117 5 mm, POLIURETANO PUTOS 20 mm, audinys Audinio pavadinimas \/ numeris Amor \/ 4322<\/p>","protected":false},"excerpt":{"rendered":"<p>Galv\u016bgalis yra papildomas baldas, galintis gerokai pagerinti miegamojo i\u0161vaizd\u0105 ir suteikti papildomo komforto. Skirtas 140 cm plo\u010dio lovai, jis tiekiamas \u201eAmor4322\u201c spalvos. \u0160is galv\u016bgalis yra modernaus dizaino ir gali b\u016bti lengvai pritvirtintas prie galv\u016bgalio. Pagrindin\u0117 jo funkcija \u2013 [\u2026]<\/p>","protected":false},"featured_media":252419,"comment_status":"open","ping_status":"open","template":"","meta":[],"product_brand":[],"product_cat":[1043,2457],"product_tag":[],"class_list":{"0":"post-256639","1":"product","2":"type-product","3":"status-publish","4":"has-post-thumbnail","6":"product_cat-extras","7":"product_cat-liveo","9":"first","10":"instock","11":"purchasable","12":"product-type-simple"},"_links":{"self":[{"href":"https:\/\/baldumarket.lt\/lt\/wp-json\/wp\/v2\/product\/256639","targetHints":{"allow":["GET"]}}],"collection":[{"href":"https:\/\/baldumarket.lt\/lt\/wp-json\/wp\/v2\/product"}],"about":[{"href":"https:\/\/baldumarket.lt\/lt\/wp-json\/wp\/v2\/types\/product"}],"replies":[{"embeddable":true,"href":"https:\/\/baldumarket.lt\/lt\/wp-json\/wp\/v2\/comments?post=256639"}],"wp:featuredmedia":[{"embeddable":true,"href":"https:\/\/baldumarket.lt\/lt\/wp-json\/wp\/v2\/media\/252419"}],"wp:attachment":[{"href":"https:\/\/baldumarket.lt\/lt\/wp-json\/wp\/v2\/media?parent=256639"}],"wp:term":[{"taxonomy":"product_brand","embeddable":true,"href":"https:\/\/baldumarket.lt\/lt\/wp-json\/wp\/v2\/product_brand?post=256639"},{"taxonomy":"product_cat","embeddable":true,"href":"https:\/\/baldumarket.lt\/lt\/wp-json\/wp\/v2\/product_cat?post=256639"},{"taxonomy":"product_tag","embeddable":true,"href":"https:\/\/baldumarket.lt\/lt\/wp-json\/wp\/v2\/product_tag?post=256639"}],"curies":[{"name":"wp","href":"https:\/\/api.w.org\/{rel}","templated":true}]}}