{"id":256634,"date":"2026-01-10T22:48:42","date_gmt":"2026-01-10T19:48:42","guid":{"rendered":"https:\/\/baldumarket.lt\/product\/prisco-pr10-stol-rozkladany\/"},"modified":"2026-02-11T18:30:32","modified_gmt":"2026-02-11T15:30:32","slug":"prisco-pr10-stol-rozkladany","status":"publish","type":"product","link":"https:\/\/baldumarket.lt\/lt\/product\/prisco-pr10-stol-rozkladany\/","title":{"rendered":"PRISCO PR10 I\u0160TRAUKIAMAS STALAS"},"content":{"rendered":"<p>PRISCO PR10 stalas puikiai atrodo tiek svetain\u0117je, tiek valgomajame. \u0160is patvarus valgomojo stalas puikiai tiks didel\u0117ms vakarien\u0117ms ir \u0161eimos susib\u016brimams. Sulankstytas jo ilgis yra 112 cm, o i\u0161skleistas \u2013 145\u2013178 cm. \u0160iltas med\u017eio atspalvis traukia ak\u012f ir sukuria \u0161ilt\u0105, jauki\u0105 atmosfer\u0105. Stalas puikiai dera su kitais PRISCO serijos baldais arba yra atskiras baldas, prisitaikantis prie j\u016bs\u0173 kambario interjero.<\/p>\n<p>Plotis 90 cm Ilgis 112-145-178 cm Auk\u0161tis 76 cm Produkto svoris su pakuote 47,55 kg Gamintojo kodas \/ simbolis PR10 Kolekcijos pavadinimas PRISCO Sulankstomas TAIP Produkto pakuo\u010di\u0173 skai\u010dius 3 Stilius Moderni \u012franga Surinkimo instrukcijos \/ surinkimo priedai Surinkimas Savaranki\u0161kam surinkimui<\/p>","protected":false},"excerpt":{"rendered":"<p>PRISCO PR10 stalas puikiai atrodo tiek svetain\u0117je, tiek valgomajame. \u0160is patvarus valgomojo stalas puikiai tiks didel\u0117ms vakarien\u0117ms ir \u0161eimos susib\u016brimams. Sulankstytas jo ilgis yra 112 cm, o i\u0161skleistas \u2013 145\u2013178 cm. \u0160iltas med\u017eio atspalvis traukia ak\u012f ir sukuria \u0161ilt\u0105, jauki\u0105 atmosfer\u0105. Stalas [\u2026]<\/p>","protected":false},"featured_media":254884,"comment_status":"open","ping_status":"open","template":"","meta":[],"product_brand":[],"product_cat":[2457,1934],"product_tag":[],"class_list":{"0":"post-256634","1":"product","2":"type-product","3":"status-publish","4":"has-post-thumbnail","6":"product_cat-liveo","7":"product_cat-tables","9":"first","10":"instock","11":"product-type-simple"},"_links":{"self":[{"href":"https:\/\/baldumarket.lt\/lt\/wp-json\/wp\/v2\/product\/256634","targetHints":{"allow":["GET"]}}],"collection":[{"href":"https:\/\/baldumarket.lt\/lt\/wp-json\/wp\/v2\/product"}],"about":[{"href":"https:\/\/baldumarket.lt\/lt\/wp-json\/wp\/v2\/types\/product"}],"replies":[{"embeddable":true,"href":"https:\/\/baldumarket.lt\/lt\/wp-json\/wp\/v2\/comments?post=256634"}],"wp:featuredmedia":[{"embeddable":true,"href":"https:\/\/baldumarket.lt\/lt\/wp-json\/wp\/v2\/media\/254884"}],"wp:attachment":[{"href":"https:\/\/baldumarket.lt\/lt\/wp-json\/wp\/v2\/media?parent=256634"}],"wp:term":[{"taxonomy":"product_brand","embeddable":true,"href":"https:\/\/baldumarket.lt\/lt\/wp-json\/wp\/v2\/product_brand?post=256634"},{"taxonomy":"product_cat","embeddable":true,"href":"https:\/\/baldumarket.lt\/lt\/wp-json\/wp\/v2\/product_cat?post=256634"},{"taxonomy":"product_tag","embeddable":true,"href":"https:\/\/baldumarket.lt\/lt\/wp-json\/wp\/v2\/product_tag?post=256634"}],"curies":[{"name":"wp","href":"https:\/\/api.w.org\/{rel}","templated":true}]}}