{"id":256633,"date":"2026-01-10T22:48:40","date_gmt":"2026-01-10T19:48:40","guid":{"rendered":"https:\/\/baldumarket.lt\/product\/prisco-pr09-lawa-rozkladana\/"},"modified":"2026-02-11T18:30:33","modified_gmt":"2026-02-11T15:30:33","slug":"prisco-pr09-lawa-rozkladana","status":"publish","type":"product","link":"https:\/\/baldumarket.lt\/lt\/product\/prisco-pr09-lawa-rozkladana\/","title":{"rendered":"PRISCO PR09 SULANKSTOMAS SUOLAS"},"content":{"rendered":"<p>PRISCO PR09 bus puikus svetain\u0117s ar valgomojo papildymas. Jis puikiai tinka susib\u016brimams su \u0161eima ar draugais. Kavos staliukas lengvai i\u0161siple\u010dia iki 144 cm auk\u0161\u010dio. Tvirtas kolonos pagrindas u\u017etikrina stabilum\u0105. \u0160iltas med\u017eio atspalvis traukia ak\u012f ir sukuria \u0161ilt\u0105, jauki\u0105 atmosfer\u0105. Kavos staliukas puikiai dera su kitais PRISCO serijos baldais arba kaip atskiras baldas, prisitaikantis prie j\u016bs\u0173 kambario interjero dizaino.<\/p>\n<p>Plotis 68 cm Ilgis 114\u2013144 cm Auk\u0161tis 51,5 cm Produkto svoris su pakuote 35,6 kg Gamintojo kodas \/ simbolis PR09 Kolekcijos pavadinimas PRISCO Sulankstomas TAIP Produkto pakuo\u010di\u0173 skai\u010dius 3 Stilius Moderni \u012franga Surinkimo instrukcijos \/ surinkimo priedai Surinkimas Savaranki\u0161kam surinkimui<\/p>","protected":false},"excerpt":{"rendered":"<p>PRISCO PR09 bus puikus svetain\u0117s ar valgomojo papildymas. Jis puikiai tinka susib\u016brimams su \u0161eima ar draugais. Kavos staliukas lengvai i\u0161siple\u010dia iki 144 cm auk\u0161\u010dio. Tvirtas kolonos pagrindas u\u017etikrina stabilum\u0105. \u0160iltas med\u017eio atspalvis traukia ak\u012f ir sukuria \u0161ilt\u0105, jauki\u0105 atmosfer\u0105. Kavos [\u2026]<\/p>","protected":false},"featured_media":256615,"comment_status":"open","ping_status":"open","template":"","meta":[],"product_brand":[],"product_cat":[866,2457],"product_tag":[],"class_list":{"0":"post-256633","1":"product","2":"type-product","3":"status-publish","4":"has-post-thumbnail","6":"product_cat-coffee-tables","7":"product_cat-liveo","9":"first","10":"instock","11":"product-type-simple"},"_links":{"self":[{"href":"https:\/\/baldumarket.lt\/lt\/wp-json\/wp\/v2\/product\/256633","targetHints":{"allow":["GET"]}}],"collection":[{"href":"https:\/\/baldumarket.lt\/lt\/wp-json\/wp\/v2\/product"}],"about":[{"href":"https:\/\/baldumarket.lt\/lt\/wp-json\/wp\/v2\/types\/product"}],"replies":[{"embeddable":true,"href":"https:\/\/baldumarket.lt\/lt\/wp-json\/wp\/v2\/comments?post=256633"}],"wp:featuredmedia":[{"embeddable":true,"href":"https:\/\/baldumarket.lt\/lt\/wp-json\/wp\/v2\/media\/256615"}],"wp:attachment":[{"href":"https:\/\/baldumarket.lt\/lt\/wp-json\/wp\/v2\/media?parent=256633"}],"wp:term":[{"taxonomy":"product_brand","embeddable":true,"href":"https:\/\/baldumarket.lt\/lt\/wp-json\/wp\/v2\/product_brand?post=256633"},{"taxonomy":"product_cat","embeddable":true,"href":"https:\/\/baldumarket.lt\/lt\/wp-json\/wp\/v2\/product_cat?post=256633"},{"taxonomy":"product_tag","embeddable":true,"href":"https:\/\/baldumarket.lt\/lt\/wp-json\/wp\/v2\/product_tag?post=256633"}],"curies":[{"name":"wp","href":"https:\/\/api.w.org\/{rel}","templated":true}]}}