{"id":256632,"date":"2026-01-10T22:48:38","date_gmt":"2026-01-10T19:48:38","guid":{"rendered":"https:\/\/baldumarket.lt\/product\/prisco-pr08-polka-wiszaca\/"},"modified":"2026-02-11T18:30:33","modified_gmt":"2026-02-11T15:30:33","slug":"prisco-pr08-polka-wiszaca","status":"publish","type":"product","link":"https:\/\/baldumarket.lt\/lt\/product\/prisco-pr08-polka-wiszaca\/","title":{"rendered":"PRISCO PR08 PAKABINAMA LENTYNA"},"content":{"rendered":"<p>PRISCO PR08 lentyna puikiai atrodo svetain\u0117se ir valgomuosiuose. Ji puikiai tinka knygoms ir m\u0117gstamoms dekoracijoms eksponuoti. \u0160ilto med\u017eio atspalvio ir juod\u0173 akcent\u0173 derinys traukia ak\u012f ir sukuria tikrai dizainerio kurt\u0105 bald\u0105. Lentyna puikiai dera su kitais PRISCO serijos baldais arba yra atskiras baldas, prisitaikantis prie j\u016bs\u0173 kambario interjero dizaino.<\/p>\n<p>Plotis 150,5 cm Gylis 23,5 cm Auk\u0161tis 22 cm Gaminio svoris su pakuote 8,9 kg Gamintojo kodas \/ simbolis PR08 Kolekcijos pavadinimas PRISCO Gaminio pakuo\u010di\u0173 skai\u010dius 1 Stilius Moderni \u012franga Surinkimo instrukcijos \/ surinkimo priedai Surinkimas Savaranki\u0161kam surinkimui<\/p>","protected":false},"excerpt":{"rendered":"<p>PRISCO PR08 lentyna puikiai atrodo svetain\u0117se ir valgomuosiuose. Ji puikiai tinka knygoms ir m\u0117gstamoms dekoracijoms eksponuoti. \u0160ilto med\u017eio atspalvio ir juod\u0173 akcent\u0173 derinys traukia ak\u012f ir sukuria tikrai dizainerio stiliaus bald\u0105. Lentyna puikiai dera su kitais PRISCO serijos baldais arba kaip atskira [\u2026]<\/p>","protected":false},"featured_media":256617,"comment_status":"open","ping_status":"open","template":"","meta":[],"product_brand":[],"product_cat":[1174,2457],"product_tag":[],"class_list":{"0":"post-256632","1":"product","2":"type-product","3":"status-publish","4":"has-post-thumbnail","6":"product_cat-hanging-shelves","7":"product_cat-liveo","9":"first","10":"instock","11":"product-type-simple"},"_links":{"self":[{"href":"https:\/\/baldumarket.lt\/lt\/wp-json\/wp\/v2\/product\/256632","targetHints":{"allow":["GET"]}}],"collection":[{"href":"https:\/\/baldumarket.lt\/lt\/wp-json\/wp\/v2\/product"}],"about":[{"href":"https:\/\/baldumarket.lt\/lt\/wp-json\/wp\/v2\/types\/product"}],"replies":[{"embeddable":true,"href":"https:\/\/baldumarket.lt\/lt\/wp-json\/wp\/v2\/comments?post=256632"}],"wp:featuredmedia":[{"embeddable":true,"href":"https:\/\/baldumarket.lt\/lt\/wp-json\/wp\/v2\/media\/256617"}],"wp:attachment":[{"href":"https:\/\/baldumarket.lt\/lt\/wp-json\/wp\/v2\/media?parent=256632"}],"wp:term":[{"taxonomy":"product_brand","embeddable":true,"href":"https:\/\/baldumarket.lt\/lt\/wp-json\/wp\/v2\/product_brand?post=256632"},{"taxonomy":"product_cat","embeddable":true,"href":"https:\/\/baldumarket.lt\/lt\/wp-json\/wp\/v2\/product_cat?post=256632"},{"taxonomy":"product_tag","embeddable":true,"href":"https:\/\/baldumarket.lt\/lt\/wp-json\/wp\/v2\/product_tag?post=256632"}],"curies":[{"name":"wp","href":"https:\/\/api.w.org\/{rel}","templated":true}]}}