{"id":256630,"date":"2026-01-10T22:48:35","date_gmt":"2026-01-10T19:48:35","guid":{"rendered":"https:\/\/baldumarket.lt\/product\/prisco-pr07-szafa\/"},"modified":"2026-02-11T18:30:33","modified_gmt":"2026-02-11T15:30:33","slug":"prisco-pr07-szafa","status":"publish","type":"product","link":"https:\/\/baldumarket.lt\/lt\/product\/prisco-pr07-szafa\/","title":{"rendered":"PRISCO PR07 drabu\u017ei\u0173 spinta"},"content":{"rendered":"<p>Spinta PRISCO PR07 puikiai papildys svetain\u0119 ar prie\u0161kambar\u012f. Dviej\u0173 dur\u0173 spinta turi pakab\u0105 ir dvi ni\u0161as, u\u017etikrinan\u010dias optimali\u0105 daikt\u0173 laikymo viet\u0105. \u0160ilto med\u017eio atspalvio ir juod\u0173 akcent\u0173 derinys traukia ak\u012f ir sukuria tikrai dizainerio stiliaus bald\u0105. Spintel\u0117s dekoratyviniai elementai yra frezuotos ranken\u0117l\u0117s. Televizoriaus staliukas idealiai dera su kitais PRISCO serijos baldais arba yra atskiras baldas, tod\u0117l galite j\u012f pritaikyti prie savo kambario interjero dizaino.<\/p>\n<p>Plotis 84 cm Gylis 53,5 cm Auk\u0161tis 192 cm Produkto svoris su pakuote 72,95 kg Gamintojo kodas \/ simbolis PR07 Kolekcijos pavadinimas PRISCO Produkto pakuo\u010di\u0173 skai\u010dius 3 Stilius Moderni \u012franga Surinkimo instrukcijos \/ surinkimo priedai Surinkimas Savaranki\u0161kam surinkimui Kojel\u0117 \/ dizainas \/ spalva Plastikin\u0117, nereguliuojama<\/p>","protected":false},"excerpt":{"rendered":"<p>Spinta \u201ePRISCO PR07\u201c puikiai papildys svetain\u0119 ar prie\u0161kambar\u012f. Dviej\u0173 dur\u0173 spinta turi pakab\u0105 ir dvi ni\u0161as, u\u017etikrinan\u010dias optimali\u0105 daikt\u0173 laikymo viet\u0105. \u0160ilto med\u017eio atspalvio ir juod\u0173 akcent\u0173 derinys traukia ak\u012f ir sukuria tikrai dizainerio bald\u0105. Spintel\u0117s dekoratyviniai elementai yra frezuotos rankenos. [\u2026]<\/p>","protected":false},"featured_media":256620,"comment_status":"open","ping_status":"open","template":"","meta":[],"product_brand":[],"product_cat":[2457,1177],"product_tag":[],"class_list":{"0":"post-256630","1":"product","2":"type-product","3":"status-publish","4":"has-post-thumbnail","6":"product_cat-liveo","7":"product_cat-wardrobes","9":"first","10":"instock","11":"product-type-simple"},"_links":{"self":[{"href":"https:\/\/baldumarket.lt\/lt\/wp-json\/wp\/v2\/product\/256630","targetHints":{"allow":["GET"]}}],"collection":[{"href":"https:\/\/baldumarket.lt\/lt\/wp-json\/wp\/v2\/product"}],"about":[{"href":"https:\/\/baldumarket.lt\/lt\/wp-json\/wp\/v2\/types\/product"}],"replies":[{"embeddable":true,"href":"https:\/\/baldumarket.lt\/lt\/wp-json\/wp\/v2\/comments?post=256630"}],"wp:featuredmedia":[{"embeddable":true,"href":"https:\/\/baldumarket.lt\/lt\/wp-json\/wp\/v2\/media\/256620"}],"wp:attachment":[{"href":"https:\/\/baldumarket.lt\/lt\/wp-json\/wp\/v2\/media?parent=256630"}],"wp:term":[{"taxonomy":"product_brand","embeddable":true,"href":"https:\/\/baldumarket.lt\/lt\/wp-json\/wp\/v2\/product_brand?post=256630"},{"taxonomy":"product_cat","embeddable":true,"href":"https:\/\/baldumarket.lt\/lt\/wp-json\/wp\/v2\/product_cat?post=256630"},{"taxonomy":"product_tag","embeddable":true,"href":"https:\/\/baldumarket.lt\/lt\/wp-json\/wp\/v2\/product_tag?post=256630"}],"curies":[{"name":"wp","href":"https:\/\/api.w.org\/{rel}","templated":true}]}}