{"id":256628,"date":"2026-01-10T22:48:33","date_gmt":"2026-01-10T19:48:33","guid":{"rendered":"https:\/\/baldumarket.lt\/product\/prisco-pr06-witryna-lewa\/"},"modified":"2026-02-11T18:30:33","modified_gmt":"2026-02-11T15:30:33","slug":"prisco-pr06-witryna-lewa","status":"publish","type":"product","link":"https:\/\/baldumarket.lt\/lt\/product\/prisco-pr06-witryna-lewa\/","title":{"rendered":"PRISCO PR06 KAIR\u0116 VITRINA"},"content":{"rendered":"<p>Kairin\u0117 vitrina \u201ePRISCO PR06\u201c puikiai atrodo svetain\u0117je ir valgomajame, suteikdama jai klas\u0117s ir \u017eavesio. Vien\u0173 dureli\u0173 vitrina su stikline dalimi ir vidin\u0117mis lentynomis leid\u017eia patogiai i\u0161d\u0117styti reikiamus daiktus ir eksponuoti dekoracijas. Interjerui pary\u0161kinti taip pat galima naudoti pasirenkam\u0105 LED ap\u0161vietim\u0105. \u0160ilto med\u017eio atspalvio ir juod\u0173 akcent\u0173 derinys traukia ak\u012f ir sukuria tikrai dizainerio \u012fvaizd\u012f. Vitrina turi frezuotas rankenas. Spintel\u0117 idealiai tinka naudoti su kitais \u201ePRISCO\u201c serijos baldais arba kaip atskiras baldas, tod\u0117l galite j\u0105 pritaikyti prie savo kambario interjero dizaino.<\/p>\n<p>Plotis 55 cm Gylis 39,5 cm Auk\u0161tis 192 cm Produkto svoris su pakuote 48,5 kg Gamintojo kodas \/ simbolis PR06 Kolekcijos pavadinimas PRISCO Produkto pakuo\u010di\u0173 skai\u010dius 3 Stilius Moderni \u012franga Surinkimo instrukcijos \/ surinkimo priedai Surinkimas Savaranki\u0161kam surinkimui Kojel\u0117 \/ dizainas \/ spalva Plastikin\u0117, nereguliuojama<\/p>","protected":false},"excerpt":{"rendered":"<p>Kair\u0117je pus\u0117je esanti \u201ePRISCO PR06\u201c vitrina puikiai atrodo svetain\u0117se ir valgomuosiuose, suteikdama joms klas\u0117s ir \u017eavesio. Vien\u0173 dureli\u0173 vitrina su stikline dalimi ir vidin\u0117mis lentynomis leid\u017eia patogiai i\u0161d\u0117styti reikiamus daiktus ir eksponuoti dekoracijas. Papildomai galima naudoti LED ap\u0161vietim\u0105 interjerui pary\u0161kinti. [\u2026]<\/p>","protected":false},"featured_media":256629,"comment_status":"open","ping_status":"open","template":"","meta":[],"product_brand":[],"product_cat":[2457,2006],"product_tag":[],"class_list":{"0":"post-256628","1":"product","2":"type-product","3":"status-publish","4":"has-post-thumbnail","6":"product_cat-liveo","7":"product_cat-vitrines","9":"first","10":"instock","11":"product-type-simple"},"_links":{"self":[{"href":"https:\/\/baldumarket.lt\/lt\/wp-json\/wp\/v2\/product\/256628","targetHints":{"allow":["GET"]}}],"collection":[{"href":"https:\/\/baldumarket.lt\/lt\/wp-json\/wp\/v2\/product"}],"about":[{"href":"https:\/\/baldumarket.lt\/lt\/wp-json\/wp\/v2\/types\/product"}],"replies":[{"embeddable":true,"href":"https:\/\/baldumarket.lt\/lt\/wp-json\/wp\/v2\/comments?post=256628"}],"wp:featuredmedia":[{"embeddable":true,"href":"https:\/\/baldumarket.lt\/lt\/wp-json\/wp\/v2\/media\/256629"}],"wp:attachment":[{"href":"https:\/\/baldumarket.lt\/lt\/wp-json\/wp\/v2\/media?parent=256628"}],"wp:term":[{"taxonomy":"product_brand","embeddable":true,"href":"https:\/\/baldumarket.lt\/lt\/wp-json\/wp\/v2\/product_brand?post=256628"},{"taxonomy":"product_cat","embeddable":true,"href":"https:\/\/baldumarket.lt\/lt\/wp-json\/wp\/v2\/product_cat?post=256628"},{"taxonomy":"product_tag","embeddable":true,"href":"https:\/\/baldumarket.lt\/lt\/wp-json\/wp\/v2\/product_tag?post=256628"}],"curies":[{"name":"wp","href":"https:\/\/api.w.org\/{rel}","templated":true}]}}