{"id":256626,"date":"2026-01-10T22:48:30","date_gmt":"2026-01-10T19:48:30","guid":{"rendered":"https:\/\/baldumarket.lt\/product\/prisco-pr05-witryna\/"},"modified":"2026-02-11T18:30:33","modified_gmt":"2026-02-11T15:30:33","slug":"prisco-pr05-witryna","status":"publish","type":"product","link":"https:\/\/baldumarket.lt\/lt\/product\/prisco-pr05-witryna\/","title":{"rendered":"PRISCO PR05 VITRINA"},"content":{"rendered":"<p>PRISCO PR05 vitrina puikiai atrodo svetain\u0117je ir valgomajame, suteikdama jai klas\u0117s ir \u017eavesio. Spintel\u0117s viduje yra prakti\u0161kos ni\u0161os, pasl\u0117ptos u\u017e tvirt\u0173 ir i\u0161 dalies \u012fstiklint\u0173 dur\u0173, leid\u017eian\u010di\u0173 atskirti daiktus ir palaikyti tvark\u0105. Stiklin\u0117s indauja gali b\u016bti papildomai apr\u016bpintos LED ap\u0161vietimu, kad pary\u0161kint\u0173 interjer\u0105. \u0160ilto med\u017eio atspalvio ir juod\u0173 akcent\u0173 derinys traukia ak\u012f ir sukuria tikrai dizainerio \u012fvaizd\u012f. Spintel\u0117s dekoratyviniai elementai yra frezuotos rankenos. Spintel\u0117 idealiai tinka naudoti su kitais PRISCO serijos baldais arba kaip atskiras baldas, prisitaikantis prie j\u016bs\u0173 kambario interjero dizaino.<\/p>\n<p>Plotis 84 cm Gylis 39,5 cm Auk\u0161tis 137 cm Produkto svoris su pakuote 53,4 kg Gamintojo kodas \/ simbolis PR05 Kolekcijos pavadinimas PRISCO Produkto pakuo\u010di\u0173 skai\u010dius 3 Stilius Moderni \u012franga Surinkimo instrukcijos \/ surinkimo priedai Surinkimas Savaranki\u0161kam surinkimui Kojel\u0117 \/ dizainas \/ spalva Plastikin\u0117, nereguliuojama<\/p>","protected":false},"excerpt":{"rendered":"<p>PRISCO PR05 vitrina puikiai atrodo svetain\u0117je ir valgomajame, suteikdama jai klas\u0117s ir \u017eavesio. Spintel\u0117s viduje yra prakti\u0161kos ni\u0161os, pasl\u0117ptos u\u017e tvirt\u0173 ir i\u0161 dalies \u012fstiklint\u0173 dur\u0173, leid\u017eian\u010di\u0173 atskirti daiktus ir palaikyti tvark\u0105. Stiklin\u0117s indauja gali b\u016bti papildomai apr\u016bpintos LED ap\u0161vietimu, kad b\u016bt\u0173 pary\u0161kintas [\u2026]<\/p>","protected":false},"featured_media":256627,"comment_status":"open","ping_status":"open","template":"","meta":[],"product_brand":[],"product_cat":[2457,2006],"product_tag":[],"class_list":{"0":"post-256626","1":"product","2":"type-product","3":"status-publish","4":"has-post-thumbnail","6":"product_cat-liveo","7":"product_cat-vitrines","9":"first","10":"instock","11":"product-type-simple"},"_links":{"self":[{"href":"https:\/\/baldumarket.lt\/lt\/wp-json\/wp\/v2\/product\/256626","targetHints":{"allow":["GET"]}}],"collection":[{"href":"https:\/\/baldumarket.lt\/lt\/wp-json\/wp\/v2\/product"}],"about":[{"href":"https:\/\/baldumarket.lt\/lt\/wp-json\/wp\/v2\/types\/product"}],"replies":[{"embeddable":true,"href":"https:\/\/baldumarket.lt\/lt\/wp-json\/wp\/v2\/comments?post=256626"}],"wp:featuredmedia":[{"embeddable":true,"href":"https:\/\/baldumarket.lt\/lt\/wp-json\/wp\/v2\/media\/256627"}],"wp:attachment":[{"href":"https:\/\/baldumarket.lt\/lt\/wp-json\/wp\/v2\/media?parent=256626"}],"wp:term":[{"taxonomy":"product_brand","embeddable":true,"href":"https:\/\/baldumarket.lt\/lt\/wp-json\/wp\/v2\/product_brand?post=256626"},{"taxonomy":"product_cat","embeddable":true,"href":"https:\/\/baldumarket.lt\/lt\/wp-json\/wp\/v2\/product_cat?post=256626"},{"taxonomy":"product_tag","embeddable":true,"href":"https:\/\/baldumarket.lt\/lt\/wp-json\/wp\/v2\/product_tag?post=256626"}],"curies":[{"name":"wp","href":"https:\/\/api.w.org\/{rel}","templated":true}]}}