{"id":256624,"date":"2026-01-10T22:48:28","date_gmt":"2026-01-10T19:48:28","guid":{"rendered":"https:\/\/baldumarket.lt\/product\/prisco-pr04-kredens\/"},"modified":"2026-02-11T18:30:33","modified_gmt":"2026-02-11T15:30:33","slug":"prisco-pr04-kredens","status":"publish","type":"product","link":"https:\/\/baldumarket.lt\/lt\/product\/prisco-pr04-kredens\/","title":{"rendered":"PRISCO PR04 indauja"},"content":{"rendered":"<p>PRISCO PR04 indauja puikiai atrodo svetain\u0117je ir valgomajame, suteikdama jai klas\u0117s ir \u017eavesio. Joje yra trys rakinamos spintel\u0117s su a\u0161tuoniomis prakti\u0161komis ni\u0161omis viduje, tod\u0117l lengva susitvarkyti daiktus. U\u017e stiklini\u0173 dureli\u0173 galite gra\u017eiai eksponuoti ornamentus ar stiklinius indus, o interjer\u0105 galite dar labiau pary\u0161kinti pasirenkamu LED ap\u0161vietimu. \u0160ilto med\u017eio atspalvio ir juod\u0173 akcent\u0173 derinys traukia ak\u012f ir sukuria tikrai dizainerio \u012fvaizd\u012f. Indauja dekoratyv\u016bs elementai \u2013 frezuotos ranken\u0117l\u0117s. Indauja puikiai dera su kitais PRISCO serijos baldais arba yra atskiras baldas, prisitaikantis prie j\u016bs\u0173 kambario interjero dizaino.<\/p>\n<p>Plotis 150,5 cm Gylis 39,5 cm Auk\u0161tis 86 cm Gaminio svoris su pakuote 61,8 kg Gamintojo kodas \/ simbolis PR04 Kolekcijos pavadinimas PRISCO Gaminio pakuo\u010di\u0173 skai\u010dius 3 Stilius Moderni \u012franga Surinkimo instrukcijos \/ surinkimo priedai Surinkimas Savaranki\u0161kam surinkimui Kojel\u0117 \/ dizainas \/ spalvos PASIRENKAMA<\/p>","protected":false},"excerpt":{"rendered":"<p>PRISCO PR04 indauja puikiai atrodo svetain\u0117je ir valgomajame, suteikdama jai klas\u0117s ir \u017eavesio. Joje yra trys rakinamos spintel\u0117s su a\u0161tuoniomis prakti\u0161komis ni\u0161omis viduje, tod\u0117l lengva susitvarkyti daiktus. U\u017e stiklini\u0173 dureli\u0173 galite gra\u017eiai eksponuoti papuo\u0161alus ar stiklinius indus, o interjer\u0105 galite dar labiau pary\u0161kinti pasirenkamu LED ap\u0161vietimu. [\u2026]<\/p>","protected":false},"featured_media":256625,"comment_status":"open","ping_status":"open","template":"","meta":[],"product_brand":[],"product_cat":[1173,2457],"product_tag":[],"class_list":{"0":"post-256624","1":"product","2":"type-product","3":"status-publish","4":"has-post-thumbnail","6":"product_cat-chests-of-drawers","7":"product_cat-liveo","9":"first","10":"instock","11":"product-type-simple"},"_links":{"self":[{"href":"https:\/\/baldumarket.lt\/lt\/wp-json\/wp\/v2\/product\/256624","targetHints":{"allow":["GET"]}}],"collection":[{"href":"https:\/\/baldumarket.lt\/lt\/wp-json\/wp\/v2\/product"}],"about":[{"href":"https:\/\/baldumarket.lt\/lt\/wp-json\/wp\/v2\/types\/product"}],"replies":[{"embeddable":true,"href":"https:\/\/baldumarket.lt\/lt\/wp-json\/wp\/v2\/comments?post=256624"}],"wp:featuredmedia":[{"embeddable":true,"href":"https:\/\/baldumarket.lt\/lt\/wp-json\/wp\/v2\/media\/256625"}],"wp:attachment":[{"href":"https:\/\/baldumarket.lt\/lt\/wp-json\/wp\/v2\/media?parent=256624"}],"wp:term":[{"taxonomy":"product_brand","embeddable":true,"href":"https:\/\/baldumarket.lt\/lt\/wp-json\/wp\/v2\/product_brand?post=256624"},{"taxonomy":"product_cat","embeddable":true,"href":"https:\/\/baldumarket.lt\/lt\/wp-json\/wp\/v2\/product_cat?post=256624"},{"taxonomy":"product_tag","embeddable":true,"href":"https:\/\/baldumarket.lt\/lt\/wp-json\/wp\/v2\/product_tag?post=256624"}],"curies":[{"name":"wp","href":"https:\/\/api.w.org\/{rel}","templated":true}]}}