{"id":256622,"date":"2026-01-10T22:48:25","date_gmt":"2026-01-10T19:48:25","guid":{"rendered":"https:\/\/baldumarket.lt\/product\/prisco-pr03-komoda\/"},"modified":"2026-02-11T18:30:33","modified_gmt":"2026-02-11T15:30:33","slug":"prisco-pr03-komoda","status":"publish","type":"product","link":"https:\/\/baldumarket.lt\/lt\/product\/prisco-pr03-komoda\/","title":{"rendered":"PRISCO PR03 komoda su stal\u010diais"},"content":{"rendered":"<p>PRISCO PR03 indauja puikiai atrodo svetain\u0117je ir valgomajame. Joje yra trys rakinamos spintel\u0117s su vidin\u0117mis lentynomis ir centrinis stal\u010dius. \u0160is sprendimas leid\u017eia tvarkingai susid\u0117ti b\u016btiniausius daiktus valgomajame ar svetain\u0117je. \u0160ilto med\u017eio atspalvio ir juod\u0173 akcent\u0173 derinys traukia ak\u012f ir sukuria tikrai dizainerio stiliaus bald\u0105. Indauja dekoratyvios detal\u0117s \u2013 frezuotos ranken\u0117l\u0117s. Indauja puikiai dera su kitais PRISCO serijos baldais arba yra atskiras baldas, tod\u0117l galite j\u0105 pritaikyti prie savo kambario interjero.<\/p>\n<p>Plotis 150,5 cm Gylis 39,5 cm Auk\u0161tis 86 cm Produkto svoris su pakuote 59,8 kg Gamintojo kodas \/ simbolis PR03 Kolekcijos pavadinimas PRISCO Produkto pakuo\u010di\u0173 skai\u010dius 3 Stilius Moderni \u012franga Surinkimo instrukcijos \/ surinkimo priedai Surinkimas Savaranki\u0161kam surinkimui Kojel\u0117 \/ dizainas \/ spalva Plastikin\u0117, nereguliuojama<\/p>","protected":false},"excerpt":{"rendered":"<p>PRISCO PR03 indauja puikiai atrodo svetain\u0117je ir valgomajame. Joje yra trys rakinamos spintel\u0117s su vidin\u0117mis lentynomis ir centrinis stal\u010dius. \u0160is sprendimas leid\u017eia susitvarkyti svarbiausius daiktus valgomajame ar svetain\u0117je. \u0160ilto med\u017eio atspalvio ir juod\u0173 akcent\u0173 derinys traukia ak\u012f ir sukuria tikrai [\u2026]<\/p>","protected":false},"featured_media":256614,"comment_status":"open","ping_status":"open","template":"","meta":[],"product_brand":[],"product_cat":[1173,2457],"product_tag":[],"class_list":{"0":"post-256622","1":"product","2":"type-product","3":"status-publish","4":"has-post-thumbnail","6":"product_cat-chests-of-drawers","7":"product_cat-liveo","9":"first","10":"instock","11":"product-type-simple"},"_links":{"self":[{"href":"https:\/\/baldumarket.lt\/lt\/wp-json\/wp\/v2\/product\/256622","targetHints":{"allow":["GET"]}}],"collection":[{"href":"https:\/\/baldumarket.lt\/lt\/wp-json\/wp\/v2\/product"}],"about":[{"href":"https:\/\/baldumarket.lt\/lt\/wp-json\/wp\/v2\/types\/product"}],"replies":[{"embeddable":true,"href":"https:\/\/baldumarket.lt\/lt\/wp-json\/wp\/v2\/comments?post=256622"}],"wp:featuredmedia":[{"embeddable":true,"href":"https:\/\/baldumarket.lt\/lt\/wp-json\/wp\/v2\/media\/256614"}],"wp:attachment":[{"href":"https:\/\/baldumarket.lt\/lt\/wp-json\/wp\/v2\/media?parent=256622"}],"wp:term":[{"taxonomy":"product_brand","embeddable":true,"href":"https:\/\/baldumarket.lt\/lt\/wp-json\/wp\/v2\/product_brand?post=256622"},{"taxonomy":"product_cat","embeddable":true,"href":"https:\/\/baldumarket.lt\/lt\/wp-json\/wp\/v2\/product_cat?post=256622"},{"taxonomy":"product_tag","embeddable":true,"href":"https:\/\/baldumarket.lt\/lt\/wp-json\/wp\/v2\/product_tag?post=256622"}],"curies":[{"name":"wp","href":"https:\/\/api.w.org\/{rel}","templated":true}]}}