{"id":256619,"date":"2026-01-10T22:48:23","date_gmt":"2026-01-10T19:48:23","guid":{"rendered":"https:\/\/baldumarket.lt\/product\/prisco-pr02-komoda\/"},"modified":"2026-02-11T18:30:33","modified_gmt":"2026-02-11T15:30:33","slug":"prisco-pr02-komoda","status":"publish","type":"product","link":"https:\/\/baldumarket.lt\/lt\/product\/prisco-pr02-komoda\/","title":{"rendered":"PRISCO PR02 komoda su stal\u010diais"},"content":{"rendered":"<p>PRISCO PR02 indauja puikiai atrodo svetain\u0117je ir valgomajame. Ji turi stal\u010di\u0173 ir dvi erdvias spinteles su lentyna viduje, kuriose galite lengvai laikyti b\u016btiniausius daiktus, tekstil\u0119 ar dokumentus. \u0160ilto med\u017eio atspalvio ir juod\u0173 akcent\u0173 derinys traukia ak\u012f ir sukuria tikrai dizainerio stiliaus bald\u0105. Indauja dekoratyvios detal\u0117s \u2013 frezuotos ranken\u0117l\u0117s. Indauja puikiai dera su kitais PRISCO serijos baldais arba kaip atskiras baldas, prisitaikantis prie j\u016bs\u0173 kambario interjero.<\/p>\n<p>Plotis 84 cm Gylis 39,5 cm Auk\u0161tis 86 cm Gaminio svoris su pakuote 37,1 kg Gamintojo kodas \/ simbolis PR02 Kolekcijos pavadinimas PRISCO Gaminio pakuo\u010di\u0173 skai\u010dius 2 Stilius Moderni \u012franga Surinkimo instrukcijos \/ surinkimo priedai Surinkimas Savaranki\u0161kam surinkimui Kojel\u0117 \/ dizainas \/ spalva PLASTIKAS<\/p>","protected":false},"excerpt":{"rendered":"<p>PRISCO PR02 indauja puikiai atrodo svetain\u0117je ir valgomajame. Ji turi stal\u010di\u0173 ir dvi erdvias spinteles su lentyna viduje, kuriose galite lengvai laikyti b\u016btiniausius daiktus, tekstil\u0119 ar dokumentus. \u0160ilto med\u017eio atspalvio ir juod\u0173 akcent\u0173 derinys traukia ak\u012f ir sukuria tikrai dizainerio stiliaus bald\u0105. Indauja pasi\u017eymi dekoratyvin\u0117mis savyb\u0117mis [\u2026]<\/p>","protected":false},"featured_media":256616,"comment_status":"open","ping_status":"open","template":"","meta":[],"product_brand":[],"product_cat":[1173,2457],"product_tag":[],"class_list":{"0":"post-256619","1":"product","2":"type-product","3":"status-publish","4":"has-post-thumbnail","6":"product_cat-chests-of-drawers","7":"product_cat-liveo","9":"first","10":"instock","11":"product-type-simple"},"_links":{"self":[{"href":"https:\/\/baldumarket.lt\/lt\/wp-json\/wp\/v2\/product\/256619","targetHints":{"allow":["GET"]}}],"collection":[{"href":"https:\/\/baldumarket.lt\/lt\/wp-json\/wp\/v2\/product"}],"about":[{"href":"https:\/\/baldumarket.lt\/lt\/wp-json\/wp\/v2\/types\/product"}],"replies":[{"embeddable":true,"href":"https:\/\/baldumarket.lt\/lt\/wp-json\/wp\/v2\/comments?post=256619"}],"wp:featuredmedia":[{"embeddable":true,"href":"https:\/\/baldumarket.lt\/lt\/wp-json\/wp\/v2\/media\/256616"}],"wp:attachment":[{"href":"https:\/\/baldumarket.lt\/lt\/wp-json\/wp\/v2\/media?parent=256619"}],"wp:term":[{"taxonomy":"product_brand","embeddable":true,"href":"https:\/\/baldumarket.lt\/lt\/wp-json\/wp\/v2\/product_brand?post=256619"},{"taxonomy":"product_cat","embeddable":true,"href":"https:\/\/baldumarket.lt\/lt\/wp-json\/wp\/v2\/product_cat?post=256619"},{"taxonomy":"product_tag","embeddable":true,"href":"https:\/\/baldumarket.lt\/lt\/wp-json\/wp\/v2\/product_tag?post=256619"}],"curies":[{"name":"wp","href":"https:\/\/api.w.org\/{rel}","templated":true}]}}