{"id":256612,"date":"2026-01-10T22:48:19","date_gmt":"2026-01-10T19:48:19","guid":{"rendered":"https:\/\/baldumarket.lt\/product\/prisco-pr01-rtv\/"},"modified":"2026-02-11T18:30:33","modified_gmt":"2026-02-11T15:30:33","slug":"prisco-pr01-rtv","status":"publish","type":"product","link":"https:\/\/baldumarket.lt\/lt\/product\/prisco-pr01-rtv\/","title":{"rendered":"PRISCO PR01 RTV"},"content":{"rendered":"<p>PRISCO PR01 televizoriaus staliukas puikiai atrodo svetain\u0117je ir valgomajame. Jis turi dureles, atvir\u0105 ni\u0161\u0105 ir erdv\u0173 stal\u010di\u0173. \u0160is sprendimas leid\u017eia patogiai susid\u0117ti elektroninius prietaisus ir smulkius aksesuarus. Platus stalvir\u0161is gra\u017eiai i\u0161ry\u0161kina dekoratyvinius elementus. \u0160ilto med\u017eio atspalvio ir juod\u0173 akcent\u0173 derinys traukia ak\u012f ir sukuria tikrai dizainerio \u012fvaizd\u012f. Spintel\u0117s dekoratyviniai elementai yra frezuotos ranken\u0117l\u0117s. Stovas puikiai dera su kitais PRISCO serijos baldais arba kaip atskiras elementas, tod\u0117l galite j\u012f pritaikyti prie savo kambario interjero dizaino.<\/p>\n<p>Plotis 150,5 cm Gylis 39,5 cm Auk\u0161tis 46,5 cm Gaminio svoris su pakuote 38,8 kg Gamintojo kodas \/ simbolis PR01 Kolekcijos pavadinimas PRISCO Gaminio pakuo\u010di\u0173 skai\u010dius 3 Stilius Moderni \u012franga Surinkimo instrukcijos \/ surinkimo priedai Surinkimas Savaranki\u0161kam surinkimui Kojel\u0117 \/ dizainas \/ spalva PLASTIKAS<\/p>","protected":false},"excerpt":{"rendered":"<p>PRISCO PR01 televizoriaus staliukas puikiai atrodo svetain\u0117je ir valgomajame. Jis turi dureles, atvir\u0105 ni\u0161\u0105 ir erdv\u0173 stal\u010di\u0173. \u0160is sprendimas leid\u017eia patogiai susid\u0117ti elektroninius prietaisus ir smulkius aksesuarus. Platus stalvir\u0161is gra\u017eiai i\u0161ry\u0161kina dekoratyvinius elementus. \u0160ilto med\u017eio atspalvio ir juod\u0173 akcent\u0173 derinys traukia ak\u012f ir [\u2026]<\/p>","protected":false},"featured_media":256613,"comment_status":"open","ping_status":"open","template":"","meta":[],"product_brand":[],"product_cat":[2457,1175],"product_tag":[],"class_list":{"0":"post-256612","1":"product","2":"type-product","3":"status-publish","4":"has-post-thumbnail","6":"product_cat-liveo","7":"product_cat-tv-stands","9":"first","10":"instock","11":"product-type-simple"},"_links":{"self":[{"href":"https:\/\/baldumarket.lt\/lt\/wp-json\/wp\/v2\/product\/256612","targetHints":{"allow":["GET"]}}],"collection":[{"href":"https:\/\/baldumarket.lt\/lt\/wp-json\/wp\/v2\/product"}],"about":[{"href":"https:\/\/baldumarket.lt\/lt\/wp-json\/wp\/v2\/types\/product"}],"replies":[{"embeddable":true,"href":"https:\/\/baldumarket.lt\/lt\/wp-json\/wp\/v2\/comments?post=256612"}],"wp:featuredmedia":[{"embeddable":true,"href":"https:\/\/baldumarket.lt\/lt\/wp-json\/wp\/v2\/media\/256613"}],"wp:attachment":[{"href":"https:\/\/baldumarket.lt\/lt\/wp-json\/wp\/v2\/media?parent=256612"}],"wp:term":[{"taxonomy":"product_brand","embeddable":true,"href":"https:\/\/baldumarket.lt\/lt\/wp-json\/wp\/v2\/product_brand?post=256612"},{"taxonomy":"product_cat","embeddable":true,"href":"https:\/\/baldumarket.lt\/lt\/wp-json\/wp\/v2\/product_cat?post=256612"},{"taxonomy":"product_tag","embeddable":true,"href":"https:\/\/baldumarket.lt\/lt\/wp-json\/wp\/v2\/product_tag?post=256612"}],"curies":[{"name":"wp","href":"https:\/\/api.w.org\/{rel}","templated":true}]}}