{"id":256610,"date":"2026-01-10T22:48:18","date_gmt":"2026-01-10T19:48:18","guid":{"rendered":"https:\/\/baldumarket.lt\/product\/podglowek-uniwersalny\/"},"modified":"2026-02-11T18:30:33","modified_gmt":"2026-02-11T15:30:33","slug":"podglowek-uniwersalny","status":"publish","type":"product","link":"https:\/\/baldumarket.lt\/lt\/product\/podglowek-uniwersalny\/","title":{"rendered":"Universalus galvos atramos"},"content":{"rendered":"<p>Universali galvos atrama kampin\u0117ms sofoms i\u0161 \u201eBenett\u201c, \u201eMateo\u201c, \u201eLargo\u201c kolekcij\u0173 ir \u201eNess\u201c sofos<\/p>\n<p>Plotis 47 cm Gylis 15 cm Auk\u0161tis 18 cm Spalva Grafito Audinio pavadinimas geriausias 22 Produkto pakuo\u010di\u0173 skai\u010dius 1 Stilius Modernus \u012eranga Surinkimo instrukcijos \/ surinkimo priedai Surinkimas Savaranki\u0161kam surinkimui Universalus i\u0161d\u0117stymas<\/p>","protected":false},"excerpt":{"rendered":"<p>Universali galvos atrama kampin\u0117ms sofoms i\u0161 \u201eBenett\u201c, \u201eMateo\u201c, \u201eLargo\u201c kolekcij\u0173 ir \u201eNess\u201c sofos. Plotis: 47 cm, Gylis: 15 cm, Auk\u0161tis: 18 cm. Spalva: Grafito spalvos. Audinio pavadinimas: geriausias: 22. Produkto pakuo\u010di\u0173 skai\u010dius: 1. Stilius: Modernus. \u012eranga: Surinkimo instrukcijos \/ surinkimo priedai. Surinkimas: Savaranki\u0161kam surinkimui. Universalus i\u0161d\u0117stymas.<\/p>","protected":false},"featured_media":256611,"comment_status":"open","ping_status":"open","template":"","meta":[],"product_brand":[],"product_cat":[1043,2457],"product_tag":[],"class_list":{"0":"post-256610","1":"product","2":"type-product","3":"status-publish","4":"has-post-thumbnail","6":"product_cat-extras","7":"product_cat-liveo","9":"first","10":"instock","11":"purchasable","12":"product-type-simple"},"_links":{"self":[{"href":"https:\/\/baldumarket.lt\/lt\/wp-json\/wp\/v2\/product\/256610","targetHints":{"allow":["GET"]}}],"collection":[{"href":"https:\/\/baldumarket.lt\/lt\/wp-json\/wp\/v2\/product"}],"about":[{"href":"https:\/\/baldumarket.lt\/lt\/wp-json\/wp\/v2\/types\/product"}],"replies":[{"embeddable":true,"href":"https:\/\/baldumarket.lt\/lt\/wp-json\/wp\/v2\/comments?post=256610"}],"wp:featuredmedia":[{"embeddable":true,"href":"https:\/\/baldumarket.lt\/lt\/wp-json\/wp\/v2\/media\/256611"}],"wp:attachment":[{"href":"https:\/\/baldumarket.lt\/lt\/wp-json\/wp\/v2\/media?parent=256610"}],"wp:term":[{"taxonomy":"product_brand","embeddable":true,"href":"https:\/\/baldumarket.lt\/lt\/wp-json\/wp\/v2\/product_brand?post=256610"},{"taxonomy":"product_cat","embeddable":true,"href":"https:\/\/baldumarket.lt\/lt\/wp-json\/wp\/v2\/product_cat?post=256610"},{"taxonomy":"product_tag","embeddable":true,"href":"https:\/\/baldumarket.lt\/lt\/wp-json\/wp\/v2\/product_tag?post=256610"}],"curies":[{"name":"wp","href":"https:\/\/api.w.org\/{rel}","templated":true}]}}