{"id":256576,"date":"2026-01-10T22:48:00","date_gmt":"2026-01-10T19:48:00","guid":{"rendered":"https:\/\/baldumarket.lt\/product\/pati-pk21-pf20-szafka-dolna-80-zlew\/"},"modified":"2026-02-11T18:30:34","modified_gmt":"2026-02-11T15:30:34","slug":"pati-pk21-pf20-szafka-dolna-80-zlew","status":"publish","type":"product","link":"https:\/\/baldumarket.lt\/lt\/product\/pati-pk21-pf20-szafka-dolna-80-zlew\/","title":{"rendered":"PATI PK21\/PF20 APATINIS STILTELIS 80 KRIAUKL\u0116"},"content":{"rendered":"<p>Plotis 80 cm Gylis 46,3 cm Auk\u0161tis 82 cm Produkto svoris su pakuote 19,60 kg Gamintojo kodas \/ simbolis PK21\/PF20 Kolekcijos pavadinimas PATI Produkto pakuo\u010di\u0173 skai\u010dius 2 Stilius Moderni \u012franga Surinkimo instrukcijos \/ surinkimo priedai Surinkimas Savaranki\u0161kam surinkimui Korpuso spalva Cremona Torro \u0105\u017euolas Korpuso apdailos med\u017eiaga \/ tipas \/ storis 16 mm baldin\u0117 plok\u0161t\u0117 Korpuso dugno apdailos med\u017eiaga \/ tipas \/ storis 16 mm baldin\u0117 plok\u0161t\u0117 Galin\u0117s sienel\u0117s apdailos med\u017eiaga \/ tipas \/ storis 2,5 mm HDF baldin\u0117 plok\u0161t\u0117 Matomos galin\u0117s sienel\u0117s dalies spalva Balta Galimos priekin\u0117s spalvos Ka\u0161myras, Cremona Torro \u0105\u017euolas, Artisan \u0105\u017euolas, \u0161viesus grafitas Priekin\u0117s apdailos med\u017eiaga \/ tipas \/ storis 16 mm baldin\u0117 plok\u0161t\u0117 Priekinis vyris \u2300 35 mm reguliuojamas trijose plok\u0161tumose Priekin\u0117 rankena \/ apdaila \/ spalva Plastikas \/ juoda \u0160velnaus u\u017edarymo dur\u0173 sistema Standartin\u0117 komplektacija Kojel\u0117 \/ apdaila \/ spalva Reguliuojama \/ Plastikas \/ Juoda Kojel\u0117s auk\u0161tis 100 mm Dureli\u0173 skai\u010dius 2 U\u017edar\u0173 ni\u0161\u0173 skai\u010dius 1<\/p>","protected":false},"excerpt":{"rendered":"<p>Plotis 80 cm Gylis 46,3 cm Auk\u0161tis 82 cm Gaminio svoris su pakuote 19,60 kg Gamintojo kodas \/ simbolis PK21\/PF20 Kolekcijos pavadinimas PATI Gaminio pakuo\u010di\u0173 skai\u010dius 2 Stilius Moderni \u012franga Surinkimo instrukcijos \/ surinkimo priedai Surinkimas Savaranki\u0161kam surinkimui Korpuso spalva Cremona Torro \u0105\u017euolas Korpuso apdailos med\u017eiaga \/ tipas \/ storis 16 mm baldin\u0117 plok\u0161t\u0117 [\u2026]<\/p>","protected":false},"featured_media":256432,"comment_status":"open","ping_status":"open","template":"","meta":[],"product_brand":[],"product_cat":[9118,2457],"product_tag":[],"class_list":{"0":"post-256576","1":"product","2":"type-product","3":"status-publish","4":"has-post-thumbnail","6":"product_cat-kitchen-cabinets","7":"product_cat-liveo","9":"first","10":"instock","11":"purchasable","12":"product-type-simple"},"_links":{"self":[{"href":"https:\/\/baldumarket.lt\/lt\/wp-json\/wp\/v2\/product\/256576","targetHints":{"allow":["GET"]}}],"collection":[{"href":"https:\/\/baldumarket.lt\/lt\/wp-json\/wp\/v2\/product"}],"about":[{"href":"https:\/\/baldumarket.lt\/lt\/wp-json\/wp\/v2\/types\/product"}],"replies":[{"embeddable":true,"href":"https:\/\/baldumarket.lt\/lt\/wp-json\/wp\/v2\/comments?post=256576"}],"wp:featuredmedia":[{"embeddable":true,"href":"https:\/\/baldumarket.lt\/lt\/wp-json\/wp\/v2\/media\/256432"}],"wp:attachment":[{"href":"https:\/\/baldumarket.lt\/lt\/wp-json\/wp\/v2\/media?parent=256576"}],"wp:term":[{"taxonomy":"product_brand","embeddable":true,"href":"https:\/\/baldumarket.lt\/lt\/wp-json\/wp\/v2\/product_brand?post=256576"},{"taxonomy":"product_cat","embeddable":true,"href":"https:\/\/baldumarket.lt\/lt\/wp-json\/wp\/v2\/product_cat?post=256576"},{"taxonomy":"product_tag","embeddable":true,"href":"https:\/\/baldumarket.lt\/lt\/wp-json\/wp\/v2\/product_tag?post=256576"}],"curies":[{"name":"wp","href":"https:\/\/api.w.org\/{rel}","templated":true}]}}