{"id":256563,"date":"2026-01-10T22:47:53","date_gmt":"2026-01-10T19:47:53","guid":{"rendered":"https:\/\/baldumarket.lt\/product\/pati-pk19-pf19-szafka-dolna-60-piekarnik\/"},"modified":"2026-02-11T18:30:34","modified_gmt":"2026-02-11T15:30:34","slug":"pati-pk19-pf19-szafka-dolna-60-piekarnik","status":"publish","type":"product","link":"https:\/\/baldumarket.lt\/lt\/product\/pati-pk19-pf19-szafka-dolna-60-piekarnik\/","title":{"rendered":"PATI PK19\/PF19 APATINIS SPINTEL\u0116 60 ORKAIT\u0116"},"content":{"rendered":"<p>Plotis 60 cm Gylis 51,8 cm Auk\u0161tis 82 cm Produkto svoris su pakuote 14,30 kg Gamintojo kodas \/ simbolis PK19\/PF19 Kolekcijos pavadinimas PATI Produkto pakuo\u010di\u0173 skai\u010dius 2 Stilius Moderni \u012franga Surinkimo instrukcijos \/ surinkimo priedai Surinkimas Savaranki\u0161kam surinkimui Korpuso spalva Cremona Torro \u0105\u017euolas Korpuso apdailos med\u017eiaga \/ tipas \/ storis 16 mm baldin\u0117 plok\u0161t\u0117 Korpuso dugno apdaila \/ med\u017eiaga \/ tipas \/ storis 16 mm baldin\u0117 plok\u0161t\u0117 Galimos priekin\u0117s dalies spalvos Ka\u0161myras, Cremona Torro \u0105\u017euolas, Artisan \u0105\u017euolas, \u0161viesus grafitas Priekin\u0117s dalies apdailos med\u017eiaga \/ tipas \/ storis 16 mm baldin\u0117 plok\u0161t\u0117 Kojel\u0117 \/ apdaila \/ spalva Reguliuojama \/ plastikin\u0117 \/ juoda Kojel\u0117s auk\u0161tis 100 mm<\/p>","protected":false},"excerpt":{"rendered":"<p>Plotis 60 cm Gylis 51,8 cm Auk\u0161tis 82 cm Produkto svoris su pakuote 14,30 kg Gamintojo kodas \/ simbolis PK19\/PF19 Kolekcijos pavadinimas PATI Produkto pakuo\u010di\u0173 skai\u010dius 2 Stilius Modernus \u012eranga Surinkimo instrukcijos \/ surinkimo priedai Surinkimas Savaranki\u0161kam surinkimui Korpuso spalva Cremona Torro \u0105\u017euolas Korpuso apdailos med\u017eiaga \/ tipas \/ storis 16 mm baldin\u0117 plok\u0161t\u0117 [\u2026]<\/p>","protected":false},"featured_media":256564,"comment_status":"open","ping_status":"open","template":"","meta":[],"product_brand":[],"product_cat":[9118,2457],"product_tag":[],"class_list":{"0":"post-256563","1":"product","2":"type-product","3":"status-publish","4":"has-post-thumbnail","6":"product_cat-kitchen-cabinets","7":"product_cat-liveo","9":"first","10":"instock","11":"purchasable","12":"product-type-simple"},"_links":{"self":[{"href":"https:\/\/baldumarket.lt\/lt\/wp-json\/wp\/v2\/product\/256563","targetHints":{"allow":["GET"]}}],"collection":[{"href":"https:\/\/baldumarket.lt\/lt\/wp-json\/wp\/v2\/product"}],"about":[{"href":"https:\/\/baldumarket.lt\/lt\/wp-json\/wp\/v2\/types\/product"}],"replies":[{"embeddable":true,"href":"https:\/\/baldumarket.lt\/lt\/wp-json\/wp\/v2\/comments?post=256563"}],"wp:featuredmedia":[{"embeddable":true,"href":"https:\/\/baldumarket.lt\/lt\/wp-json\/wp\/v2\/media\/256564"}],"wp:attachment":[{"href":"https:\/\/baldumarket.lt\/lt\/wp-json\/wp\/v2\/media?parent=256563"}],"wp:term":[{"taxonomy":"product_brand","embeddable":true,"href":"https:\/\/baldumarket.lt\/lt\/wp-json\/wp\/v2\/product_brand?post=256563"},{"taxonomy":"product_cat","embeddable":true,"href":"https:\/\/baldumarket.lt\/lt\/wp-json\/wp\/v2\/product_cat?post=256563"},{"taxonomy":"product_tag","embeddable":true,"href":"https:\/\/baldumarket.lt\/lt\/wp-json\/wp\/v2\/product_tag?post=256563"}],"curies":[{"name":"wp","href":"https:\/\/api.w.org\/{rel}","templated":true}]}}