{"id":256503,"date":"2026-01-10T22:47:23","date_gmt":"2026-01-10T19:47:23","guid":{"rendered":"https:\/\/baldumarket.lt\/product\/pati-pk10-pf05-szafka-gorna-narozna-60-uniwersalna-lewostronna-prawostronna\/"},"modified":"2026-02-11T18:30:35","modified_gmt":"2026-02-11T15:30:35","slug":"pati-pk10-pf05-szafka-gorna-narozna-60-uniwersalna-lewostronna-prawostronna","status":"publish","type":"product","link":"https:\/\/baldumarket.lt\/lt\/product\/pati-pk10-pf05-szafka-gorna-narozna-60-uniwersalna-lewostronna-prawostronna\/","title":{"rendered":"PATI PK10\/PF05 VIR\u0160UTIN\u0116 KAMPIN\u0116 SPINTEL\u0116 60 UNIVERSALI KAIR\u0116\/DE\u0160IN\u0116"},"content":{"rendered":"<p>Plotis 60 cm Gylis 60 cm Auk\u0161tis 60 cm Produkto svoris su pakuote 19,65 kg Gamintojo kodas \/ simbolis PK10\/PF05 Kolekcijos pavadinimas PATI Produkto pakuo\u010di\u0173 skai\u010dius 2 Stilius Moderni \u012franga Surinkimo instrukcijos \/ surinkimo priedai Surinkimas Savaranki\u0161kam surinkimui Korpuso spalva Cremona Torro Oak Korpuso med\u017eiaga \/ tipas \/ storis 16 mm baldin\u0117 plok\u0161t\u0117 Korpuso vir\u0161utin\u0117s dalies med\u017eiaga \/ tipas \/ storis 16 mm baldin\u0117 plok\u0161t\u0117 Apatin\u0117s dalies med\u017eiaga \/ tipas \/ storis 16 mm baldin\u0117 plok\u0161t\u0117 Lentynos spalva Cremona Torro Oak Lentynos med\u017eiaga \/ tipas \/ storis 16 mm baldin\u0117 plok\u0161t\u0117 Lentyn\u0173 kiekis 1 Galin\u0117s sienel\u0117s med\u017eiaga \/ tipas \/ storis 16 mm baldin\u0117 plok\u0161t\u0117 \/ 2,5 mm HDF baldin\u0117 plok\u0161t\u0117 Matomos galin\u0117s sienel\u0117s dalies spalva Cremona Torro Oak \/ Balta Galimos priekin\u0117s spalvos balta, ka\u0161myro, cremona torro \u0105\u017euolo, \u0105\u017euolo artisan, \u0161viesaus grafito Priekin\u0117s apdailos med\u017eiaga \/ tipas \/ storis 16 mm baldin\u0117 plok\u0161t\u0117 Priekinis vyris \u2300 35 mm reguliuojamas trijose plok\u0161tumose Priekin\u0117 rankena \/ apdaila \/ spalva Plastikas \/ juoda Dureli\u0173 skai\u010dius 2 U\u017edar\u0173 ni\u0161\u0173 skai\u010dius 2 Korpusas \u012eranga Reguliuojami bald\u0173 pakabos Universalus korpusas (kairysis \/ de\u0161inysis) TAIP Papildoma informacija apie produkt\u0105 Montuojant PF05 fasadus prie PK10 korpuso, pakuot\u0117je yra dvi rankenos \u2013 reikia montuoti tik vien\u0105 (de\u0161in\u0117je arba kair\u0117je pus\u0117je, atsi\u017evelgiant \u012f pageidavim\u0105). Dviej\u0173 ranken\u0173 montavimas neleis atidaryti spinteli\u0173 fasad\u0173.<\/p>","protected":false},"excerpt":{"rendered":"<p>Plotis 60 cm Gylis 60 cm Auk\u0161tis 60 cm Gaminio svoris su pakuote 19,65 kg Gamintojo kodas \/ simbolis PK10\/PF05 Kolekcijos pavadinimas PATI Gaminio pakuo\u010di\u0173 skai\u010dius 2 Stilius Moderni \u012franga Surinkimo instrukcijos \/ surinkimo priedai Surinkimas Savaranki\u0161kam surinkimui Korpuso spalva Cremona Torro \u0105\u017euolas Korpuso med\u017eiaga \/ tipas \/ storis 16 mm baldin\u0117 plok\u0161t\u0117 Vir\u0161utin\u0117 [\u2026]<\/p>","protected":false},"featured_media":254972,"comment_status":"open","ping_status":"open","template":"","meta":[],"product_brand":[],"product_cat":[9118,2457],"product_tag":[],"class_list":{"0":"post-256503","1":"product","2":"type-product","3":"status-publish","4":"has-post-thumbnail","6":"product_cat-kitchen-cabinets","7":"product_cat-liveo","9":"first","10":"instock","11":"purchasable","12":"product-type-simple"},"_links":{"self":[{"href":"https:\/\/baldumarket.lt\/lt\/wp-json\/wp\/v2\/product\/256503","targetHints":{"allow":["GET"]}}],"collection":[{"href":"https:\/\/baldumarket.lt\/lt\/wp-json\/wp\/v2\/product"}],"about":[{"href":"https:\/\/baldumarket.lt\/lt\/wp-json\/wp\/v2\/types\/product"}],"replies":[{"embeddable":true,"href":"https:\/\/baldumarket.lt\/lt\/wp-json\/wp\/v2\/comments?post=256503"}],"wp:featuredmedia":[{"embeddable":true,"href":"https:\/\/baldumarket.lt\/lt\/wp-json\/wp\/v2\/media\/254972"}],"wp:attachment":[{"href":"https:\/\/baldumarket.lt\/lt\/wp-json\/wp\/v2\/media?parent=256503"}],"wp:term":[{"taxonomy":"product_brand","embeddable":true,"href":"https:\/\/baldumarket.lt\/lt\/wp-json\/wp\/v2\/product_brand?post=256503"},{"taxonomy":"product_cat","embeddable":true,"href":"https:\/\/baldumarket.lt\/lt\/wp-json\/wp\/v2\/product_cat?post=256503"},{"taxonomy":"product_tag","embeddable":true,"href":"https:\/\/baldumarket.lt\/lt\/wp-json\/wp\/v2\/product_tag?post=256503"}],"curies":[{"name":"wp","href":"https:\/\/api.w.org\/{rel}","templated":true}]}}