{"id":256497,"date":"2026-01-10T22:47:19","date_gmt":"2026-01-10T19:47:19","guid":{"rendered":"https:\/\/baldumarket.lt\/product\/pati-pk09-pf11-szafka-gorna-narozna-60-l-p-uniwersalna-lewostronna-prawostronna\/"},"modified":"2026-02-11T18:30:35","modified_gmt":"2026-02-11T15:30:35","slug":"pati-pk09-pf11-szafka-gorna-narozna-60-l-p-uniwersalna-lewostronna-prawostronna","status":"publish","type":"product","link":"https:\/\/baldumarket.lt\/lt\/product\/pati-pk09-pf11-szafka-gorna-narozna-60-l-p-uniwersalna-lewostronna-prawostronna\/","title":{"rendered":"PATI PK09\/PF11 VIR\u0160UTIN\u0116 KAMPIN\u0116 SPINTEL\u0116 60 K\/D UNIVERSALI KAIR\u0116\/DE\u0160IN\u0116"},"content":{"rendered":"<p>Plotis 60 cm Gylis 60 cm Auk\u0161tis 60 cm Produkto svoris su pakuote 18,70 kg Gamintojo kodas \/ simbolis PK09\/PF11 Kolekcijos pavadinimas PATI Produkt\u0173 pakuo\u010di\u0173 skai\u010dius 2 Stilius Modernus \u012eranga Surinkimo instrukcijos \/ surinkimo priedai Surinkimas Savaranki\u0161kam surinkimui Korpuso spalva Cremona Torro Oak Korpuso med\u017eiaga \/ tipas \/ storis 16 mm baldin\u0117 plok\u0161t\u0117 Korpuso vir\u0161utin\u0117s dalies med\u017eiaga \/ tipas \/ storis 16 mm baldin\u0117 plok\u0161t\u0117 Apatin\u0117s dalies med\u017eiaga \/ tipas \/ storis 16 mm baldin\u0117 plok\u0161t\u0117 Lentynos spalva Cremona Torro Oak Lentynos med\u017eiaga \/ tipas \/ storis 16 mm baldin\u0117 plok\u0161t\u0117 Lentyn\u0173 kiekis 1 Galin\u0117s sienel\u0117s med\u017eiaga \/ tipas \/ storis 2,5 mm HDF baldin\u0117 plok\u0161t\u0117 Matomos galin\u0117s sienel\u0117s dalies spalva Balta Galimos priekin\u0117s dalies spalvos balta, ka\u0161myras, cremona torro \u0105\u017euolas, artisan \u0105\u017euolas, \u0161viesus grafitas Priekin\u0117 med\u017eiaga \/ tipas \/ storis Baldin\u0117 plok\u0161t\u0117 16 mm Priekinis vyris \u2300 35 mm reguliuojamas trijose plok\u0161tumose Priekinis atidarymas universalus kairysis \/ de\u0161inysis TAIP Priekin\u0117 rankena \/ apdaila \/ spalva Plastikas \/ juoda Dur\u0173 skai\u010dius 1 U\u017edar\u0173 ni\u0161\u0173 skai\u010dius 2 Korpuso \u012franga Reguliuojami bald\u0173 pakabos Korpusas universalus kairysis \/ de\u0161in\u0117je TAIP<\/p>","protected":false},"excerpt":{"rendered":"<p>Plotis 60 cm Gylis 60 cm Auk\u0161tis 60 cm Gaminio svoris su pakuote 18,70 kg Gamintojo kodas \/ simbolis PK09\/PF11 Kolekcijos pavadinimas PATI Gaminio pakuo\u010di\u0173 skai\u010dius 2 Stilius Moderni \u012franga Surinkimo instrukcijos \/ surinkimo priedai Surinkimas Savaranki\u0161kam surinkimui Korpuso spalva Cremona Torro \u0105\u017euolas Korpuso med\u017eiaga \/ tipas \/ storis 16 mm baldin\u0117 plok\u0161t\u0117 Vir\u0161utin\u0117 [\u2026]<\/p>","protected":false},"featured_media":253094,"comment_status":"open","ping_status":"open","template":"","meta":[],"product_brand":[],"product_cat":[9118,2457],"product_tag":[],"class_list":{"0":"post-256497","1":"product","2":"type-product","3":"status-publish","4":"has-post-thumbnail","6":"product_cat-kitchen-cabinets","7":"product_cat-liveo","9":"first","10":"instock","11":"purchasable","12":"product-type-simple"},"_links":{"self":[{"href":"https:\/\/baldumarket.lt\/lt\/wp-json\/wp\/v2\/product\/256497","targetHints":{"allow":["GET"]}}],"collection":[{"href":"https:\/\/baldumarket.lt\/lt\/wp-json\/wp\/v2\/product"}],"about":[{"href":"https:\/\/baldumarket.lt\/lt\/wp-json\/wp\/v2\/types\/product"}],"replies":[{"embeddable":true,"href":"https:\/\/baldumarket.lt\/lt\/wp-json\/wp\/v2\/comments?post=256497"}],"wp:featuredmedia":[{"embeddable":true,"href":"https:\/\/baldumarket.lt\/lt\/wp-json\/wp\/v2\/media\/253094"}],"wp:attachment":[{"href":"https:\/\/baldumarket.lt\/lt\/wp-json\/wp\/v2\/media?parent=256497"}],"wp:term":[{"taxonomy":"product_brand","embeddable":true,"href":"https:\/\/baldumarket.lt\/lt\/wp-json\/wp\/v2\/product_brand?post=256497"},{"taxonomy":"product_cat","embeddable":true,"href":"https:\/\/baldumarket.lt\/lt\/wp-json\/wp\/v2\/product_cat?post=256497"},{"taxonomy":"product_tag","embeddable":true,"href":"https:\/\/baldumarket.lt\/lt\/wp-json\/wp\/v2\/product_tag?post=256497"}],"curies":[{"name":"wp","href":"https:\/\/api.w.org\/{rel}","templated":true}]}}