{"id":256491,"date":"2026-01-10T22:47:16","date_gmt":"2026-01-10T19:47:16","guid":{"rendered":"https:\/\/baldumarket.lt\/product\/pati-pk08-pf10-szafka-gorna-60-okap\/"},"modified":"2026-02-11T18:30:35","modified_gmt":"2026-02-11T15:30:35","slug":"pati-pk08-pf10-szafka-gorna-60-okap","status":"publish","type":"product","link":"https:\/\/baldumarket.lt\/lt\/product\/pati-pk08-pf10-szafka-gorna-60-okap\/","title":{"rendered":"PATI PK08\/PF10 VIR\u0160UTIN\u0116 SPINTEL\u0116 60 GARNYRAS"},"content":{"rendered":"<p>Plotis 60 cm Gylis 29,6 cm Auk\u0161tis 30 cm Produkto svoris su pakuote 8,40 kg Gamintojo kodas \/ simbolis PK08\/PF10 Kolekcijos pavadinimas PATI Produkto pakuo\u010di\u0173 skai\u010dius 2 Stilius Modernus \u012eranga Surinkimo instrukcijos \/ surinkimo priedai Surinkimas Savaranki\u0161kam surinkimui Korpuso spalva Cremona Torro \u0105\u017euolas Korpuso apdailos med\u017eiaga \/ tipas \/ storis 16 mm baldin\u0117 plok\u0161t\u0117 Vir\u0161utin\u0117 korpuso plok\u0161t\u0117 apdaila \/ med\u017eiaga \/ tipas \/ storis 16 mm baldin\u0117 plok\u0161t\u0117 Apatin\u0117 korpuso plok\u0161t\u0117 apdaila \/ med\u017eiaga \/ tipas \/ storis 16 mm baldin\u0117 plok\u0161t\u0117 Galin\u0117s sienel\u0117s apdailos med\u017eiaga \/ tipas \/ storis 2,5 mm HDF baldin\u0117 plok\u0161t\u0117 Matomos galin\u0117s sienel\u0117s dalies spalva balta Galimos priekin\u0117s spalvos balta, ka\u0161myras, cremona torro \u0105\u017euolas, artisan \u0105\u017euolas, \u0161viesus grafitas Priekin\u0117s apdailos med\u017eiaga \/ tipas \/ storis 16 mm baldin\u0117 plok\u0161t\u0117 Priekinis vyris Dujinis liftas Priekin\u0117 rankena \/ apdaila \/ spalva Plastikas \/ juoda Dur\u0173 skai\u010dius 1 U\u017edar\u0173 ni\u0161\u0173 kiekis 1 Tvirta \u012franga Reguliuojami bald\u0173 pakabos<\/p>","protected":false},"excerpt":{"rendered":"<p>Plotis 60 cm Gylis 29,6 cm Auk\u0161tis 30 cm Gaminio svoris su pakuote 8,40 kg Gamintojo kodas \/ simbolis PK08\/PF10 Kolekcijos pavadinimas PATI Gaminio pakuo\u010di\u0173 skai\u010dius 2 Stilius Moderni \u012franga Surinkimo instrukcijos \/ surinkimo priedai Surinkimas Savaranki\u0161kam surinkimui Korpuso spalva Cremona Torro \u0105\u017euolas Korpuso apdailos med\u017eiaga \/ tipas \/ storis 16 mm baldin\u0117 plok\u0161t\u0117 [\u2026]<\/p>","protected":false},"featured_media":256416,"comment_status":"open","ping_status":"open","template":"","meta":[],"product_brand":[],"product_cat":[9118,2457],"product_tag":[],"class_list":{"0":"post-256491","1":"product","2":"type-product","3":"status-publish","4":"has-post-thumbnail","6":"product_cat-kitchen-cabinets","7":"product_cat-liveo","9":"first","10":"instock","11":"purchasable","12":"product-type-simple"},"_links":{"self":[{"href":"https:\/\/baldumarket.lt\/lt\/wp-json\/wp\/v2\/product\/256491","targetHints":{"allow":["GET"]}}],"collection":[{"href":"https:\/\/baldumarket.lt\/lt\/wp-json\/wp\/v2\/product"}],"about":[{"href":"https:\/\/baldumarket.lt\/lt\/wp-json\/wp\/v2\/types\/product"}],"replies":[{"embeddable":true,"href":"https:\/\/baldumarket.lt\/lt\/wp-json\/wp\/v2\/comments?post=256491"}],"wp:featuredmedia":[{"embeddable":true,"href":"https:\/\/baldumarket.lt\/lt\/wp-json\/wp\/v2\/media\/256416"}],"wp:attachment":[{"href":"https:\/\/baldumarket.lt\/lt\/wp-json\/wp\/v2\/media?parent=256491"}],"wp:term":[{"taxonomy":"product_brand","embeddable":true,"href":"https:\/\/baldumarket.lt\/lt\/wp-json\/wp\/v2\/product_brand?post=256491"},{"taxonomy":"product_cat","embeddable":true,"href":"https:\/\/baldumarket.lt\/lt\/wp-json\/wp\/v2\/product_cat?post=256491"},{"taxonomy":"product_tag","embeddable":true,"href":"https:\/\/baldumarket.lt\/lt\/wp-json\/wp\/v2\/product_tag?post=256491"}],"curies":[{"name":"wp","href":"https:\/\/api.w.org\/{rel}","templated":true}]}}