{"id":256433,"date":"2026-01-10T22:46:47","date_gmt":"2026-01-10T19:46:47","guid":{"rendered":"https:\/\/baldumarket.lt\/product\/pati-pk01-pf01-szafka-gorna-20-l-p\/"},"modified":"2026-02-11T18:30:36","modified_gmt":"2026-02-11T15:30:36","slug":"pati-pk01-pf01-szafka-gorna-20-l-p","status":"publish","type":"product","link":"https:\/\/baldumarket.lt\/lt\/product\/pati-pk01-pf01-szafka-gorna-20-l-p\/","title":{"rendered":"PATI PK01\/PF01 VIR\u0160UTIN\u0116 SPINTEL\u0116 20 L\/R"},"content":{"rendered":"<p>Plotis 20 cm Gylis 29,6 cm Auk\u0161tis 60 cm Produkto svoris su pakuote 7,35 kg Gamintojo kodas \/ simbolis PK01\/PF01 Kolekcijos pavadinimas PATI Produkto pakuo\u010di\u0173 skai\u010dius 2 Stilius Moderni \u012eranga Surinkimo instrukcijos \/ surinkimo priedai Surinkimas Savaranki\u0161kam surinkimui Korpuso spalva cremona torro \u0105\u017euolas Korpuso med\u017eiaga \/ tipas \/ storis 16 mm baldin\u0117 plok\u0161t\u0117 Korpuso vir\u0161utin\u0117s dalies med\u017eiaga \/ tipas \/ storis 16 mm baldin\u0117 plok\u0161t\u0117 Apatin\u0117s dalies med\u017eiaga \/ tipas \/ storis 16 mm baldin\u0117 plok\u0161t\u0117 Lentynos spalva cremona torro \u0105\u017euolas Lentynos med\u017eiaga \/ tipas \/ storis 16 mm baldin\u0117 plok\u0161t\u0117 Lentyn\u0173 kiekis 1 Galin\u0117s sienel\u0117s med\u017eiaga \/ tipas \/ storis 2,5 mm HDF baldin\u0117 plok\u0161t\u0117 Matomos galin\u0117s sienel\u0117s dalies spalva Balta Galimos priekin\u0117s spalvos balta, ka\u0161myras, cremona torro \u0105\u017euolas, artisan \u0105\u017euolas, \u0161viesus grafitas Priekin\u0117 med\u017eiaga \/ tipas \/ storis Baldin\u0117 plok\u0161t\u0117 16 mm Priekinis vyris \u2300 35 mm reguliuojamas trijose plok\u0161tumose Priekinis atidarymas universalus kairysis \/ de\u0161inysis TAIP Priekin\u0117 rankena \/ apdaila \/ spalva Plastikas \/ juoda \u0160velnaus u\u017edarymo sistema Standarti\u0161kai Dur\u0173 skai\u010dius 1 U\u017edar\u0173 ni\u0161\u0173 skai\u010dius 2 Korpusas \u012franga Reguliuojami bald\u0173 pakabos<\/p>","protected":false},"excerpt":{"rendered":"<p>Plotis 20 cm Gylis 29,6 cm Auk\u0161tis 60 cm Gaminio svoris su pakuote 7,35 kg Gamintojo kodas \/ simbolis PK01\/PF01 Kolekcijos pavadinimas PATI Gaminio pakuo\u010di\u0173 skai\u010dius 2 Stilius Moderni \u012franga Surinkimo instrukcijos \/ surinkimo priedai Surinkimas Savaranki\u0161kam surinkimui Korpuso spalva \u0105\u017euolas \u201ecremona torro\u201c Korpuso med\u017eiaga \/ tipas \/ storis 16 mm baldin\u0117 plok\u0161t\u0117 Vir\u0161utin\u0117 [\u2026]<\/p>","protected":false},"featured_media":253098,"comment_status":"open","ping_status":"open","template":"","meta":[],"product_brand":[],"product_cat":[9118,2457],"product_tag":[],"class_list":{"0":"post-256433","1":"product","2":"type-product","3":"status-publish","4":"has-post-thumbnail","6":"product_cat-kitchen-cabinets","7":"product_cat-liveo","9":"first","10":"instock","11":"purchasable","12":"product-type-simple"},"_links":{"self":[{"href":"https:\/\/baldumarket.lt\/lt\/wp-json\/wp\/v2\/product\/256433","targetHints":{"allow":["GET"]}}],"collection":[{"href":"https:\/\/baldumarket.lt\/lt\/wp-json\/wp\/v2\/product"}],"about":[{"href":"https:\/\/baldumarket.lt\/lt\/wp-json\/wp\/v2\/types\/product"}],"replies":[{"embeddable":true,"href":"https:\/\/baldumarket.lt\/lt\/wp-json\/wp\/v2\/comments?post=256433"}],"wp:featuredmedia":[{"embeddable":true,"href":"https:\/\/baldumarket.lt\/lt\/wp-json\/wp\/v2\/media\/253098"}],"wp:attachment":[{"href":"https:\/\/baldumarket.lt\/lt\/wp-json\/wp\/v2\/media?parent=256433"}],"wp:term":[{"taxonomy":"product_brand","embeddable":true,"href":"https:\/\/baldumarket.lt\/lt\/wp-json\/wp\/v2\/product_brand?post=256433"},{"taxonomy":"product_cat","embeddable":true,"href":"https:\/\/baldumarket.lt\/lt\/wp-json\/wp\/v2\/product_cat?post=256433"},{"taxonomy":"product_tag","embeddable":true,"href":"https:\/\/baldumarket.lt\/lt\/wp-json\/wp\/v2\/product_tag?post=256433"}],"curies":[{"name":"wp","href":"https:\/\/api.w.org\/{rel}","templated":true}]}}