{"id":256423,"date":"2026-01-10T22:46:41","date_gmt":"2026-01-10T19:46:41","guid":{"rendered":"https:\/\/baldumarket.lt\/product\/pati-pf25-front-zmywarki-45\/"},"modified":"2026-02-11T18:30:36","modified_gmt":"2026-02-11T15:30:36","slug":"pati-pf25-front-zmywarki-45","status":"publish","type":"product","link":"https:\/\/baldumarket.lt\/lt\/product\/pati-pf25-front-zmywarki-45\/","title":{"rendered":"PATI PF25 indaplov\u0117 priekin\u0117 45"},"content":{"rendered":"<p>Plotis 45 cm Gylis 1,6 cm Auk\u0161tis 71,3 cm Produkto svoris su pakuote 3,90 kg Gamintojo kodas \/ simbolis PF25 Kolekcijos pavadinimas PATI Produkto pakuo\u010di\u0173 skai\u010dius 1 Surinkimas Savaranki\u0161kam surinkimui Galimos priekin\u0117s dalies spalvos Ka\u0161myras, kremonos \u0105\u017euolas torro, artisan \u0105\u017euolas, \u0161viesus grafitas Priekin\u0117s apdailos med\u017eiaga \/ tipas \/ storis 16 mm baldin\u0117 plok\u0161t\u0117 Priekin\u0117 rankena \/ apdaila \/ spalva Plastikas \/ juoda<\/p>","protected":false},"excerpt":{"rendered":"<p>Plotis 45 cm Gylis 1,6 cm Auk\u0161tis 71,3 cm Produkto svoris su pakuote 3,90 kg Gamintojo kodas \/ simbolis PF25 Kolekcijos pavadinimas PATI Produkto pakuo\u010di\u0173 skai\u010dius 1 Surinkimas Savaranki\u0161kam surinkimui Galimos priekin\u0117s spalvos Ka\u0161myras, kremonos \u0105\u017euolas torro, artisan \u0105\u017euolas, \u0161viesus grafitas Priekin\u0117s apdailos med\u017eiaga \/ tipas \/ storis 16 mm baldin\u0117 plok\u0161t\u0117 Priekin\u0117 rankena [\u2026]<\/p>","protected":false},"featured_media":256421,"comment_status":"open","ping_status":"open","template":"","meta":[],"product_brand":[],"product_cat":[1043,2457],"product_tag":[],"class_list":{"0":"post-256423","1":"product","2":"type-product","3":"status-publish","4":"has-post-thumbnail","6":"product_cat-extras","7":"product_cat-liveo","9":"first","10":"instock","11":"purchasable","12":"product-type-simple"},"_links":{"self":[{"href":"https:\/\/baldumarket.lt\/lt\/wp-json\/wp\/v2\/product\/256423","targetHints":{"allow":["GET"]}}],"collection":[{"href":"https:\/\/baldumarket.lt\/lt\/wp-json\/wp\/v2\/product"}],"about":[{"href":"https:\/\/baldumarket.lt\/lt\/wp-json\/wp\/v2\/types\/product"}],"replies":[{"embeddable":true,"href":"https:\/\/baldumarket.lt\/lt\/wp-json\/wp\/v2\/comments?post=256423"}],"wp:featuredmedia":[{"embeddable":true,"href":"https:\/\/baldumarket.lt\/lt\/wp-json\/wp\/v2\/media\/256421"}],"wp:attachment":[{"href":"https:\/\/baldumarket.lt\/lt\/wp-json\/wp\/v2\/media?parent=256423"}],"wp:term":[{"taxonomy":"product_brand","embeddable":true,"href":"https:\/\/baldumarket.lt\/lt\/wp-json\/wp\/v2\/product_brand?post=256423"},{"taxonomy":"product_cat","embeddable":true,"href":"https:\/\/baldumarket.lt\/lt\/wp-json\/wp\/v2\/product_cat?post=256423"},{"taxonomy":"product_tag","embeddable":true,"href":"https:\/\/baldumarket.lt\/lt\/wp-json\/wp\/v2\/product_tag?post=256423"}],"curies":[{"name":"wp","href":"https:\/\/api.w.org\/{rel}","templated":true}]}}