{"id":256406,"date":"2026-01-10T22:46:23","date_gmt":"2026-01-10T19:46:23","guid":{"rendered":"https:\/\/baldumarket.lt\/product\/noel-ne09-polka-wiszaca\/"},"modified":"2026-02-11T18:30:37","modified_gmt":"2026-02-11T15:30:37","slug":"noel-ne09-polka-wiszaca","status":"publish","type":"product","link":"https:\/\/baldumarket.lt\/lt\/product\/noel-ne09-polka-wiszaca\/","title":{"rendered":"NOEL NE09 PAKABINAME LENTYNA"},"content":{"rendered":"<p>\u201eNOEL NE09\u201c lentyna \u2013 puikus b\u016bdas sukurti daugiau vietos j\u016bs\u0173 nieku\u010diams. Ji puikiai tinka dekoratyviniams elementams ir knyg\u0173 kolekcijoms susid\u0117ti. Stilingas spalv\u0173 derinys paver\u010dia j\u0105 tikra ak\u012f traukian\u010dia detale. \u0104\u017euolo \u012fkv\u0117ptas motyvas kartu su juoda spalva suteikia bet kokiam interjerui modern\u0173, industrin\u012f vaizd\u0105. Lentyna puikiai dera su kitais \u201eNOEL\u201c serijos baldais arba yra atskiras baldas, prisitaikantis prie j\u016bs\u0173 kambario dekoro.<\/p>\n<p>Plotis 148 cm Gylis 23,5 cm Auk\u0161tis 22 cm Produkto svoris su pakuote 9,60 kg Gamintojo kodas \/ simbolis NE09 Kolekcijos pavadinimas NOEL Pavadinimas b2b sistemoje NOEL NE09 \u0104\u017dUOLO E\/JUODOS LENTYN\u0172 KOMPLEKTAS Produkto pakuo\u010di\u0173 skai\u010dius 1 Stilius Modernus \u012eranga Surinkimo instrukcijos \/ surinkimo priedai Surinkimas Savaranki\u0161kam surinkimui Spalvos Evoke \u0105\u017euolas \/ juoda Korpuso med\u017eiaga \/ tipas \/ storis 16 mm bald\u0173 plok\u0161t\u0117 Korpuso vir\u0161utin\u0117s dalies med\u017eiaga \/ tipas \/ storis 22 mm bald\u0173 plok\u0161t\u0117 Korpuso \u012franga Reguliuojami bald\u0173 pakabos<\/p>","protected":false},"excerpt":{"rendered":"<p>\u201eNOEL NE09\u201c lentyna \u2013 puikus b\u016bdas sukurti daugiau vietos j\u016bs\u0173 nieku\u010diams. Ji puikiai tinka dekoratyviniams elementams ir knyg\u0173 kolekcijoms. Stilingas spalv\u0173 derinys paver\u010dia j\u0105 tikra ak\u012f traukian\u010dia detale. \u0104\u017euolo \u012fkv\u0117ptas motyvas kartu su juoda spalva suteikia bet kokiam interjerui modern\u0173, industrin\u012f vaizd\u0105. Lentyna puikiai dera su kitais baldais i\u0161 [\u2026]<\/p>","protected":false},"featured_media":256399,"comment_status":"open","ping_status":"open","template":"","meta":[],"product_brand":[],"product_cat":[1174,2457],"product_tag":[],"class_list":{"0":"post-256406","1":"product","2":"type-product","3":"status-publish","4":"has-post-thumbnail","6":"product_cat-hanging-shelves","7":"product_cat-liveo","9":"first","10":"instock","11":"purchasable","12":"product-type-simple"},"_links":{"self":[{"href":"https:\/\/baldumarket.lt\/lt\/wp-json\/wp\/v2\/product\/256406","targetHints":{"allow":["GET"]}}],"collection":[{"href":"https:\/\/baldumarket.lt\/lt\/wp-json\/wp\/v2\/product"}],"about":[{"href":"https:\/\/baldumarket.lt\/lt\/wp-json\/wp\/v2\/types\/product"}],"replies":[{"embeddable":true,"href":"https:\/\/baldumarket.lt\/lt\/wp-json\/wp\/v2\/comments?post=256406"}],"wp:featuredmedia":[{"embeddable":true,"href":"https:\/\/baldumarket.lt\/lt\/wp-json\/wp\/v2\/media\/256399"}],"wp:attachment":[{"href":"https:\/\/baldumarket.lt\/lt\/wp-json\/wp\/v2\/media?parent=256406"}],"wp:term":[{"taxonomy":"product_brand","embeddable":true,"href":"https:\/\/baldumarket.lt\/lt\/wp-json\/wp\/v2\/product_brand?post=256406"},{"taxonomy":"product_cat","embeddable":true,"href":"https:\/\/baldumarket.lt\/lt\/wp-json\/wp\/v2\/product_cat?post=256406"},{"taxonomy":"product_tag","embeddable":true,"href":"https:\/\/baldumarket.lt\/lt\/wp-json\/wp\/v2\/product_tag?post=256406"}],"curies":[{"name":"wp","href":"https:\/\/api.w.org\/{rel}","templated":true}]}}