{"id":256400,"date":"2026-01-10T22:46:20","date_gmt":"2026-01-10T19:46:20","guid":{"rendered":"https:\/\/baldumarket.lt\/product\/noel-ne08-szafa\/"},"modified":"2026-02-11T18:30:37","modified_gmt":"2026-02-11T15:30:37","slug":"noel-ne08-szafa","status":"publish","type":"product","link":"https:\/\/baldumarket.lt\/lt\/product\/noel-ne08-szafa\/","title":{"rendered":"NOEL NE08 DRABU\u017dIN\u0116"},"content":{"rendered":"<p>Spinta NOEL NE08 \u2013 tai ma\u017eas, bet labai funkcionalus baldas, puikiai tiksiantis svetainei ar darbo kambariui. Spinta turi drabu\u017ei\u0173 kabykl\u0105, du stal\u010dius ir apa\u010dioje esan\u010di\u0105 \u012fdub\u0105, tod\u0117l visk\u0105 galite susid\u0117ti vienoje vietoje. Stilingas spalv\u0173 derinys traukia ak\u012f. \u0104\u017euolo motyvas, pary\u0161kintas lameli\u0173 efektu, suteikia interjerui modern\u0173 ir industrin\u012f vaizd\u0105. Auk\u0161tos juodos kojel\u0117s kartu su juodomis rankenomis paver\u010dia spint\u0105 dekoratyviniu elementu. Spinta idealiai dera su kitais NOEL serijos baldais arba yra atskiras baldas, leid\u017eiantis j\u0105 pritaikyti prie savo kambario dizaino.<\/p>\n<p>Plotis 88 cm Gylis 54 cm Auk\u0161tis 194 cm Produkto svoris su pakuote 70,60 kg Gamintojo kodas \/ simbolis NE08 Kolekcijos pavadinimas NOEL Pavadinimas b2b sistemoje NOEL NE08 \u0104\u017dUOLO E\/JUODOS SPINTEL\u0116S KOMPLEKTAS Produkt\u0173 pakuo\u010di\u0173 skai\u010dius 3 Stilius Modernus \u012eranga Surinkimo instrukcijos \/ surinkimo priedai Surinkimui Savaranki\u0161kam surinkimui Korpuso spalva Evoke Oak Korpuso med\u017eiaga \/ tipas \/ storis 16 mm baldin\u0117 plok\u0161t\u0117 Vir\u0161utinio korpuso med\u017eiaga \/ tipas \/ storis 22 mm baldin\u0117 plok\u0161t\u0117 Apatinio korpuso med\u017eiaga \/ tipas \/ storis 22 mm baldin\u0117 plok\u0161t\u0117 Galin\u0117s sienel\u0117s med\u017eiaga \/ tipas \/ storis 2,5 mm HDF baldin\u0117 plok\u0161t\u0117 Galin\u0117s sienel\u0117s \u2013 matomos dalies spalva Juoda Priekin\u0117s spalvos Evoke Oak \/ juoda Priekin\u0117s med\u017eiagos \/ tipas \/ storis 16 mm baldin\u0117 plok\u0161t\u0117 \/ lentjuost\u0117s 16 mm MDF baldin\u0117 plok\u0161t\u0117 Priekinis vyris \u2300 35 mm, reguliuojamas trijose plok\u0161tumose Priekin\u0117 rankena \/ apdaila \/ spalva Plastikin\u0117 \/ juoda Stal\u010di\u0173 b\u0117geliai su pilnu i\u0161traukimu Kojel\u0117 \/ apdaila \/ spalva Nereguliuojama \/ plastikin\u0117 \/ juoda Kojel\u0117s auk\u0161tis 100 mm Dureli\u0173 skai\u010dius 2 Stal\u010di\u0173 skai\u010dius 2 U\u017edar\u0173 ni\u0161\u0173 skai\u010dius 1 Korpusas Standartin\u0117 \u012franga: 1 pakabinamas b\u0117gelis<\/p>","protected":false},"excerpt":{"rendered":"<p>Spinta NOEL NE08 \u2013 tai ma\u017eas, bet labai funkcionalus baldas, puikiai tinkantis svetainei ar darbo kambariui. Spintos viduje yra drabu\u017ei\u0173 kabykla, du stal\u010diai ir \u012fduba apa\u010dioje, tod\u0117l visk\u0105 galite susid\u0117ti vienoje vietoje. Stilingas spintos spalv\u0173 derinys traukia ak\u012f. [\u2026]<\/p>","protected":false},"featured_media":256401,"comment_status":"open","ping_status":"open","template":"","meta":[],"product_brand":[],"product_cat":[2457,1177],"product_tag":[],"class_list":{"0":"post-256400","1":"product","2":"type-product","3":"status-publish","4":"has-post-thumbnail","6":"product_cat-liveo","7":"product_cat-wardrobes","9":"first","10":"instock","11":"purchasable","12":"product-type-simple"},"_links":{"self":[{"href":"https:\/\/baldumarket.lt\/lt\/wp-json\/wp\/v2\/product\/256400","targetHints":{"allow":["GET"]}}],"collection":[{"href":"https:\/\/baldumarket.lt\/lt\/wp-json\/wp\/v2\/product"}],"about":[{"href":"https:\/\/baldumarket.lt\/lt\/wp-json\/wp\/v2\/types\/product"}],"replies":[{"embeddable":true,"href":"https:\/\/baldumarket.lt\/lt\/wp-json\/wp\/v2\/comments?post=256400"}],"wp:featuredmedia":[{"embeddable":true,"href":"https:\/\/baldumarket.lt\/lt\/wp-json\/wp\/v2\/media\/256401"}],"wp:attachment":[{"href":"https:\/\/baldumarket.lt\/lt\/wp-json\/wp\/v2\/media?parent=256400"}],"wp:term":[{"taxonomy":"product_brand","embeddable":true,"href":"https:\/\/baldumarket.lt\/lt\/wp-json\/wp\/v2\/product_brand?post=256400"},{"taxonomy":"product_cat","embeddable":true,"href":"https:\/\/baldumarket.lt\/lt\/wp-json\/wp\/v2\/product_cat?post=256400"},{"taxonomy":"product_tag","embeddable":true,"href":"https:\/\/baldumarket.lt\/lt\/wp-json\/wp\/v2\/product_tag?post=256400"}],"curies":[{"name":"wp","href":"https:\/\/api.w.org\/{rel}","templated":true}]}}