{"id":256394,"date":"2026-01-10T22:46:17","date_gmt":"2026-01-10T19:46:17","guid":{"rendered":"https:\/\/baldumarket.lt\/product\/noel-ne07-szafka-uniwersalna-lewostronna-prawostronna\/"},"modified":"2026-02-11T18:30:37","modified_gmt":"2026-02-11T15:30:37","slug":"noel-ne07-szafka-uniwersalna-lewostronna-prawostronna","status":"publish","type":"product","link":"https:\/\/baldumarket.lt\/lt\/product\/noel-ne07-szafka-uniwersalna-lewostronna-prawostronna\/","title":{"rendered":"NOEL NE07 UNIVERSALI SPINTEL\u0116 KAIR\u0116\/DE\u0160IN\u0116"},"content":{"rendered":"<p>NOEL NE07 L\/R spintel\u0117 yra universalus ir funkcionalus dizaino elementas, kuris papildys bet kok\u012f interjer\u0105. Didelis ni\u0161\u0173 skai\u010dius leid\u017eia atskirti daiktus ir palaikyti tvark\u0105. Ji idealiai tinka tekstil\u0117s gaminiams, knygoms ar kitiems stalo \u012frankiams laikyti valgomajame. \u0160is universalus baldas si\u016blo de\u0161in\u0117s arba kair\u0117s pus\u0117s dureles. Stilingas spintel\u0117s spalv\u0173 derinys traukia ak\u012f. \u0104\u017euolo \u012fkv\u0117ptas motyvas, pary\u0161kintas lameli\u0173 efektu, suteikia interjerui modern\u0173 ir industrin\u012f vaizd\u0105. Auk\u0161tos juodos kojel\u0117s kartu su juodomis rankenomis paver\u010dia spintel\u0119 dekoratyvine detale. Ji puikiai dera su kitais NOEL serijos baldais arba yra atskiras baldas, prisitaikantis prie j\u016bs\u0173 interjero dizaino.<\/p>\n<p>Plotis 58 cm Gylis 39 cm Auk\u0161tis 194 cm Produkto svoris su pakuote 45,35 kg Gamintojo kodas \/ simbolis NE07 Kolekcijos pavadinimas NOEL Pavadinimas b2b sistemoje NOEL NE07 \u0104\u017dUOLO SPINTEL\u0116 L\/P KOMPLEKTAS Produkto pakuo\u010di\u0173 skai\u010dius 2 Stilius Moderni \u012franga Surinkimo instrukcijos \/ surinkimo priedai Surinkimui Savaranki\u0161kam surinkimui Korpuso spalva Evoke Oak Korpuso apdailos med\u017eiaga \/ tipas \/ storis 16 mm baldin\u0117 plok\u0161t\u0117 Vir\u0161utin\u0117 korpuso apdaila \/ med\u017eiaga \/ tipas \/ storis 22 mm baldin\u0117 plok\u0161t\u0117 Apatin\u0117 korpuso apdaila \/ med\u017eiaga \/ tipas \/ storis 22 mm baldin\u0117 plok\u0161t\u0117 Lentynos spalva Evoke Oak Lentynos apdailos med\u017eiaga \/ tipas \/ storis 16 mm baldin\u0117 plok\u0161t\u0117 Lentyn\u0173 kiekis 3 Kar\u016bnin\u0117s lentynos kiekis 1 Galin\u0117s sienel\u0117s apdailos med\u017eiaga \/ tipas \/ storis 2,5 mm HDF baldin\u0117 plok\u0161t\u0117 Matoma galin\u0117s sienel\u0117s dalis Juoda Priekin\u0117 spalva Evoke Oak \/ Juoda Priekin\u0117s apdailos med\u017eiaga \/ tipas \/ storis 16 mm baldin\u0117 plok\u0161t\u0117 \/ lentjuost\u0117s 16 mm MDF baldin\u0117 plok\u0161t\u0117 Priekinis vyris \u2300 35 mm, reguliuojamas trijose plok\u0161tumose Priekin\u0117 rankena \/ apdaila \/ spalva Plastikas \/ juoda Kojel\u0117 \/ apdaila \/ spalva Nereguliuojama \/ plastikin\u0117 \/ juoda Kojel\u0117s auk\u0161tis 100 mm Dureli\u0173 skai\u010dius 2 U\u017edar\u0173 ni\u0161\u0173 skai\u010dius 5 Universalus korpusas kairinis \/ de\u0161ininis TAIP<\/p>","protected":false},"excerpt":{"rendered":"<p>NOEL NE07 L\/R spintel\u0117 yra universalus ir funkcionalus dizaino elementas, kuris papildys bet kok\u012f interjer\u0105. Didelis ni\u0161\u0173 skai\u010dius leid\u017eia atskirti daiktus ir palaikyti tvark\u0105. Ji idealiai tinka tekstil\u0117s gaminiams, knygoms ar kitiems stalo \u012frankiams laikyti valgomajame. \u0160is universalus baldas si\u016blo de\u0161in\u0117s arba kair\u0117s pus\u0117s dureles. [\u2026]<\/p>","protected":false},"featured_media":256395,"comment_status":"open","ping_status":"open","template":"","meta":[],"product_brand":[],"product_cat":[2457,1177],"product_tag":[],"class_list":{"0":"post-256394","1":"product","2":"type-product","3":"status-publish","4":"has-post-thumbnail","6":"product_cat-liveo","7":"product_cat-wardrobes","9":"first","10":"instock","11":"purchasable","12":"product-type-simple"},"_links":{"self":[{"href":"https:\/\/baldumarket.lt\/lt\/wp-json\/wp\/v2\/product\/256394","targetHints":{"allow":["GET"]}}],"collection":[{"href":"https:\/\/baldumarket.lt\/lt\/wp-json\/wp\/v2\/product"}],"about":[{"href":"https:\/\/baldumarket.lt\/lt\/wp-json\/wp\/v2\/types\/product"}],"replies":[{"embeddable":true,"href":"https:\/\/baldumarket.lt\/lt\/wp-json\/wp\/v2\/comments?post=256394"}],"wp:featuredmedia":[{"embeddable":true,"href":"https:\/\/baldumarket.lt\/lt\/wp-json\/wp\/v2\/media\/256395"}],"wp:attachment":[{"href":"https:\/\/baldumarket.lt\/lt\/wp-json\/wp\/v2\/media?parent=256394"}],"wp:term":[{"taxonomy":"product_brand","embeddable":true,"href":"https:\/\/baldumarket.lt\/lt\/wp-json\/wp\/v2\/product_brand?post=256394"},{"taxonomy":"product_cat","embeddable":true,"href":"https:\/\/baldumarket.lt\/lt\/wp-json\/wp\/v2\/product_cat?post=256394"},{"taxonomy":"product_tag","embeddable":true,"href":"https:\/\/baldumarket.lt\/lt\/wp-json\/wp\/v2\/product_tag?post=256394"}],"curies":[{"name":"wp","href":"https:\/\/api.w.org\/{rel}","templated":true}]}}