{"id":256388,"date":"2026-01-10T22:46:14","date_gmt":"2026-01-10T19:46:14","guid":{"rendered":"https:\/\/baldumarket.lt\/product\/noel-ne06-witryna-prawostronna\/"},"modified":"2026-02-11T18:30:37","modified_gmt":"2026-02-11T15:30:37","slug":"noel-ne06-witryna-prawostronna","status":"publish","type":"product","link":"https:\/\/baldumarket.lt\/lt\/product\/noel-ne06-witryna-prawostronna\/","title":{"rendered":"NOEL NE06 DE\u0160INIARANKIAMS SKIRTA VITRINA"},"content":{"rendered":"<p>De\u0161in\u0117s pus\u0117s vitrina \u201eNOEL NE06\u201c puikiai papildys bet kur\u012f svetain\u0117s, valgomojo ar darbo kambario interjer\u0105. Stiklinis priekis puikiai tinka nuotraukoms, knygoms ir kitiems svarbiems daiktams eksponuoti. Spintel\u0117s apa\u010dioje yra spintel\u0117 patogiems aksesuarams. Papildomai galima \u012fsigyti LED ap\u0161vietim\u0105, kuris ap\u0161vie\u010dia kambar\u012f ir suteikia stulbinant\u012f efekt\u0105 gr\u016bdinto stiklo lentynoms. Spintel\u0117 patraukia ak\u012f d\u0117l madingo spalv\u0173 derinio. \u0104\u017euolo \u012fkv\u0117ptas motyvas, pary\u0161kintas lameli\u0173 efektu, suteikia interjerui modern\u0173 ir industrin\u012f vaizd\u0105. Auk\u0161tos juodos kojel\u0117s kartu su juodomis rankenomis paver\u010dia spintel\u0119 dekoratyvine detale. Spintel\u0117 idealiai tinka derinti su kitais \u201eNOEL\u201c serijos baldais arba naudoti kaip atskir\u0105 bald\u0105, tod\u0117l galite j\u0105 pritaikyti prie savo kambario dizaino.<\/p>\n<p>Plotis 58 cm Gylis 39 cm Auk\u0161tis 194 cm Produkto svoris su pakuote 46,80 kg Gamintojo kodas \/ simbolis NE06 Kolekcijos pavadinimas NOEL Pavadinimas b2b sistemoje NOEL NE06 \u0104\u017dUOLO E\/JUODA VITRIN\u0116 SPINTEL\u0116 P KOMPLEKTAS Produkto pakuo\u010di\u0173 skai\u010dius 3 Stilius Moderni \u012franga Surinkimo instrukcijos \/ surinkimo priedai Surinkimui Savaranki\u0161kam surinkimui Korpuso spalva Evoke Oak Korpuso med\u017eiaga \/ tipas \/ storis 16 mm baldin\u0117 plok\u0161t\u0117 Vir\u0161utinio korpuso med\u017eiaga \/ tipas \/ storis 22 mm baldin\u0117 plok\u0161t\u0117 Apatinio korpuso med\u017eiaga \/ tipas \/ storis 22 mm baldin\u0117 plok\u0161t\u0117 Lentynos spalva Evoke Oak Lentynos med\u017eiaga \/ tipas \/ storis 16 mm baldin\u0117 plok\u0161t\u0117 Lentyn\u0173 kiekis 1 Galin\u0117s sienel\u0117s med\u017eiaga \/ tipas \/ storis 2,5 mm HDF baldin\u0117 plok\u0161t\u0117 Matoma galin\u0117s sienel\u0117s dalis Juoda Priekin\u0117 spalva Evoke Oak \/ Juoda Priekin\u0117 med\u017eiaga \/ tipas \/ storis Plok\u0161t\u0117 16 mm baldin\u0117 plok\u0161t\u0117 \/ lentjuost\u0117s 16 mm MDF baldin\u0117 plok\u0161t\u0117 Priekinis vyris \u2300 35 mm, reguliuojamas trijose plok\u0161tumose Priekin\u0117 rankena \/ apdaila \/ spalva Plastikas \/ juoda Glaz\u016bruota priekin\u0117 apdaila \/ stiklo spalva Gr\u016bdintas \/ skaidrus Glaz\u016bruoto priekinio stiklo storis 4 mm Stiklas Lentynos stiklo spalva Skaidri Stiklin\u0117s lentynos stiklo storis 5 mm Stiklin\u0117s lentynos kiekis 2 Kojel\u0117 \/ apdaila \/ spalva Nereguliuojama \/ plastikin\u0117 \/ juoda Kojel\u0117s auk\u0161tis 100 mm Dureli\u0173 skai\u010dius 3 U\u017edaryt\u0173 ni\u0161\u0173 u\u017e priekinio stiklo skai\u010dius 3 U\u017edaryt\u0173 ni\u0161\u0173 skai\u010dius 2<\/p>","protected":false},"excerpt":{"rendered":"<p>De\u0161in\u0117s pus\u0117s vitrina \u201eNOEL NE06\u201c puikiai papildys bet kur\u012f svetain\u0117s, valgomojo ar darbo kambario interjer\u0105. Stiklinis fasadas puikiai tinka nuotraukoms, knygoms ir kitiems svarbiems daiktams eksponuoti. Spintel\u0117s apa\u010dioje yra spintel\u0117 patogiems aksesuarams. Papildomai galima \u012fsigyti LED ap\u0161vietim\u0105, kuris ap\u0161vie\u010dia kambar\u012f ir suteikia stulbinant\u012f efekt\u0105 [\u2026]<\/p>","protected":false},"featured_media":256366,"comment_status":"open","ping_status":"open","template":"","meta":[],"product_brand":[],"product_cat":[2457,2006],"product_tag":[],"class_list":{"0":"post-256388","1":"product","2":"type-product","3":"status-publish","4":"has-post-thumbnail","6":"product_cat-liveo","7":"product_cat-vitrines","9":"first","10":"instock","11":"purchasable","12":"product-type-simple"},"_links":{"self":[{"href":"https:\/\/baldumarket.lt\/lt\/wp-json\/wp\/v2\/product\/256388","targetHints":{"allow":["GET"]}}],"collection":[{"href":"https:\/\/baldumarket.lt\/lt\/wp-json\/wp\/v2\/product"}],"about":[{"href":"https:\/\/baldumarket.lt\/lt\/wp-json\/wp\/v2\/types\/product"}],"replies":[{"embeddable":true,"href":"https:\/\/baldumarket.lt\/lt\/wp-json\/wp\/v2\/comments?post=256388"}],"wp:featuredmedia":[{"embeddable":true,"href":"https:\/\/baldumarket.lt\/lt\/wp-json\/wp\/v2\/media\/256366"}],"wp:attachment":[{"href":"https:\/\/baldumarket.lt\/lt\/wp-json\/wp\/v2\/media?parent=256388"}],"wp:term":[{"taxonomy":"product_brand","embeddable":true,"href":"https:\/\/baldumarket.lt\/lt\/wp-json\/wp\/v2\/product_brand?post=256388"},{"taxonomy":"product_cat","embeddable":true,"href":"https:\/\/baldumarket.lt\/lt\/wp-json\/wp\/v2\/product_cat?post=256388"},{"taxonomy":"product_tag","embeddable":true,"href":"https:\/\/baldumarket.lt\/lt\/wp-json\/wp\/v2\/product_tag?post=256388"}],"curies":[{"name":"wp","href":"https:\/\/api.w.org\/{rel}","templated":true}]}}