{"id":256375,"date":"2026-01-10T22:46:07","date_gmt":"2026-01-10T19:46:07","guid":{"rendered":"https:\/\/baldumarket.lt\/product\/noel-ne04-witryna-niska\/"},"modified":"2026-02-11T18:30:37","modified_gmt":"2026-02-11T15:30:37","slug":"noel-ne04-witryna-niska","status":"publish","type":"product","link":"https:\/\/baldumarket.lt\/lt\/product\/noel-ne04-witryna-niska\/","title":{"rendered":"NOEL NE04 \u017dEMA VITRINA"},"content":{"rendered":"<p>NOEL NE04 vitrina \u2013 idealus pasirinkimas moderniam valgomajam, svetainei ar \u0161eimos kambariui. Stiklinis priekis leid\u017eia eksponuoti dekoratyvinius daiktus, o neglaz\u016bruotos apatin\u0117s ir \u0161onin\u0117s dalys suteikia vietos kitiems daiktams. Stiklin\u0119 erdv\u0119 papildo LED ap\u0161vietimas. Vitrina patraukia d\u0117mes\u012f d\u0117l madingo spalv\u0173 derinio. \u0104\u017euolo motyvas, pary\u0161kintas lameli\u0173 efektu, suteikia interjerui modern\u0173 ir industrin\u012f vaizd\u0105. Auk\u0161tos juodos kojel\u0117s kartu su juodomis rankenomis paver\u010dia spintel\u0119 dekoratyviniu elementu. Spintel\u0117 puikiai dera su kitais NOEL serijos baldais arba yra atskiras baldas, prisitaikantis prie j\u016bs\u0173 kambario interjero dizaino.<\/p>\n<p>Plotis 88 cm Gylis 39 cm Auk\u0161tis 137 cm Produkto svoris su pakuote 49,85 kg Gamintojo kodas \/ simbolis NE04 Kolekcijos pavadinimas NOEL Pavadinimas b2b sistemoje NOEL NE04 \u0104\u017dUOLO E\/JUODOS VITRIN\u0116S SPINTEL\u0116S KOMPLEKTAS Produkto pakuo\u010di\u0173 skai\u010dius 3 Stilius Moderni \u012franga Surinkimo instrukcijos \/ surinkimo priedai Surinkimui Savaranki\u0161kam surinkimui Korpuso spalva Evoke Oak Korpuso apdailos med\u017eiaga \/ tipas \/ storis 16 mm baldin\u0117 plok\u0161t\u0117 Vir\u0161utin\u0117 korpuso apdaila \/ med\u017eiaga \/ tipas \/ storis 22 mm baldin\u0117 plok\u0161t\u0117 Apatin\u0117 korpuso apdaila \/ med\u017eiaga \/ tipas \/ storis 22 mm baldin\u0117 plok\u0161t\u0117 Lentynos spalva Evoke Oak Lentynos apdailos med\u017eiaga \/ tipas \/ storis 16 mm baldin\u0117 plok\u0161t\u0117 Lentyn\u0173 kiekis 2 Kar\u016bnin\u0117s lentynos kiekis 1 Galin\u0117s sienel\u0117s apdailos med\u017eiaga \/ tipas \/ storis 2,5 mm HDF baldin\u0117 plok\u0161t\u0117 Matoma galin\u0117s sienel\u0117s dalis Juoda Priekin\u0117 spalva Evoke Oak \/ Juoda Priekin\u0117 apdaila Med\u017eiaga \/ tipas \/ storis 16 mm baldin\u0117 plok\u0161t\u0117 \/ lentjuost\u0117s 16 mm MDF baldin\u0117 plok\u0161t\u0117 Priekinis vyris \u2300 35 mm, reguliuojamas trijose plok\u0161tumose Priekin\u0117 rankena \/ Apdaila \/ Spalva Plastikas \/ Juoda Glaz\u016bruota priekin\u0117 dalis Apdaila \/ Stiklo spalva Gr\u016bdintas \/ Skaidrus Stiklinis priekis Stiklo storis 4 mm Stiklin\u0117 lentyna Stiklo spalva Permatoma Stiklin\u0117 lentyna Stiklo storis 5 mm Stiklini\u0173 lentyn\u0173 kiekis 1 Kojel\u0117 \/ Apdaila \/ Spalva Nereguliuojama \/ Plastikas \/ Juoda Kojel\u0117s auk\u0161tis 100 mm Dureli\u0173 skai\u010dius 3 U\u017edaryt\u0173 ni\u0161\u0173 u\u017e priekinio stiklo skai\u010dius 2 U\u017edaryt\u0173 ni\u0161\u0173 skai\u010dius 5<\/p>","protected":false},"excerpt":{"rendered":"<p>NOEL NE04 vitrina \u2013 idealus pasirinkimas moderniam valgomajam, svetainei ar \u0161eimos kambariui. Stiklinis priekis leid\u017eia eksponuoti dekoratyvinius daiktus, o neglaz\u016bruotos apatin\u0117s ir \u0161onin\u0117s dalys suteikia vietos kitiems daiktams. Stiklin\u0119 erdv\u0119 papildo LED ap\u0161vietimas. Vitrina patraukia d\u0117mes\u012f d\u0117l [\u2026]<\/p>","protected":false},"featured_media":256376,"comment_status":"open","ping_status":"open","template":"","meta":[],"product_brand":[],"product_cat":[2457,2006],"product_tag":[],"class_list":{"0":"post-256375","1":"product","2":"type-product","3":"status-publish","4":"has-post-thumbnail","6":"product_cat-liveo","7":"product_cat-vitrines","9":"first","10":"instock","11":"purchasable","12":"product-type-simple"},"_links":{"self":[{"href":"https:\/\/baldumarket.lt\/lt\/wp-json\/wp\/v2\/product\/256375","targetHints":{"allow":["GET"]}}],"collection":[{"href":"https:\/\/baldumarket.lt\/lt\/wp-json\/wp\/v2\/product"}],"about":[{"href":"https:\/\/baldumarket.lt\/lt\/wp-json\/wp\/v2\/types\/product"}],"replies":[{"embeddable":true,"href":"https:\/\/baldumarket.lt\/lt\/wp-json\/wp\/v2\/comments?post=256375"}],"wp:featuredmedia":[{"embeddable":true,"href":"https:\/\/baldumarket.lt\/lt\/wp-json\/wp\/v2\/media\/256376"}],"wp:attachment":[{"href":"https:\/\/baldumarket.lt\/lt\/wp-json\/wp\/v2\/media?parent=256375"}],"wp:term":[{"taxonomy":"product_brand","embeddable":true,"href":"https:\/\/baldumarket.lt\/lt\/wp-json\/wp\/v2\/product_brand?post=256375"},{"taxonomy":"product_cat","embeddable":true,"href":"https:\/\/baldumarket.lt\/lt\/wp-json\/wp\/v2\/product_cat?post=256375"},{"taxonomy":"product_tag","embeddable":true,"href":"https:\/\/baldumarket.lt\/lt\/wp-json\/wp\/v2\/product_tag?post=256375"}],"curies":[{"name":"wp","href":"https:\/\/api.w.org\/{rel}","templated":true}]}}