{"id":256371,"date":"2026-01-10T22:46:04","date_gmt":"2026-01-10T19:46:04","guid":{"rendered":"https:\/\/baldumarket.lt\/product\/noel-ne03-komoda\/"},"modified":"2026-02-11T18:30:37","modified_gmt":"2026-02-11T15:30:37","slug":"noel-ne03-komoda","status":"publish","type":"product","link":"https:\/\/baldumarket.lt\/lt\/product\/noel-ne03-komoda\/","title":{"rendered":"NOEL NE03 komoda su stal\u010diais"},"content":{"rendered":"<p>\u201cNOEL NE03\u201d indauja \u2013 prakti\u0161kas ir stilingas svetain\u0117s, valgomojo ar darbo kambario aksesuaras. Ji turi keturis pasl\u0117ptus skyrius u\u017e dvigub\u0173 dureli\u0173, kuriuose galite susitvarkyti b\u016btiniausius daiktus. Taip pat yra stal\u010dius smulkiems daiktams. Indauja patraukia d\u0117mes\u012f d\u0117l madingo spalv\u0173 derinio. \u201eEvoke\u201c \u0105\u017euolo motyvas, pary\u0161kintas lameli\u0173 efektu, suteikia interjerui modern\u0173 ir industrin\u012f vaizd\u0105. Auk\u0161tos juodos kojel\u0117s kartu su juodomis rankenomis paver\u010dia \u0161i\u0105 indauja dekoratyvine detale. Indauja puikiai dera su kitais \u201eNOEL\u201c serijos baldais arba yra atskiras baldas, prisitaikantis prie j\u016bs\u0173 kambario interjero dizaino.<\/p>\n<p>Plotis 148 cm Gylis 39 cm Auk\u0161tis 84 cm Produkto svoris su pakuote 48,25 kg Gamintojo kodas \/ simbolis NE03 Kolekcijos pavadinimas NOEL Pavadinimas b2b sistemoje NOEL NE03 \u0104\u017dUOLO E\/JUODOS KOMODOS KOMPLEKTAS Produkto pakuo\u010di\u0173 skai\u010dius 3 Stilius Moderni \u012franga Surinkimo instrukcijos \/ surinkimo priedai Surinkimui Savaranki\u0161kam surinkimui Korpuso spalva Evoke Oak Korpuso med\u017eiaga \/ tipas \/ storis 16 mm baldin\u0117 plok\u0161t\u0117 Vir\u0161utinio korpuso med\u017eiaga \/ tipas \/ storis 22 mm baldin\u0117 plok\u0161t\u0117 Apatinio korpuso med\u017eiaga \/ tipas \/ storis 22 mm baldin\u0117 plok\u0161t\u0117 Lentynos spalva Evoke Oak Lentynos med\u017eiaga \/ tipas \/ storis 16 mm baldin\u0117 plok\u0161t\u0117 Lentyn\u0173 kiekis 1 Kar\u016bnin\u0117s lentynos kiekis 1 Galin\u0117s sienel\u0117s med\u017eiaga \/ tipas \/ storis 2,5 mm HDF baldin\u0117 plok\u0161t\u0117 Matomos galin\u0117s sienel\u0117s dalies spalva Juoda Priekin\u0117 spalva Evoke Oak \/ Juoda Priekin\u0117 med\u017eiaga \/ tipas \/ storis 16 mm baldin\u0117 plok\u0161t\u0117 \/ lamel\u0117s 16 mm MDF baldin\u0117 plok\u0161t\u0117 Priekinis vyris \u2300 35 mm reguliuojamas trijose plok\u0161tumose Priekin\u0117 rankena \/ apdaila \/ spalva Plastikin\u0117 \/ juoda Pilno i\u0161traukimo stal\u010di\u0173 b\u0117geliai Kojel\u0117 \/ apdaila \/ spalva Nereguliuojama \/ plastikas \/ juodas Kojeli\u0173 auk\u0161tis 100 mm Dureli\u0173 skai\u010dius 3 Stal\u010di\u0173 skai\u010dius 1 U\u017edar\u0173 ni\u0161\u0173 skai\u010dius 4<\/p>","protected":false},"excerpt":{"rendered":"<p>\u201cNOEL NE03\u201d indauja yra prakti\u0161kas ir stilingas svetain\u0117s, valgomojo ar darbo kambario aksesuaras. Ji turi keturis pasl\u0117ptus skyrius u\u017e dvigub\u0173 dureli\u0173, leid\u017eian\u010dius susitvarkyti b\u016btiniausius daiktus. Taip pat yra stal\u010dius smulkiems daiktams. Indauja patraukia d\u0117mes\u012f d\u0117l madingo spalv\u0173 derinio. \u201eEvoke\u201c \u0105\u017euolo motyvas, pary\u0161kintas [\u2026]<\/p>","protected":false},"featured_media":256364,"comment_status":"open","ping_status":"open","template":"","meta":[],"product_brand":[],"product_cat":[1173,2457],"product_tag":[],"class_list":{"0":"post-256371","1":"product","2":"type-product","3":"status-publish","4":"has-post-thumbnail","6":"product_cat-chests-of-drawers","7":"product_cat-liveo","9":"first","10":"instock","11":"purchasable","12":"product-type-simple"},"_links":{"self":[{"href":"https:\/\/baldumarket.lt\/lt\/wp-json\/wp\/v2\/product\/256371","targetHints":{"allow":["GET"]}}],"collection":[{"href":"https:\/\/baldumarket.lt\/lt\/wp-json\/wp\/v2\/product"}],"about":[{"href":"https:\/\/baldumarket.lt\/lt\/wp-json\/wp\/v2\/types\/product"}],"replies":[{"embeddable":true,"href":"https:\/\/baldumarket.lt\/lt\/wp-json\/wp\/v2\/comments?post=256371"}],"wp:featuredmedia":[{"embeddable":true,"href":"https:\/\/baldumarket.lt\/lt\/wp-json\/wp\/v2\/media\/256364"}],"wp:attachment":[{"href":"https:\/\/baldumarket.lt\/lt\/wp-json\/wp\/v2\/media?parent=256371"}],"wp:term":[{"taxonomy":"product_brand","embeddable":true,"href":"https:\/\/baldumarket.lt\/lt\/wp-json\/wp\/v2\/product_brand?post=256371"},{"taxonomy":"product_cat","embeddable":true,"href":"https:\/\/baldumarket.lt\/lt\/wp-json\/wp\/v2\/product_cat?post=256371"},{"taxonomy":"product_tag","embeddable":true,"href":"https:\/\/baldumarket.lt\/lt\/wp-json\/wp\/v2\/product_tag?post=256371"}],"curies":[{"name":"wp","href":"https:\/\/api.w.org\/{rel}","templated":true}]}}