{"id":256367,"date":"2026-01-10T22:46:01","date_gmt":"2026-01-10T19:46:01","guid":{"rendered":"https:\/\/baldumarket.lt\/product\/noel-ne02-komoda\/"},"modified":"2026-02-11T18:30:37","modified_gmt":"2026-02-11T15:30:37","slug":"noel-ne02-komoda","status":"publish","type":"product","link":"https:\/\/baldumarket.lt\/lt\/product\/noel-ne02-komoda\/","title":{"rendered":"NOEL NE02 komoda su stal\u010diais"},"content":{"rendered":"<p>Komoda NOEL NE02 \u2013 prakti\u0161kas ir stilingas svetain\u0117s, darbo kambario ar prie\u0161kambario aksesuaras. Ji turi dvi pasl\u0117ptas ni\u0161as u\u017e dvigub\u0173 dur\u0173 ir stal\u010di\u0173 smulkiems daiktams susid\u0117ti. Stilingas spalv\u0173 derinys paver\u010dia j\u0105 tikra ak\u012f traukian\u010dia detale. \u0104\u017euolo motyvas \u201cEvoke\u201d, pary\u0161kintas lameli\u0173 efektu, suteikia interjerui modern\u0173 ir industrin\u012f vaizd\u0105. Auk\u0161tos juodos kojel\u0117s kartu su juodomis rankenomis paver\u010dia komod\u0105 dekoratyviniu elementu. Komoda puikiai dera su kitais NOEL serijos baldais arba yra atskiras baldas, prisitaikantis prie j\u016bs\u0173 kambario interjero.<\/p>\n<p>Plotis 88 cm Gylis 39 cm Auk\u0161tis 84 cm Produkto svoris su pakuote 31,65 kg Gamintojo kodas \/ simbolis NE02 Kolekcijos pavadinimas NOEL Pavadinimas b2b sistemoje NOEL NE02 \u0104\u017dUOLO E\/JUODOS KOMODOS KOMPLEKTAS Produkto pakuo\u010di\u0173 skai\u010dius 2 Stilius Moderni \u012franga Surinkimo instrukcijos \/ surinkimo priedai Surinkimui Savaranki\u0161kam surinkimui Korpuso spalva Evoke Oak Korpuso med\u017eiaga \/ tipas \/ storis 16 mm baldin\u0117 plok\u0161t\u0117 Vir\u0161utinio korpuso med\u017eiaga \/ tipas \/ storis 22 mm baldin\u0117 plok\u0161t\u0117 Apatinio korpuso med\u017eiaga \/ tipas \/ storis 22 mm baldin\u0117 plok\u0161t\u0117 Lentynos spalva Evoke Oak Lentynos med\u017eiaga \/ tipas \/ storis 16 mm baldin\u0117 plok\u0161t\u0117 Kar\u016bnuotos lentynos kiekis 1 Galin\u0117s sienel\u0117s med\u017eiaga \/ tipas \/ storis 2,5 mm HDF baldin\u0117 plok\u0161t\u0117 Matoma galin\u0117s sienel\u0117s dalis Juoda Priekin\u0117 spalva Evoke Oak \/ Juoda Priekin\u0117 med\u017eiaga \/ tipas \/ storis Lentyna 16 mm baldin\u0117 plok\u0161t\u0117 \/ lentjuost\u0117s 16 mm MDF baldin\u0117 plok\u0161t\u0117 Priekinis vyris \u2300 35 mm reguliuojamas trijose plok\u0161tumose Priekin\u0117 rankena \/ apdaila \/ spalva Plastikin\u0117 \/ juoda Pilno i\u0161traukimo stal\u010di\u0173 b\u0117geliai Kojel\u0117 \/ apdaila \/ spalva Nereguliuojamas \/ plastikin\u0117 \/ juoda Kojel\u0117s auk\u0161tis 100 mm Dureli\u0173 skai\u010dius 2 Stal\u010di\u0173 skai\u010dius 1 U\u017edar\u0173 ni\u0161\u0173 skai\u010dius 2<\/p>","protected":false},"excerpt":{"rendered":"<p>Komoda \u201cNOEL NE02\u201d \u2013 prakti\u0161kas ir stilingas svetain\u0117s, darbo kambario ar prie\u0161kambario papildymas. Ji turi dvi pasl\u0117ptas ni\u0161as u\u017e dvigub\u0173 dur\u0173 ir stal\u010di\u0173 smulkiems daiktams susid\u0117ti. Stilingas spalv\u0173 derinys paver\u010dia j\u0105 tikra ak\u012f traukian\u010dia detale. \u0104\u017euolo motyvas \u201eEvoke\u201c, pary\u0161kintas lameli\u0173 efektu, suteikia interjerui [\u2026]<\/p>","protected":false},"featured_media":256368,"comment_status":"open","ping_status":"open","template":"","meta":[],"product_brand":[],"product_cat":[1173,2457],"product_tag":[],"class_list":{"0":"post-256367","1":"product","2":"type-product","3":"status-publish","4":"has-post-thumbnail","6":"product_cat-chests-of-drawers","7":"product_cat-liveo","9":"first","10":"instock","11":"purchasable","12":"product-type-simple"},"_links":{"self":[{"href":"https:\/\/baldumarket.lt\/lt\/wp-json\/wp\/v2\/product\/256367","targetHints":{"allow":["GET"]}}],"collection":[{"href":"https:\/\/baldumarket.lt\/lt\/wp-json\/wp\/v2\/product"}],"about":[{"href":"https:\/\/baldumarket.lt\/lt\/wp-json\/wp\/v2\/types\/product"}],"replies":[{"embeddable":true,"href":"https:\/\/baldumarket.lt\/lt\/wp-json\/wp\/v2\/comments?post=256367"}],"wp:featuredmedia":[{"embeddable":true,"href":"https:\/\/baldumarket.lt\/lt\/wp-json\/wp\/v2\/media\/256368"}],"wp:attachment":[{"href":"https:\/\/baldumarket.lt\/lt\/wp-json\/wp\/v2\/media?parent=256367"}],"wp:term":[{"taxonomy":"product_brand","embeddable":true,"href":"https:\/\/baldumarket.lt\/lt\/wp-json\/wp\/v2\/product_brand?post=256367"},{"taxonomy":"product_cat","embeddable":true,"href":"https:\/\/baldumarket.lt\/lt\/wp-json\/wp\/v2\/product_cat?post=256367"},{"taxonomy":"product_tag","embeddable":true,"href":"https:\/\/baldumarket.lt\/lt\/wp-json\/wp\/v2\/product_tag?post=256367"}],"curies":[{"name":"wp","href":"https:\/\/api.w.org\/{rel}","templated":true}]}}