{"id":256359,"date":"2026-01-10T22:45:57","date_gmt":"2026-01-10T19:45:57","guid":{"rendered":"https:\/\/baldumarket.lt\/product\/noel-ne01-rtv\/"},"modified":"2026-02-11T18:30:37","modified_gmt":"2026-02-11T15:30:37","slug":"noel-ne01-rtv","status":"publish","type":"product","link":"https:\/\/baldumarket.lt\/lt\/product\/noel-ne01-rtv\/","title":{"rendered":"NOEL NE01 RTV"},"content":{"rendered":"<p>NOEL NE01 televizoriaus staliukas \u2013 modernus ir prakti\u0161kas svetain\u0117s ar darbo kambario baldas. Jame yra atvira lentyna televizoriaus \u012frangai, stal\u010dius ir spintel\u0117, tod\u0117l viduje galite laikyti visk\u0105, ko jums nereikia. Stovas patraukia ak\u012f d\u0117l madingo spalv\u0173 derinio. \u0104\u017euolo motyvas, pary\u0161kintas lameli\u0173 efektu, suteikia interjerui modern\u0173 ir industrin\u012f vaizd\u0105. Auk\u0161tos juodos kojel\u0117s kartu su juodomis rankenomis paver\u010dia stov\u0105 dekoratyviniu elementu. Televizoriaus staliukas puikiai dera su kitais NOEL serijos baldais arba yra atskiras baldas, prisitaikantis prie j\u016bs\u0173 kambario interjero dizaino.<\/p>\n<p>Plotis 148 cm Gylis 39 cm Auk\u0161tis 52,5 cm Produkto svoris su pakuote 34,60 kg Gamintojo kodas \/ simbolis NE01 Kolekcijos pavadinimas NOEL Pavadinimas b2b sistemoje NOEL NE01 \u0104\u017dUOLAS E\/JUODA RTV KPL Produkto pakuo\u010di\u0173 skai\u010dius 2 Stilius Moderni \u012franga Surinkimo instrukcijos \/ surinkimo priedai Surinkimas Savaranki\u0161kam surinkimui Korpuso spalva Evoke Oak Korpuso med\u017eiaga \/ tipas \/ storis 16 mm bald\u0173 plok\u0161t\u0117 Vir\u0161utinio korpuso med\u017eiaga \/ tipas \/ storis 22 mm bald\u0173 plok\u0161t\u0117 Apatinio korpuso med\u017eiaga \/ tipas \/ storis 22 mm bald\u0173 plok\u0161t\u0117 Galin\u0117s sienel\u0117s med\u017eiaga \/ tipas \/ storis 2,5 mm HDF bald\u0173 plok\u0161t\u0117 Matoma galin\u0117s sienel\u0117s dalis Juoda Priekin\u0117 spalva Evoke Oak \/ Juoda Priekin\u0117 med\u017eiaga \/ tipas \/ storis 16 mm bald\u0173 plok\u0161t\u0117 \/ lentjuost\u0117s 16 mm MDF bald\u0173 plok\u0161t\u0117 Priekinis vyris \u2300 35 mm, reguliuojamas trijose plok\u0161tumose Priekin\u0117 rankena \/ apdaila \/ spalva Plastikas \/ juoda Skyl\u0117 RTV laidams \u2300 50 mm Stal\u010diaus b\u0117geliai su pilnu i\u0161traukimu Kojel\u0117 \/ apdaila \/ spalva Nereguliuojama \/ plastikin\u0117 \/ juoda Kojel\u0117s auk\u0161tis 100 mm Papildoma koja \/ apdaila \/ Spalva Reguliuojamas vidurys \/ plastikas \/ juoda Dureli\u0173 skai\u010dius 2 Stal\u010di\u0173 skai\u010dius 1 Atvir\u0173 ni\u0161\u0173 skai\u010dius 1 U\u017edar\u0173 ni\u0161\u0173 skai\u010dius 1<\/p>","protected":false},"excerpt":{"rendered":"<p>\u201eNOEL NE01\u201c televizoriaus staliukas yra modernus ir prakti\u0161kas svetain\u0117s ar darbo kambario baldas. Jame yra atvira lentyna televizoriaus \u012frangai, stal\u010dius ir spintel\u0117, tod\u0117l viduje galite laikyti visk\u0105, ko jums nereikia. Stovas patraukia ak\u012f d\u0117l madingo spalv\u0173 derinio. \u0104\u017euolo motyvas, pary\u0161kintas [\u2026]<\/p>","protected":false},"featured_media":256360,"comment_status":"open","ping_status":"open","template":"","meta":[],"product_brand":[],"product_cat":[2457,1175],"product_tag":[],"class_list":{"0":"post-256359","1":"product","2":"type-product","3":"status-publish","4":"has-post-thumbnail","6":"product_cat-liveo","7":"product_cat-tv-stands","9":"first","10":"instock","11":"purchasable","12":"product-type-simple"},"_links":{"self":[{"href":"https:\/\/baldumarket.lt\/lt\/wp-json\/wp\/v2\/product\/256359","targetHints":{"allow":["GET"]}}],"collection":[{"href":"https:\/\/baldumarket.lt\/lt\/wp-json\/wp\/v2\/product"}],"about":[{"href":"https:\/\/baldumarket.lt\/lt\/wp-json\/wp\/v2\/types\/product"}],"replies":[{"embeddable":true,"href":"https:\/\/baldumarket.lt\/lt\/wp-json\/wp\/v2\/comments?post=256359"}],"wp:featuredmedia":[{"embeddable":true,"href":"https:\/\/baldumarket.lt\/lt\/wp-json\/wp\/v2\/media\/256360"}],"wp:attachment":[{"href":"https:\/\/baldumarket.lt\/lt\/wp-json\/wp\/v2\/media?parent=256359"}],"wp:term":[{"taxonomy":"product_brand","embeddable":true,"href":"https:\/\/baldumarket.lt\/lt\/wp-json\/wp\/v2\/product_brand?post=256359"},{"taxonomy":"product_cat","embeddable":true,"href":"https:\/\/baldumarket.lt\/lt\/wp-json\/wp\/v2\/product_cat?post=256359"},{"taxonomy":"product_tag","embeddable":true,"href":"https:\/\/baldumarket.lt\/lt\/wp-json\/wp\/v2\/product_tag?post=256359"}],"curies":[{"name":"wp","href":"https:\/\/api.w.org\/{rel}","templated":true}]}}