{"id":256351,"date":"2026-01-10T22:45:54","date_gmt":"2026-01-10T19:45:54","guid":{"rendered":"https:\/\/baldumarket.lt\/product\/naroznik-sofia-2\/"},"modified":"2026-02-11T18:30:37","modified_gmt":"2026-02-11T15:30:37","slug":"naroznik-sofia-2","status":"publish","type":"product","link":"https:\/\/baldumarket.lt\/lt\/product\/naroznik-sofia-2\/","title":{"rendered":"Sofijos kampas"},"content":{"rendered":"<p>Kampin\u0117 sofa su miegojimo funkcija SOFIA \u2013 tai klasikinis baldas su moderniu prieskoniu. Paprast\u0105 dizain\u0105 puo\u0161ia subtil\u016bs akcentai \u2013 dygsniuotos atlo\u0161o pagalv\u0117l\u0117s ir lieknos medin\u0117s kojel\u0117s, suteikian\u010dios elegancijos. \u201eSOFIA\u201c kolekcija suteikia galimyb\u0119 kurti \u012fvairius derinius. J\u0105 sudaro kampin\u0117 sofa, sofa ir fotelis. Didelio elastingumo putplas\u010dio naudojimas s\u0117dyn\u0117je padidina komfort\u0105 ir ilgaam\u017ei\u0161kum\u0105. Be putplas\u010dio, ji taip pat turi vingiuot\u0105 spyruokl\u0119 ir elastin\u0119 juostel\u0119. S\u0117dyn\u0117 ir atlo\u0161as, pagaminti i\u0161 auk\u0161tos kokyb\u0117s med\u017eiag\u0173, yra itin patog\u016bs. Po s\u0117dyne, kuri atsidaro automatiniu DL mechanizmu, yra erdvus patalyn\u0117s skyrius. Nulenkus atlo\u0161\u0105, kampin\u0117 sofa transformuojasi \u012f erdvi\u0105 lov\u0105. Tai puikus lop\u0161ys pavargusiems sve\u010diams. Kampin\u0117s sofos neb\u016btina statyti prie sienos; ji gali papuo\u0161ti kambar\u012f savo elegancija, net stov\u0117dama kambario centre, d\u0117ka apmu\u0161to atlo\u0161o. Universalus kampin\u0117s sofos dizainas rei\u0161kia, kad norim\u0105 pus\u0119 galite susirinkti namuose.<br \/>\n\u00a0\u00a0\u00a0\u00a0\u00a0\u00a0\u00a0\u00a0\u00a0<\/p>\n<p>Plotis 240 cm Gylis 166 cm Auk\u0161tis 94 cm Miegamoji erdv\u0117 210 \u00d7 140 cm Spalva M\u0117lyna Audinio pavadinimas Best 52 Sulankstoma TAIP Reguliuojamos galvos atramos Ne Produkt\u0173 pakuo\u010di\u0173 skai\u010dius 4 Stilius UNIVERSAL \u012eranga Surinkimo instrukcijos \/ surinkimo priedai Surinkimas Savaranki\u0161kam surinkimui Kojel\u0117 \/ apdaila \/ spalva Mediena \/ nat\u016brali Kojel\u0117s auk\u0161tis 12 cm Patalyn\u0117 TAIP Universalus i\u0161d\u0117stymas<\/p>","protected":false},"excerpt":{"rendered":"<p>Kampin\u0117 sofa su miegojimo funkcija SOFIA \u2013 tai klasikinis baldas su moderniu akcentu. Paprast\u0105 dizain\u0105 puo\u0161ia subtil\u016bs akcentai \u2013 dygsniuotos atlo\u0161o pagalv\u0117l\u0117s ir lieknos medin\u0117s kojel\u0117s, suteikian\u010dios elegancijos. Kolekcija SOFIA suteikia galimyb\u0119 kurti \u012fvairius derinius. Joje yra kampin\u0117 [\u2026]<\/p>","protected":false},"featured_media":256352,"comment_status":"open","ping_status":"open","template":"","meta":[],"product_brand":[],"product_cat":[616,1983,2457],"product_tag":[],"class_list":{"0":"post-256351","1":"product","2":"type-product","3":"status-publish","4":"has-post-thumbnail","6":"product_cat-corners","7":"product_cat-corners-l","8":"product_cat-liveo","10":"first","11":"instock","12":"purchasable","13":"product-type-simple"},"_links":{"self":[{"href":"https:\/\/baldumarket.lt\/lt\/wp-json\/wp\/v2\/product\/256351","targetHints":{"allow":["GET"]}}],"collection":[{"href":"https:\/\/baldumarket.lt\/lt\/wp-json\/wp\/v2\/product"}],"about":[{"href":"https:\/\/baldumarket.lt\/lt\/wp-json\/wp\/v2\/types\/product"}],"replies":[{"embeddable":true,"href":"https:\/\/baldumarket.lt\/lt\/wp-json\/wp\/v2\/comments?post=256351"}],"wp:featuredmedia":[{"embeddable":true,"href":"https:\/\/baldumarket.lt\/lt\/wp-json\/wp\/v2\/media\/256352"}],"wp:attachment":[{"href":"https:\/\/baldumarket.lt\/lt\/wp-json\/wp\/v2\/media?parent=256351"}],"wp:term":[{"taxonomy":"product_brand","embeddable":true,"href":"https:\/\/baldumarket.lt\/lt\/wp-json\/wp\/v2\/product_brand?post=256351"},{"taxonomy":"product_cat","embeddable":true,"href":"https:\/\/baldumarket.lt\/lt\/wp-json\/wp\/v2\/product_cat?post=256351"},{"taxonomy":"product_tag","embeddable":true,"href":"https:\/\/baldumarket.lt\/lt\/wp-json\/wp\/v2\/product_tag?post=256351"}],"curies":[{"name":"wp","href":"https:\/\/api.w.org\/{rel}","templated":true}]}}