{"id":256335,"date":"2026-01-10T22:45:47","date_gmt":"2026-01-10T19:45:47","guid":{"rendered":"https:\/\/baldumarket.lt\/product\/naroznik-mateo-2\/"},"modified":"2026-02-11T18:30:38","modified_gmt":"2026-02-11T15:30:38","slug":"naroznik-mateo-2","status":"publish","type":"product","link":"https:\/\/baldumarket.lt\/lt\/product\/naroznik-mateo-2\/","title":{"rendered":"Mateo kampin\u0117 sofa 2"},"content":{"rendered":"<p>MATEO kampini\u0173 sof\u0173 kolekcija tikrai suteiks erdv\u0117s visai \u0161eimai. \u201eMateo\u201c si\u016blo ne tik komfort\u0105, bet ir puiki\u0105 kokyb\u0119. D\u0117l auk\u0161tos kokyb\u0117s HR put\u0173 ir vingiuot\u0173 spyruokli\u0173 naudojimo \u0161i svetain\u0117s sofa tarnaus ilgus metus. Komfortas ir patogumas \u2013 ne vieninteliai \u0161io modelio privalumai; delfino formos miegamojo funkcija suteikia papildomos miegojimo vietos sve\u010diams. Kiti privalumai \u2013 plat\u016bs \u0161onai su dviem variantais, kuriuos galite pritaikyti prie savo interjero, ir didelis patalyn\u0117s skyrius. MATEO kampin\u0117s sofos i\u0161siskiria paprastomis formomis, eleganti\u0161komis linijomis ir dekoratyvin\u0117mis si\u016bl\u0117mis ant i\u0161lenkto atlo\u0161o, kurios pabr\u0117\u017eia gra\u017e\u0173 dizain\u0105. Sofa gali b\u016bti komplektuojama su galvos atrama, kad b\u016bt\u0173 patogiau. Kampin\u0117 sofa yra \u012fvairi\u0173 konfig\u016bracij\u0173 ir spalv\u0173.<\/p>\n<p>Plotis 244 cm Gylis 187 cm Auk\u0161tis 92 cm Miegamoji erdv\u0117 183 \u00d7 118 cm Spalva Pilka Audinio pavadinimas Letto 88 Sulankstoma TAIP Reguliuojamos galvos atramos Ne Produkt\u0173 pakuo\u010di\u0173 skai\u010dius 2 Stilius Modernus \u012eranga Surinkimo instrukcijos \/ surinkimo priedai Surinkimas Savaranki\u0161kam surinkimui Kojel\u0117 \/ dizainas \/ spalva Plastikas \/ chromas Kojel\u0117s auk\u0161tis 5 cm Patalyn\u0117 TAIP De\u0161in\u0117 arba kair\u0117 pus\u0117<\/p>","protected":false},"excerpt":{"rendered":"<p>MATEO kampini\u0173 sof\u0173 kolekcija tikrai suteiks erdv\u0117s visai \u0161eimai. \u201eMateo\u201c si\u016blo ne tik komfort\u0105, bet ir puiki\u0105 kokyb\u0119. D\u0117l auk\u0161tos kokyb\u0117s HR put\u0173 ir vingiuot\u0173 spyruokli\u0173 naudojimo \u0161i svetain\u0117s sofa tarnaus ilgus metus. Patogumas ir patogumas \u2013 ne vieninteliai \u0161io modelio privalumai; delfino [\u2026]<\/p>","protected":false},"featured_media":256336,"comment_status":"open","ping_status":"open","template":"","meta":[],"product_brand":[],"product_cat":[616,1983,2457],"product_tag":[],"class_list":{"0":"post-256335","1":"product","2":"type-product","3":"status-publish","4":"has-post-thumbnail","6":"product_cat-corners","7":"product_cat-corners-l","8":"product_cat-liveo","10":"first","11":"instock","12":"purchasable","13":"product-type-simple"},"_links":{"self":[{"href":"https:\/\/baldumarket.lt\/lt\/wp-json\/wp\/v2\/product\/256335","targetHints":{"allow":["GET"]}}],"collection":[{"href":"https:\/\/baldumarket.lt\/lt\/wp-json\/wp\/v2\/product"}],"about":[{"href":"https:\/\/baldumarket.lt\/lt\/wp-json\/wp\/v2\/types\/product"}],"replies":[{"embeddable":true,"href":"https:\/\/baldumarket.lt\/lt\/wp-json\/wp\/v2\/comments?post=256335"}],"wp:featuredmedia":[{"embeddable":true,"href":"https:\/\/baldumarket.lt\/lt\/wp-json\/wp\/v2\/media\/256336"}],"wp:attachment":[{"href":"https:\/\/baldumarket.lt\/lt\/wp-json\/wp\/v2\/media?parent=256335"}],"wp:term":[{"taxonomy":"product_brand","embeddable":true,"href":"https:\/\/baldumarket.lt\/lt\/wp-json\/wp\/v2\/product_brand?post=256335"},{"taxonomy":"product_cat","embeddable":true,"href":"https:\/\/baldumarket.lt\/lt\/wp-json\/wp\/v2\/product_cat?post=256335"},{"taxonomy":"product_tag","embeddable":true,"href":"https:\/\/baldumarket.lt\/lt\/wp-json\/wp\/v2\/product_tag?post=256335"}],"curies":[{"name":"wp","href":"https:\/\/api.w.org\/{rel}","templated":true}]}}