{"id":256327,"date":"2026-01-10T22:45:43","date_gmt":"2026-01-10T19:45:43","guid":{"rendered":"https:\/\/baldumarket.lt\/product\/naroznik-livio-3\/"},"modified":"2026-02-11T18:30:38","modified_gmt":"2026-02-11T15:30:38","slug":"naroznik-livio-3","status":"publish","type":"product","link":"https:\/\/baldumarket.lt\/lt\/product\/naroznik-livio-3\/","title":{"rendered":"Livio kampin\u0117 sofa"},"content":{"rendered":"<p>\u201eLIVIO\u201c kolekcija si\u016blo plat\u0173 bald\u0173 derini\u0173 asortiment\u0105. Si\u016blome: fotelius, pufus, sofas ir kampines sofas. Platus modeli\u0173 pasirinkimas leid\u017eia meistri\u0161kai i\u0161d\u0117styti bet koki\u0105 erdv\u0119. Banguotos spyruokl\u0117s ir labai elastingas putplastis s\u0117dyn\u0117je u\u017etikrina patog\u0173 poils\u012f. Atlo\u0161uose naudojamos \u201eBonnell\u201c spyruokl\u0117s. Atlo\u0161o pagalv\u0117l\u0117s u\u017epildytos putplas\u010dio ir silikono granuli\u0173 mi\u0161iniu, tod\u0117l \u201eLIVIO\u201c baldai yra labai atspar\u016bs ir atspar\u016bs nuolatinei deformacijai. Sof\u0173, kampin\u0117s sofos ir fotelio pagalv\u0117l\u0117s ir \u0161onai pasi\u017eymi paprastomis vertikaliomis si\u016bl\u0117mis su ply\u0161iais, kurios suteikia elegancijos ir skaido bendr\u0105 dizain\u0105. Auk\u0161tos, lieknos kojel\u0117s ir \u0161velniai u\u017eapvalinti \u0161onai suteikia elegancijos ir lengvumo. Platus audini\u0173 pasirinkimas leid\u017eia \u0161\u012f bald\u0105 priderinti prie bet kokio interjero.<\/p>\n<p>Plotis 256 cm Gylis 168 cm Auk\u0161tis 88 cm Miegamoji erdv\u0117 223 \u00d7 140 cm Spalva Burgundi\u0161ka Audinio pavadinimas Rosario 464\/Rosario 465 Sulankstoma TAIP Reguliuojamos galvos atramos Ne Produkt\u0173 pakuo\u010di\u0173 skai\u010dius 5 Stilius UNIVERSAL \u012eranga Surinkimo instrukcijos \/ surinkimo priedai Surinkimas Savaranki\u0161kam surinkimui Kojel\u0117 \/ apdaila \/ spalva Mediena \/ venge Kojel\u0117s auk\u0161tis 12 cm Patalyn\u0117 TAIP Universalus i\u0161d\u0117stymas<\/p>","protected":false},"excerpt":{"rendered":"<p>\u201eLIVIO\u201c kolekcija si\u016blo plat\u0173 bald\u0173 derini\u0173 asortiment\u0105. Si\u016blome: fotelius, pufus, sofas ir kampines sofas. Platus modeli\u0173 pasirinkimas leid\u017eia sumaniai i\u0161d\u0117styti bet koki\u0105 erdv\u0119. Banguotos spyruokl\u0117s ir labai elastingas putplastis s\u0117dyn\u0117je u\u017etikrina patog\u0173 poils\u012f. Atlo\u0161uose naudojamos \u201eBonnell\u201c spyruokl\u0117s. Atlo\u0161o pagalv\u0117l\u0117s u\u017epildytos [\u2026]<\/p>","protected":false},"featured_media":256328,"comment_status":"open","ping_status":"open","template":"","meta":[],"product_brand":[],"product_cat":[616,1983,2457],"product_tag":[],"class_list":{"0":"post-256327","1":"product","2":"type-product","3":"status-publish","4":"has-post-thumbnail","6":"product_cat-corners","7":"product_cat-corners-l","8":"product_cat-liveo","10":"first","11":"instock","12":"purchasable","13":"product-type-simple"},"_links":{"self":[{"href":"https:\/\/baldumarket.lt\/lt\/wp-json\/wp\/v2\/product\/256327","targetHints":{"allow":["GET"]}}],"collection":[{"href":"https:\/\/baldumarket.lt\/lt\/wp-json\/wp\/v2\/product"}],"about":[{"href":"https:\/\/baldumarket.lt\/lt\/wp-json\/wp\/v2\/types\/product"}],"replies":[{"embeddable":true,"href":"https:\/\/baldumarket.lt\/lt\/wp-json\/wp\/v2\/comments?post=256327"}],"wp:featuredmedia":[{"embeddable":true,"href":"https:\/\/baldumarket.lt\/lt\/wp-json\/wp\/v2\/media\/256328"}],"wp:attachment":[{"href":"https:\/\/baldumarket.lt\/lt\/wp-json\/wp\/v2\/media?parent=256327"}],"wp:term":[{"taxonomy":"product_brand","embeddable":true,"href":"https:\/\/baldumarket.lt\/lt\/wp-json\/wp\/v2\/product_brand?post=256327"},{"taxonomy":"product_cat","embeddable":true,"href":"https:\/\/baldumarket.lt\/lt\/wp-json\/wp\/v2\/product_cat?post=256327"},{"taxonomy":"product_tag","embeddable":true,"href":"https:\/\/baldumarket.lt\/lt\/wp-json\/wp\/v2\/product_tag?post=256327"}],"curies":[{"name":"wp","href":"https:\/\/api.w.org\/{rel}","templated":true}]}}