{"id":256311,"date":"2026-01-10T22:45:36","date_gmt":"2026-01-10T19:45:36","guid":{"rendered":"https:\/\/baldumarket.lt\/product\/naroznik-larson-z-pufami\/"},"modified":"2026-02-11T18:30:38","modified_gmt":"2026-02-11T15:30:38","slug":"naroznik-larson-z-pufami","status":"publish","type":"product","link":"https:\/\/baldumarket.lt\/lt\/product\/naroznik-larson-z-pufami\/","title":{"rendered":"Larson kampin\u0117 sofa su pufais"},"content":{"rendered":"<p>Kampin\u0117 sofa \u201eLarson\u201c puikiai tiks svetain\u0117je ar darbo kambaryje. Ji puikiai tinka tiems, kurie vertina modern\u0173 stili\u0173. S\u0117dyn\u0117 ir atlo\u0161as u\u017epildyti \u201eBonnell\u201c spyruokl\u0117mis ir T30 poliuretano putomis. \u0160is derinys idealiai tinka j\u016bs\u0173 k\u016bnui, u\u017etikrinant didel\u012f komfort\u0105 atsipalaiduojant ar skaitant. Taip pat galima \u012fsigyti \u201ePOCKET\u201c variant\u0105 (vietoj \u201eBonnell\u201c spyruokli\u0173 s\u0117dyn\u0117je), kad b\u016bt\u0173 dar patogiau. \u0160i funkcija leid\u017eia s\u0117dynei puikiai prisitaikyti prie j\u016bs\u0173 k\u016bno form\u0173, be to, ji yra tyli ir patogi. I\u0161skirtinis \u0161ios kampin\u0117s sofos bruo\u017eas \u2013 automatin\u0117 i\u0161skleidimo sistema. Nor\u0117dami i\u0161skleisti kampin\u0119 sof\u0105, tiesiog patraukite s\u0117dyn\u0119 link sav\u0119s, o tada nulenkite atlo\u0161\u0105. Po s\u0117dyne taip pat yra patalyn\u0117s skyrius. Svarbiausias \u0161io baldo bruo\u017eas \u2013 \u0161onin\u0117 dalis, kurioje yra du pufai, suteikiantys papildomos s\u0117d\u0117jimo vietos. Kampin\u0117s sofos r\u0117mo konstrukcija pagaminta i\u0161 med\u017eio dro\u017eli\u0173 plok\u0161t\u0117s ir med\u017eio masyvo. Kampin\u0117 sofa turi 2,5 cm auk\u0161\u010dio plastikines kojeles ir tris dideles atlo\u0161o pagalv\u0117les, u\u017epildytas silikono ir poliuretano mi\u0161iniu. Kampin\u0117s sofos atlo\u0161as aptrauktas audiniu, tod\u0117l ji gali stov\u0117ti svetain\u0117s centre, atskirdama valgomojo ir s\u0117dim\u0105sias zonas. Kampin\u0117 sofa yra universali ir gali b\u016bti pastatyta \u012f de\u0161in\u0119 arba \u012f kair\u0119 pagal poreik\u012f.<br \/>\n\u00a0 \u00a0 \u00a0 \u00a0 \u00a0<br \/>\n(NEB\u016aTINA)<\/p>\n<p>Plotis 260 cm Gylis 140 cm Auk\u0161tis 92 cm Miegamoji erdv\u0117 206 \u00d7 140 cm Spalva Grafito balta Audinio pavadinimas elefan 3502 \/ elefan 3504 Sulankstoma TAIP Reguliuojamos galvos atramos Ne Produkto pakuo\u010di\u0173 skai\u010dius 5 Stilius UNIVERSAL \u012eranga Surinkimo instrukcijos \/ surinkimo priedai Surinkimas Savaranki\u0161kam surinkimui Kojel\u0117 \/ dizainas \/ spalva Plastikas \/ chromas Kojel\u0117s auk\u0161tis 2,5 cm Patalyn\u0117 TAIP Universalus i\u0161d\u0117stymas<\/p>","protected":false},"excerpt":{"rendered":"<p>\u201eLarson\u201c kampin\u0117 sofa puikiai tiks svetain\u0117je ar darbo kambaryje. Ji puikiai tinka tiems, kurie vertina modern\u0173 stili\u0173. S\u0117dyn\u0117 ir atlo\u0161as u\u017epildyti \u201eBonnell\u201c spyruokl\u0117mis ir T30 poliuretano putomis. \u0160is derinys idealiai tinka j\u016bs\u0173 k\u016bnui, u\u017etikrinant didel\u012f komfort\u0105 atsipalaiduojant ar skaitant. Taip pat galima \u012fsigyti KI\u0160ENIN\u0118 sof\u0105 (vietoj [\u2026]<\/p>","protected":false},"featured_media":256312,"comment_status":"open","ping_status":"open","template":"","meta":[],"product_brand":[],"product_cat":[616,1983,2457],"product_tag":[],"class_list":{"0":"post-256311","1":"product","2":"type-product","3":"status-publish","4":"has-post-thumbnail","6":"product_cat-corners","7":"product_cat-corners-l","8":"product_cat-liveo","10":"first","11":"instock","12":"purchasable","13":"product-type-simple"},"_links":{"self":[{"href":"https:\/\/baldumarket.lt\/lt\/wp-json\/wp\/v2\/product\/256311","targetHints":{"allow":["GET"]}}],"collection":[{"href":"https:\/\/baldumarket.lt\/lt\/wp-json\/wp\/v2\/product"}],"about":[{"href":"https:\/\/baldumarket.lt\/lt\/wp-json\/wp\/v2\/types\/product"}],"replies":[{"embeddable":true,"href":"https:\/\/baldumarket.lt\/lt\/wp-json\/wp\/v2\/comments?post=256311"}],"wp:featuredmedia":[{"embeddable":true,"href":"https:\/\/baldumarket.lt\/lt\/wp-json\/wp\/v2\/media\/256312"}],"wp:attachment":[{"href":"https:\/\/baldumarket.lt\/lt\/wp-json\/wp\/v2\/media?parent=256311"}],"wp:term":[{"taxonomy":"product_brand","embeddable":true,"href":"https:\/\/baldumarket.lt\/lt\/wp-json\/wp\/v2\/product_brand?post=256311"},{"taxonomy":"product_cat","embeddable":true,"href":"https:\/\/baldumarket.lt\/lt\/wp-json\/wp\/v2\/product_cat?post=256311"},{"taxonomy":"product_tag","embeddable":true,"href":"https:\/\/baldumarket.lt\/lt\/wp-json\/wp\/v2\/product_tag?post=256311"}],"curies":[{"name":"wp","href":"https:\/\/api.w.org\/{rel}","templated":true}]}}