{"id":256304,"date":"2026-01-10T22:45:30","date_gmt":"2026-01-10T19:45:30","guid":{"rendered":"https:\/\/baldumarket.lt\/product\/naroznik-hilton-z-pufami-2\/"},"modified":"2026-02-11T18:30:38","modified_gmt":"2026-02-11T15:30:38","slug":"naroznik-hilton-z-pufami-2","status":"publish","type":"product","link":"https:\/\/baldumarket.lt\/lt\/product\/naroznik-hilton-z-pufami-2\/","title":{"rendered":"Hilton kampin\u0117 sofa su pufais"},"content":{"rendered":"<p>Kampin\u0117 sofa \u201eHilton\u201c \u2013 tai modelis, kuris praturtina kambario interjer\u0105, praturtindamas j\u012f tiek dekoratyviai, tiek funkcionaliai. Auk\u0161tos kokyb\u0117s meistri\u0161kumas, pagr\u012fstas vingiuotomis spyruokl\u0117mis, u\u017etikrina optimal\u0173 komfort\u0105. S\u0117dyn\u0117 u\u017epildyta med\u017eio masyvo r\u0117mu, vingiuotomis spyruokl\u0117mis ir T30 poliuretano putomis, garantuojan\u010diomis auk\u0161t\u0105 naudojimo standart\u0105. \u0160is derinys idealiai tinka j\u016bs\u0173 k\u016bnui, u\u017etikrinant i\u0161skirtin\u012f komfort\u0105 poilsio metu. Dygsniuotos atlo\u0161o pagalv\u0117l\u0117s, u\u017epildytos granul\u0117mis, u\u017ebaigia dizain\u0105 ir sukuria i\u0161skirtin\u012f \u0161ios kampin\u0117s sofos bruo\u017e\u0105. I\u0161skirtinis \u0161ios kampin\u0117s sofos bruo\u017eas \u2013 automatin\u0117 i\u0161skleidimo sistema. Nor\u0117dami i\u0161skleisti kampin\u0119 sof\u0105, tiesiog patraukite s\u0117dyn\u0119 link sav\u0119s ir nulenkite atlo\u0161\u0105. Po s\u0117dyne yra patalyn\u0117s skyrius. Svarbiausias \u0161io baldo bruo\u017eas \u2013 \u0161onin\u0117 sienel\u0117, kurioje yra dvi taburet\u0117s, suteikian\u010dios papildomos s\u0117d\u0117jimo vietos. Kampin\u0117s sofos r\u0117mas ir vidin\u0117 konstrukcija pagaminta i\u0161 med\u017eio dro\u017eli\u0173 plok\u0161t\u0117s, auk\u0161\u010diausios kokyb\u0117s med\u017eio masyvo ir faneros. Kampin\u0117 sofa turi 2,5 cm auk\u0161\u010dio plastikines kojeles ir dideles atlo\u0161o pagalv\u0117les, u\u017epildytas silikono ir poliuretano mi\u0161iniu. Kampin\u0117s sofos atlo\u0161as aptrauktas audiniu, tod\u0117l j\u0105 galima pastatyti svetain\u0117s centre, atskiriant valgomojo ir poilsio zonas. Kampin\u0117 sofa yra de\u0161inin\u0117s arba kair\u0117s pus\u0117s.<\/p>\n<p>Plotis 279 cm Gylis 186 cm Auk\u0161tis 90 cm Miegamoji erdv\u0117 221 \u00d7 148 cm Spalva Tamsiai m\u0117lyna-pilka Audinio pavadinimas Costa 20\/Costa 23 Sulankstoma TAIP Reguliuojamos galvos atramos Ne Produkt\u0173 pakuo\u010di\u0173 skai\u010dius 3 Stilius Modernus \u012eranga Surinkimo instrukcijos \/ surinkimo priedai Surinkimas Savaranki\u0161kam surinkimui Kojel\u0117 \/ dizainas \/ spalva Plastikas \/ chromas Kojel\u0117s auk\u0161tis 2,5 cm Patalyn\u0117 TAIP De\u0161inin\u0117 arba kair\u0117 ranka<\/p>","protected":false},"excerpt":{"rendered":"<p>\u201eHilton\u201c kampin\u0117 sofa \u2013 tai modelis, kuris pagerina kambario interjer\u0105, praturtindamas j\u012f tiek dekoratyviai, tiek funkcionaliai. Auk\u0161tos kokyb\u0117s meistri\u0161kumas, pagr\u012fstas vingiuotomis spyruokl\u0117mis, u\u017etikrina optimal\u0173 komfort\u0105. S\u0117dyn\u0117 u\u017epildyta med\u017eio masyvo r\u0117mu, vingiuotomis spyruokl\u0117mis ir T30 poliuretano putomis, u\u017etikrinan\u010diomis auk\u0161t\u0105 naudojimo standart\u0105. \u0160is derinys idealiai tinka j\u016bs\u0173 [\u2026]<\/p>","protected":false},"featured_media":255367,"comment_status":"open","ping_status":"open","template":"","meta":[],"product_brand":[],"product_cat":[616,1983,2457],"product_tag":[],"class_list":{"0":"post-256304","1":"product","2":"type-product","3":"status-publish","4":"has-post-thumbnail","6":"product_cat-corners","7":"product_cat-corners-l","8":"product_cat-liveo","10":"first","11":"instock","12":"purchasable","13":"product-type-simple"},"_links":{"self":[{"href":"https:\/\/baldumarket.lt\/lt\/wp-json\/wp\/v2\/product\/256304","targetHints":{"allow":["GET"]}}],"collection":[{"href":"https:\/\/baldumarket.lt\/lt\/wp-json\/wp\/v2\/product"}],"about":[{"href":"https:\/\/baldumarket.lt\/lt\/wp-json\/wp\/v2\/types\/product"}],"replies":[{"embeddable":true,"href":"https:\/\/baldumarket.lt\/lt\/wp-json\/wp\/v2\/comments?post=256304"}],"wp:featuredmedia":[{"embeddable":true,"href":"https:\/\/baldumarket.lt\/lt\/wp-json\/wp\/v2\/media\/255367"}],"wp:attachment":[{"href":"https:\/\/baldumarket.lt\/lt\/wp-json\/wp\/v2\/media?parent=256304"}],"wp:term":[{"taxonomy":"product_brand","embeddable":true,"href":"https:\/\/baldumarket.lt\/lt\/wp-json\/wp\/v2\/product_brand?post=256304"},{"taxonomy":"product_cat","embeddable":true,"href":"https:\/\/baldumarket.lt\/lt\/wp-json\/wp\/v2\/product_cat?post=256304"},{"taxonomy":"product_tag","embeddable":true,"href":"https:\/\/baldumarket.lt\/lt\/wp-json\/wp\/v2\/product_tag?post=256304"}],"curies":[{"name":"wp","href":"https:\/\/api.w.org\/{rel}","templated":true}]}}