{"id":256280,"date":"2026-01-10T22:45:19","date_gmt":"2026-01-10T19:45:19","guid":{"rendered":"https:\/\/baldumarket.lt\/product\/naroznik-golden\/"},"modified":"2026-02-11T18:30:38","modified_gmt":"2026-02-11T15:30:38","slug":"naroznik-golden","status":"publish","type":"product","link":"https:\/\/baldumarket.lt\/lt\/product\/naroznik-golden\/","title":{"rendered":"Auksin\u0117 kampin\u0117 sofa"},"content":{"rendered":"<p>Kampin\u0117 sofa \u201eGolden\u201c \u2013 tai ne tik puiki vieta atsipalaiduoti, bet ir eleganti\u0161kas interjero dizaino elementas, suteiksiantis j\u016bs\u0173 svetainei \u017eavesio ir stiliaus. Modernus dizainas ir auk\u0161tos kokyb\u0117s gamyba daro j\u0105 ne tik prakti\u0161ka, bet ir unikaliu baldu, kuris patiks net ir i\u0161rankiausiems klientams. S\u0117dyn\u0117s pagalv\u0117l\u0117s pagamintos i\u0161 med\u017eio masyvo r\u0117mo, vingiuot\u0173 spyruokli\u0173 ir patvaraus, didelio elastingumo putplas\u010dio, u\u017etikrinan\u010dio auk\u0161t\u0105 naudojimo standart\u0105. \u0160is derinys idealiai tinka j\u016bs\u0173 k\u016bnui ir suteikia i\u0161skirtin\u012f komfort\u0105 atsipalaiduojant. I\u0161skirtinis \u0161ios kampin\u0117s sofos bruo\u017eas \u2013 automatin\u0117 i\u0161skleidimo sistema. Nor\u0117dami i\u0161skleisti kampin\u0119 sof\u0105, tiesiog patraukite s\u0117dyn\u0119 link sav\u0119s ir nulenkite atlo\u0161\u0105. Po s\u0117dyne yra patalyn\u0117s skyrius. Kampin\u0117s sofos r\u0117mas ir vidin\u0117 konstrukcija pagaminta i\u0161 med\u017eio dro\u017eli\u0173 plok\u0161t\u0117s, auk\u0161\u010diausios kokyb\u0117s med\u017eio masyvo ir faneros. Kampin\u0117 sofa turi 5 cm auk\u0161\u010dio plastikines kojeles ir nugaros pagalv\u0117les, u\u017epildytas silikono ir poliuretano mi\u0161iniu. Kampin\u0117s sofos atlo\u0161as aptrauktas audiniu, tod\u0117l j\u0105 galima pastatyti svetain\u0117s centre, atskiriant valgomojo zon\u0105 nuo poilsio zonos. Kampin\u0117 sofa tiekiama de\u0161inin\u0117s arba kair\u0117s pus\u0117s versijomis.<\/p>\n<p>Plotis 276 cm Gylis 187 cm Auk\u0161tis 94 cm Miegamoji erdv\u0117 220 \u00d7 148 cm Spalva Sm\u0117lio Audinio pavadinimas Modesto 492 Sulankstomas TAIP Reguliuojamos galvos atramos Ne Produkto pakuo\u010di\u0173 skai\u010dius 3 Stilius Modernus \u012eranga Surinkimo instrukcijos \/ surinkimo priedai Surinkimas Savaranki\u0161kam surinkimui Kojel\u0117 \/ dizainas \/ spalva Plastikas \/ juoda Kojel\u0117s auk\u0161tis 5 cm Patalyn\u0117 TAIP De\u0161in\u0117 arba kair\u0117 pus\u0117<\/p>","protected":false},"excerpt":{"rendered":"<p>Auksin\u0117 kampin\u0117 sofa yra ne tik puiki vieta atsipalaiduoti, bet ir eleganti\u0161kas interjero dizaino elementas, suteiksiantis j\u016bs\u0173 svetainei \u017eavesio ir stiliaus. D\u0117l modernaus dizaino ir auk\u0161tos kokyb\u0117s apdailos ji yra ne tik prakti\u0161ka, bet ir unikaliu baldu, kuris patiks net ir i\u0161rankiausiems [\u2026]<\/p>","protected":false},"featured_media":256281,"comment_status":"open","ping_status":"open","template":"","meta":[],"product_brand":[],"product_cat":[616,1983,2457],"product_tag":[],"class_list":{"0":"post-256280","1":"product","2":"type-product","3":"status-publish","4":"has-post-thumbnail","6":"product_cat-corners","7":"product_cat-corners-l","8":"product_cat-liveo","10":"first","11":"instock","12":"purchasable","13":"product-type-simple"},"_links":{"self":[{"href":"https:\/\/baldumarket.lt\/lt\/wp-json\/wp\/v2\/product\/256280","targetHints":{"allow":["GET"]}}],"collection":[{"href":"https:\/\/baldumarket.lt\/lt\/wp-json\/wp\/v2\/product"}],"about":[{"href":"https:\/\/baldumarket.lt\/lt\/wp-json\/wp\/v2\/types\/product"}],"replies":[{"embeddable":true,"href":"https:\/\/baldumarket.lt\/lt\/wp-json\/wp\/v2\/comments?post=256280"}],"wp:featuredmedia":[{"embeddable":true,"href":"https:\/\/baldumarket.lt\/lt\/wp-json\/wp\/v2\/media\/256281"}],"wp:attachment":[{"href":"https:\/\/baldumarket.lt\/lt\/wp-json\/wp\/v2\/media?parent=256280"}],"wp:term":[{"taxonomy":"product_brand","embeddable":true,"href":"https:\/\/baldumarket.lt\/lt\/wp-json\/wp\/v2\/product_brand?post=256280"},{"taxonomy":"product_cat","embeddable":true,"href":"https:\/\/baldumarket.lt\/lt\/wp-json\/wp\/v2\/product_cat?post=256280"},{"taxonomy":"product_tag","embeddable":true,"href":"https:\/\/baldumarket.lt\/lt\/wp-json\/wp\/v2\/product_tag?post=256280"}],"curies":[{"name":"wp","href":"https:\/\/api.w.org\/{rel}","templated":true}]}}