{"id":256258,"date":"2026-01-10T22:45:08","date_gmt":"2026-01-10T19:45:08","guid":{"rendered":"https:\/\/baldumarket.lt\/product\/naroznik-costa\/"},"modified":"2026-02-11T18:30:39","modified_gmt":"2026-02-11T15:30:39","slug":"naroznik-costa","status":"publish","type":"product","link":"https:\/\/baldumarket.lt\/lt\/product\/naroznik-costa\/","title":{"rendered":"Kosta kampin\u0117 sofa"},"content":{"rendered":"<p>Kampin\u0117 sofa \u201eCosta\u201c puikiai atrodys svetain\u0117je ar darbo kambaryje. Subtil\u016bs si\u016bl\u0117s ant s\u0117dyn\u0117s ir pagalv\u0117li\u0173 suteikia elegancijos ir rafinuotumo. Ji puikiai tinka tiems, kurie vertina modern\u0173 stili\u0173. S\u0117dyn\u0117 ir atlo\u0161as u\u017epildyti POCKET spyruokl\u0117mis ir T30 poliuretano putomis, kad b\u016bt\u0173 u\u017etikrintas didesnis komfortas. \u0160is ta\u0161kinis elastingumas leid\u017eia s\u0117dynei puikiai prisitaikyti prie j\u016bs\u0173 k\u016bno form\u0173, u\u017etikrinant tyl\u0173 ir patog\u0173 veikim\u0105. \u0160is derinys idealiai tinka j\u016bs\u0173 k\u016bnui, suteikiant i\u0161skirtin\u012f komfort\u0105 atsipalaiduojant ar \u017ei\u016brint filmus. I\u0161skirtinis \u0161ios kampin\u0117s sofos bruo\u017eas \u2013 automatin\u0117 i\u0161skleidimo sistema. Nor\u0117dami i\u0161skleisti, tiesiog patraukite s\u0117dyn\u0119 link sav\u0119s, o tada nulenkite atlo\u0161\u0105. Po s\u0117dyne yra patalyn\u0117s skyrius. Kampin\u0117s sofos r\u0117mo konstrukcija pagaminta i\u0161 med\u017eio dro\u017eli\u0173 plok\u0161t\u0117s ir med\u017eio masyvo. Ji turi 2,5 cm auk\u0161\u010dio plastikines kojeles ir tris dideles atlo\u0161o pagalv\u0117les, u\u017epildytas silikono ir poliuretano mi\u0161iniu. Kampin\u0117s sofos atlo\u0161as aptrauktas audiniu, tod\u0117l j\u0105 galima pastatyti svetain\u0117s centre, atskiriant valgomojo zon\u0105 nuo poilsio zonos. Kampin\u0117 sofa yra universali ir gali b\u016bti pastatyta \u012f de\u0161in\u0119 arba \u012f kair\u0119 pagal poreik\u012f.<\/p>\n<p>Plotis 252 cm Gylis 140 cm Auk\u0161tis 92 cm Miegamoji erdv\u0117 206 \u00d7 140 cm Spalva M\u0117lyna Audinio pavadinimas Rosario 460 Sulankstoma TAIP Reguliuojamos galvos atramos Ne Produkto pakuo\u010di\u0173 skai\u010dius 5 Stilius UNIVERSAL \u012eranga Surinkimo instrukcijos \/ surinkimo priedai Surinkimas Savaranki\u0161kam surinkimui Kojel\u0117 \/ dizainas \/ spalva Plastikas \/ chromas Kojel\u0117s auk\u0161tis 2,5 cm Patalyn\u0117 TAIP Universalus i\u0161d\u0117stymas<\/p>","protected":false},"excerpt":{"rendered":"<p>Kampin\u0117 sofa \u201eCosta\u201c puikiai atrodys svetain\u0117je ar darbo kambaryje. Subtil\u016bs s\u0117dyn\u0117s ir pagalv\u0117li\u0173 si\u016bl\u0117s suteikia elegancijos ir rafinuotumo. Ji puikiai tinka tiems, kurie vertina modern\u0173 stili\u0173. S\u0117dyn\u0117 ir atlo\u0161as u\u017epildyti POCKET spyruokl\u0117mis ir T30 poliuretano putomis, kad b\u016bt\u0173 patogiau. \u0160is ta\u0161kinis elastingumas leid\u017eia [\u2026]<\/p>","protected":false},"featured_media":255368,"comment_status":"open","ping_status":"open","template":"","meta":[],"product_brand":[],"product_cat":[616,1983,2457],"product_tag":[],"class_list":{"0":"post-256258","1":"product","2":"type-product","3":"status-publish","4":"has-post-thumbnail","6":"product_cat-corners","7":"product_cat-corners-l","8":"product_cat-liveo","10":"first","11":"instock","12":"purchasable","13":"product-type-simple"},"_links":{"self":[{"href":"https:\/\/baldumarket.lt\/lt\/wp-json\/wp\/v2\/product\/256258","targetHints":{"allow":["GET"]}}],"collection":[{"href":"https:\/\/baldumarket.lt\/lt\/wp-json\/wp\/v2\/product"}],"about":[{"href":"https:\/\/baldumarket.lt\/lt\/wp-json\/wp\/v2\/types\/product"}],"replies":[{"embeddable":true,"href":"https:\/\/baldumarket.lt\/lt\/wp-json\/wp\/v2\/comments?post=256258"}],"wp:featuredmedia":[{"embeddable":true,"href":"https:\/\/baldumarket.lt\/lt\/wp-json\/wp\/v2\/media\/255368"}],"wp:attachment":[{"href":"https:\/\/baldumarket.lt\/lt\/wp-json\/wp\/v2\/media?parent=256258"}],"wp:term":[{"taxonomy":"product_brand","embeddable":true,"href":"https:\/\/baldumarket.lt\/lt\/wp-json\/wp\/v2\/product_brand?post=256258"},{"taxonomy":"product_cat","embeddable":true,"href":"https:\/\/baldumarket.lt\/lt\/wp-json\/wp\/v2\/product_cat?post=256258"},{"taxonomy":"product_tag","embeddable":true,"href":"https:\/\/baldumarket.lt\/lt\/wp-json\/wp\/v2\/product_tag?post=256258"}],"curies":[{"name":"wp","href":"https:\/\/api.w.org\/{rel}","templated":true}]}}