{"id":256257,"date":"2026-01-10T22:45:06","date_gmt":"2026-01-10T19:45:06","guid":{"rendered":"https:\/\/baldumarket.lt\/product\/naomi-na14-szafka-nocna\/"},"modified":"2026-02-11T18:30:39","modified_gmt":"2026-02-11T15:30:39","slug":"naomi-na14-szafka-nocna","status":"publish","type":"product","link":"https:\/\/baldumarket.lt\/lt\/product\/naomi-na14-szafka-nocna\/","title":{"rendered":"NAOMI NA14 naktin\u0117 spintel\u0117"},"content":{"rendered":"<p>NAOMI NA14 naktinis staliukas \u2013 puikus eleganti\u0161ko miegamojo papildymas. Jis neu\u017eima daug vietos, ta\u010diau suteikia papildomos vietos daiktams susid\u0117ti. Naktinis staliukas turi du erdvius stal\u010dius, puikiai tinkan\u010dius visiems reikalingiems daiktams susid\u0117ti, o jo stalvir\u0161is puikiai tinka ap\u0161vietimui ar dekoratyviniams daiktams. Papildomas privalumas \u2013 galimyb\u0117 \u012fsigyti stal\u010di\u0173 stabd\u017eius, kurie u\u017etikrina tyl\u0173 u\u017esidarym\u0105. \u0160ilt\u0105 rie\u0161utmed\u017eio spalvos r\u0117mus ir fasadus pary\u0161kina unikalios apdailos detal\u0117s. Dekoratyvin\u0117s, \u0161velniai u\u017eapvalintos venge spalvos juostel\u0117s, stilingos medin\u0117s kojel\u0117s su chromo intarpais ir patogios metalin\u0117s rankenos suteikia naktiniam staliukui modern\u0173 vaizd\u0105. \u0160is naktinis staliukas puikiai tinka derinti su kitais NAOMI serijos baldais arba naudoti kaip atskiras baldas, leid\u017eiantis jums suasmeninti savo kambario dizain\u0105.<\/p>\n<p>Plotis 56 cm Gylis 39,5 cm Auk\u0161tis 44 cm Produkto svoris su pakuote 17,4 kg Gamintojo kodas \/ simbolis NA-14 Kolekcijos pavadinimas NAOMI Produkto pakuo\u010di\u0173 skai\u010dius 2 Stilius Moderni \u012franga Surinkimo instrukcijos \/ surinkimo priedai Surinkimas Savaranki\u0161kam surinkimui Korpuso spalva rie\u0161utmed\u017eio Vir\u0161utin\u0117 med\u017eiaga \/ tipas \/ storis laminuota med\u017eio dro\u017eli\u0173 plok\u0161t\u0117 16 mm Korpuso med\u017eiaga \/ tipas \/ storis laminuota med\u017eio dro\u017eli\u0173 plok\u0161t\u0117 16 mm Matomos galin\u0117s sienel\u0117s dalis rie\u0161utmed\u017eio spalva Priekin\u0117s spalvos rie\u0161utmed\u017eio\/vengo spalva Priekin\u0117s med\u017eiagos \/ tipas \/ storis MDF plok\u0161t\u0117 18 mm Priekin\u0117 rankena \/ tipas \/ spalva metalin\u0117 Stal\u010di\u0173 b\u0117geliai su rutuliniu guoliu Kojel\u0117 \/ tipas \/ spalva medin\u0117 su chromuotu \u012fd\u0117klu nereguliuojama Stal\u010di\u0173 skai\u010dius 2<\/p>","protected":false},"excerpt":{"rendered":"<p>NAOMI NA14 naktinis staliukas puikiai tinka eleganti\u0161kam miegamajam. Jis neu\u017eima daug vietos, ta\u010diau suteikia papildomos vietos daiktams susid\u0117ti. Naktinis staliukas turi du erdvius stal\u010dius, puikiai tinkan\u010dius visiems reikalingiems daiktams susid\u0117ti, o jo stalvir\u0161is puikiai tinka ap\u0161vietimui ar dekoratyviniams daiktams. Papildomas privalumas \u2013 galimyb\u0117 \u012fsigyti stal\u010di\u0173 stabd\u017eius, [\u2026]<\/p>","protected":false},"featured_media":256250,"comment_status":"open","ping_status":"open","template":"","meta":[],"product_brand":[],"product_cat":[1176,2457],"product_tag":[],"class_list":{"0":"post-256257","1":"product","2":"type-product","3":"status-publish","4":"has-post-thumbnail","6":"product_cat-bedside-tables","7":"product_cat-liveo","9":"first","10":"instock","11":"purchasable","12":"product-type-simple"},"_links":{"self":[{"href":"https:\/\/baldumarket.lt\/lt\/wp-json\/wp\/v2\/product\/256257","targetHints":{"allow":["GET"]}}],"collection":[{"href":"https:\/\/baldumarket.lt\/lt\/wp-json\/wp\/v2\/product"}],"about":[{"href":"https:\/\/baldumarket.lt\/lt\/wp-json\/wp\/v2\/types\/product"}],"replies":[{"embeddable":true,"href":"https:\/\/baldumarket.lt\/lt\/wp-json\/wp\/v2\/comments?post=256257"}],"wp:featuredmedia":[{"embeddable":true,"href":"https:\/\/baldumarket.lt\/lt\/wp-json\/wp\/v2\/media\/256250"}],"wp:attachment":[{"href":"https:\/\/baldumarket.lt\/lt\/wp-json\/wp\/v2\/media?parent=256257"}],"wp:term":[{"taxonomy":"product_brand","embeddable":true,"href":"https:\/\/baldumarket.lt\/lt\/wp-json\/wp\/v2\/product_brand?post=256257"},{"taxonomy":"product_cat","embeddable":true,"href":"https:\/\/baldumarket.lt\/lt\/wp-json\/wp\/v2\/product_cat?post=256257"},{"taxonomy":"product_tag","embeddable":true,"href":"https:\/\/baldumarket.lt\/lt\/wp-json\/wp\/v2\/product_tag?post=256257"}],"curies":[{"name":"wp","href":"https:\/\/api.w.org\/{rel}","templated":true}]}}