{"id":256255,"date":"2026-01-10T22:45:03","date_gmt":"2026-01-10T19:45:03","guid":{"rendered":"https:\/\/baldumarket.lt\/product\/naomi-na12-stol-rozkladany\/"},"modified":"2026-02-11T18:30:39","modified_gmt":"2026-02-11T15:30:39","slug":"naomi-na12-stol-rozkladany","status":"publish","type":"product","link":"https:\/\/baldumarket.lt\/lt\/product\/naomi-na12-stol-rozkladany\/","title":{"rendered":"NAOMI NA12 I\u0160PL\u0116STAMAS STALAS"},"content":{"rendered":"<p>NAOMI NA12 stalas \u2013 puikus sprendimas tiek ma\u017eoms, tiek didel\u0117ms svetain\u0117ms, valgomiesiems ir darbo erdv\u0117ms. Paprastas dizainas suteiks tvarkos ir harmonijos j\u016bs\u0173 interjerui ir tikrai pritrauks daugelio sve\u010di\u0173 ak\u012f. Stalas turi i\u0161traukiam\u0105 funkcij\u0105 (50 cm \u012fd\u0117klas), tod\u0117l j\u012f galima greitai ir lengvai pastatyti. Jis bus nepakei\u010diamas kasdieniams patiekalams ir \u0161eimos susib\u016brimams. Dekoratyvios, \u0161velniai apvalios venge spalvos lentjuost\u0117s kartu su rie\u0161utmed\u017eiu papildo \u012fvairias spalvas, atverdamos plat\u0173 dizaino galimybi\u0173 spektr\u0105. Stalas idealiai tinka derinti su kitais NAOMI serijos baldais arba kaip atskiras baldas, prisitaikantis prie j\u016bs\u0173 kambario interjero.<\/p>\n<p>Plotis 82 cm Ilgis 135-185 cm Auk\u0161tis 76,5 cm Produkto svoris su pakuote 31,1 kg Gamintojo kodas \/ simbolis NA-12 Kolekcijos pavadinimas NAOMI I\u0161traukiama TAIP Produkto pakuo\u010di\u0173 skai\u010dius 3 Stilius Moderni \u012franga Surinkimo instrukcijos \/ surinkimo priedai Surinkimas Savaranki\u0161kam surinkimui Korpuso spalva rie\u0161uto spalvos Stalvir\u0161io med\u017eiaga \/ tipas \/ storis MEDI\u0160K\u0172 PLOK\u0160T\u0116 18 MM \/ MDF18MM Korpuso med\u017eiaga \/ tipas \/ storis Laminuota med\u017eio dro\u017eli\u0173 plok\u0161t\u0117 16 mm Rutulinis stalo kreiptuvas<\/p>","protected":false},"excerpt":{"rendered":"<p>NAOMI NA12 stalas \u2013 puikus sprendimas tiek ma\u017eoms, tiek didel\u0117ms svetain\u0117ms, valgomiesiems ir darbo erdv\u0117ms. Paprastas dizainas suteiks j\u016bs\u0173 interjerui tvarkos ir harmonijos bei tikrai pritrauks daugelio sve\u010di\u0173 ak\u012f. Stalas turi i\u0161traukiam\u0105 funkcij\u0105 (50 cm \u012fd\u0117klas), tod\u0117l j\u012f galima greitai ir lengvai surinkti. [\u2026]<\/p>","protected":false},"featured_media":254804,"comment_status":"open","ping_status":"open","template":"","meta":[],"product_brand":[],"product_cat":[2457,1934],"product_tag":[],"class_list":{"0":"post-256255","1":"product","2":"type-product","3":"status-publish","4":"has-post-thumbnail","6":"product_cat-liveo","7":"product_cat-tables","9":"first","10":"instock","11":"purchasable","12":"product-type-simple"},"_links":{"self":[{"href":"https:\/\/baldumarket.lt\/lt\/wp-json\/wp\/v2\/product\/256255","targetHints":{"allow":["GET"]}}],"collection":[{"href":"https:\/\/baldumarket.lt\/lt\/wp-json\/wp\/v2\/product"}],"about":[{"href":"https:\/\/baldumarket.lt\/lt\/wp-json\/wp\/v2\/types\/product"}],"replies":[{"embeddable":true,"href":"https:\/\/baldumarket.lt\/lt\/wp-json\/wp\/v2\/comments?post=256255"}],"wp:featuredmedia":[{"embeddable":true,"href":"https:\/\/baldumarket.lt\/lt\/wp-json\/wp\/v2\/media\/254804"}],"wp:attachment":[{"href":"https:\/\/baldumarket.lt\/lt\/wp-json\/wp\/v2\/media?parent=256255"}],"wp:term":[{"taxonomy":"product_brand","embeddable":true,"href":"https:\/\/baldumarket.lt\/lt\/wp-json\/wp\/v2\/product_brand?post=256255"},{"taxonomy":"product_cat","embeddable":true,"href":"https:\/\/baldumarket.lt\/lt\/wp-json\/wp\/v2\/product_cat?post=256255"},{"taxonomy":"product_tag","embeddable":true,"href":"https:\/\/baldumarket.lt\/lt\/wp-json\/wp\/v2\/product_tag?post=256255"}],"curies":[{"name":"wp","href":"https:\/\/api.w.org\/{rel}","templated":true}]}}